{"id":727,"date":"2020-06-25T14:27:59","date_gmt":"2020-06-25T12:27:59","guid":{"rendered":"https:\/\/farmaciamila.cat\/?page_id=727"},"modified":"2025-04-17T17:35:52","modified_gmt":"2025-04-17T15:35:52","slug":"suplementacion","status":"publish","type":"page","link":"https:\/\/farmaciamila.cat\/es\/servicios\/suplementacion\/","title":{"rendered":"Suplementaci\u00f3n"},"content":{"rendered":"\n\n\t<section class=\"section\" id=\"section_460912404\">\n\t\t<div class=\"section-bg fill\" >\n\t\t\t<img loading=\"lazy\" decoding=\"async\" width=\"2560\" height=\"1707\" src=\"https:\/\/farmaciamila.cat\/wp-content\/uploads\/2024\/04\/farmacia-mila-suplementacio-scaled.webp\" class=\"bg attachment- size-\" alt=\"\" \/>\t\t\t\t\t\t\n\t\t\t\n\n\t\t<\/div>\n\n\t\t\n\n\t\t<div class=\"section-content relative\">\n\t\t\t\n\n\t<div id=\"gap-365336225\" class=\"gap-element clearfix\" style=\"display:block; height:auto;\">\n\t\t\n<style>\n#gap-365336225 {\n  padding-top: 30px;\n}\n<\/style>\n\t<\/div>\n\t\n\n<div class=\"row align-middle\" style=\"max-width:1300px\" id=\"row-1559307702\">\n\n\n\t<div id=\"col-1077871843\" class=\"col medium-6 small-12 large-6\"  >\n\t\t\t\t<div class=\"col-inner dark\" style=\"background-color:rgba(255, 255, 255, 0.645);\" >\n\t\t\t\n\t\t\t\n\n\t<div id=\"text-3395907233\" class=\"text\">\n\t\t\n\n<h1>Suplementaci\u00f3n<\/h1>\n\t\t\n<style>\n#text-3395907233 {\n  font-size: 1.75rem;\n  color: rgb(0,0,0);\n}\n#text-3395907233 > * {\n  color: rgb(0,0,0);\n}\n@media (min-width:550px) {\n  #text-3395907233 {\n    font-size: 2rem;\n  }\n}\n<\/style>\n\t<\/div>\n\t\n\n\t\t<\/div>\n\t\t\t\t\n<style>\n#col-1077871843 > .col-inner {\n  padding: 20px 20px 0px 20px;\n  border-radius: 10px;\n}\n<\/style>\n\t<\/div>\n\n\t\n\n<\/div>\n\n\t\t<\/div>\n\n\t\t\n<style>\n#section_460912404 {\n  padding-top: 30px;\n  padding-bottom: 30px;\n  min-height: 350px;\n}\n@media (min-width:550px) {\n  #section_460912404 {\n    min-height: 500px;\n  }\n}\n@media (min-width:850px) {\n  #section_460912404 {\n    min-height: 500px;\n  }\n}\n<\/style>\n\t<\/section>\n\t\n\n\t<section class=\"section\" id=\"section_2056816686\">\n\t\t<div class=\"section-bg fill\" >\n\t\t\t\t\t\t\t\t\t\n\t\t\t\n\n\t\t<\/div>\n\n\t\t\n\n\t\t<div class=\"section-content relative\">\n\t\t\t\n\n<div class=\"row align-center\"  id=\"row-979369117\">\n\n\n\t<div id=\"col-1099744879\" class=\"col medium-4 small-12 large-4\"  >\n\t\t\t\t<div class=\"col-inner\"  >\n\t\t\t\n\t\t\t\n\n<ul class=\"sidebar-wrapper ul-reset\"><aside id=\"nav_menu-3\" class=\"widget widget_nav_menu\"><span class=\"widget-title \"><span>Listado de servicios<\/span><\/span><div class=\"is-divider small\"><\/div><div class=\"menu-serveis_menu_es-container\"><ul id=\"menu-serveis_menu_es\" class=\"menu\"><li id=\"menu-item-768\" class=\"menu-item menu-item-type-post_type menu-item-object-page menu-item-768\"><a href=\"https:\/\/farmaciamila.cat\/es\/servicios\/analisis-colesterol-y-azucar\/\">An\u00e1lisis colesterol y az\u00facar<\/a><\/li>\n<li id=\"menu-item-762\" class=\"menu-item menu-item-type-post_type menu-item-object-page menu-item-762\"><a href=\"https:\/\/farmaciamila.cat\/es\/servicios\/tension-arterial\/\">Tensi\u00f3n arterial<\/a><\/li>\n<li id=\"menu-item-764\" class=\"menu-item menu-item-type-post_type menu-item-object-page menu-item-764\"><a href=\"https:\/\/farmaciamila.cat\/es\/servicios\/preparacion-medicacion\/\">Preparaci\u00f3n medicaci\u00f3n<\/a><\/li>\n<li id=\"menu-item-769\" class=\"menu-item menu-item-type-post_type menu-item-object-page menu-item-769\"><a href=\"https:\/\/farmaciamila.cat\/es\/servicios\/dermocosmetica\/\">Dermocosm\u00e9tica<\/a><\/li>\n<li id=\"menu-item-765\" class=\"menu-item menu-item-type-post_type menu-item-object-page menu-item-765\"><a href=\"https:\/\/farmaciamila.cat\/es\/servicios\/nutricion\/\">Nutrici\u00f3n<\/a><\/li>\n<li id=\"menu-item-767\" class=\"menu-item menu-item-type-post_type menu-item-object-page menu-item-767\"><a href=\"https:\/\/farmaciamila.cat\/es\/servicios\/formulas-magistrales\/\">F\u00f3rmulas magistrales<\/a><\/li>\n<li id=\"menu-item-766\" class=\"menu-item menu-item-type-post_type menu-item-object-page menu-item-766\"><a href=\"https:\/\/farmaciamila.cat\/es\/servicios\/bebes-y-madres\/\">Beb\u00e9s y madres<\/a><\/li>\n<li id=\"menu-item-763\" class=\"menu-item menu-item-type-post_type menu-item-object-page menu-item-763\"><a href=\"https:\/\/farmaciamila.cat\/es\/servicios\/suplementacion\/\">Suplementaci\u00f3n<\/a><\/li>\n<\/ul><\/div><\/aside><\/ul>\n\n\n\t\t<\/div>\n\t\t\t\t\t<\/div>\n\n\t\n\n\t<div id=\"col-1630526847\" class=\"col medium-8 small-12 large-8\"  >\n\t\t\t\t<div class=\"col-inner text-left\"  >\n\t\t\t\n\t\t\t\n\n\t<div id=\"text-2854945932\" class=\"text\">\n\t\t\n\n<p>La farmacia Mil\u00e0 es un espacio dedicado a mejorar tu salud tanto f\u00edsica como emocional con una amplia gama de suplementos y tratamientos. Mediante la correcci\u00f3n del desequilibrio de la flora intestinal, nuestros servicios ayudan a paliar problemas digestivos y cubrir carencias nutricionales derivadas del estilo de vida actual.<\/p>\n<p>Esta farmacia se dedica a restaurar el equilibrio bionutricional, optimizar su funcionamiento celular y mejorar el estado general del organismo. Ofrecemos servicios tales como prevenci\u00f3n de enfermedades y promoci\u00f3n activa de la salud para garantizar un \u00f3ptimo bienestar a nuestros clientes.<\/p>\n<p>Nuestra prioridad es proporcionarte las herramientas necesarias para cuidar de tu cuerpo y mente de forma integral, ayud\u00e1ndote a vivir una vida m\u00e1s saludable y plena. Vis\u00edtanos hoy mismo para descubrir c\u00f3mo podemos ayudarte a alcanzar tus objetivos de salud y bienestar.<\/p>\n\t\t\n<style>\n#text-2854945932 {\n  color: rgb(0,0,0);\n}\n#text-2854945932 > * {\n  color: rgb(0,0,0);\n}\n<\/style>\n\t<\/div>\n\t\n<a href=\"https:\/\/farmaciamila.cat\/es\/contacto\/\" class=\"button primary is-large\" style=\"border-radius:10px;padding:5px 20px 5px 20px;\">\n\t\t<span>Contacta con nosotros<\/span>\n\t<\/a>\n\n\n\n\t\t<\/div>\n\t\t\t\t\t<\/div>\n\n\t\n\n<\/div>\n\n\t\t<\/div>\n\n\t\t\n<style>\n#section_2056816686 {\n  padding-top: 30px;\n  padding-bottom: 30px;\n}\n<\/style>\n\t<\/section>\n\t\n\n","protected":false},"excerpt":{"rendered":"","protected":false},"author":1,"featured_media":0,"parent":706,"menu_order":0,"comment_status":"closed","ping_status":"closed","template":"","meta":{"footnotes":""},"class_list":["post-727","page","type-page","status-publish","hentry"],"yoast_head":"<!-- This site is optimized with the Yoast SEO plugin v27.4 - https:\/\/yoast.com\/product\/yoast-seo-wordpress\/ -->\n<title>Suplementos Alimenticios | Farmacia Mil\u00e0<\/title>\n<meta name=\"description\" content=\"Descubre nuestra amplia gama de suplementos alimenticios para deportistas, futuras madres, gente mayor... Salud y bienestar a tu alcance. \u00a1Vis\u00edtanos!\" \/>\n<meta name=\"robots\" content=\"index, follow, max-snippet:-1, max-image-preview:large, max-video-preview:-1\" \/>\n<link rel=\"canonical\" href=\"https:\/\/farmaciamila.cat\/es\/servicios\/suplementacion\/\" \/>\n<meta property=\"og:locale\" content=\"es_ES\" \/>\n<meta property=\"og:type\" content=\"article\" \/>\n<meta property=\"og:title\" content=\"Suplementos Alimenticios | Farmacia Mil\u00e0\" \/>\n<meta property=\"og:description\" content=\"Descubre nuestra amplia gama de suplementos alimenticios para deportistas, futuras madres, gente mayor... Salud y bienestar a tu alcance. \u00a1Vis\u00edtanos!\" \/>\n<meta property=\"og:url\" content=\"https:\/\/farmaciamila.cat\/es\/servicios\/suplementacion\/\" \/>\n<meta property=\"og:site_name\" content=\"Farmacia Mila | Sempre al teu costat\" \/>\n<meta property=\"article:publisher\" content=\"https:\/\/www.facebook.com\/farmaciamilagranollers\/\" \/>\n<meta property=\"article:modified_time\" content=\"2025-04-17T15:35:52+00:00\" \/>\n<meta name=\"twitter:card\" content=\"summary_large_image\" \/>\n<meta name=\"twitter:label1\" content=\"Tiempo de lectura\" \/>\n\t<meta name=\"twitter:data1\" content=\"1 minuto\" \/>\n<script type=\"application\/ld+json\" class=\"yoast-schema-graph\">{\"@context\":\"https:\\\/\\\/schema.org\",\"@graph\":[{\"@type\":\"WebPage\",\"@id\":\"https:\\\/\\\/farmaciamila.cat\\\/es\\\/servicios\\\/suplementacion\\\/\",\"url\":\"https:\\\/\\\/farmaciamila.cat\\\/es\\\/servicios\\\/suplementacion\\\/\",\"name\":\"Suplementos Alimenticios | Farmacia Mil\u00e0\",\"isPartOf\":{\"@id\":\"https:\\\/\\\/farmaciamila.cat\\\/es\\\/#website\"},\"datePublished\":\"2020-06-25T12:27:59+00:00\",\"dateModified\":\"2025-04-17T15:35:52+00:00\",\"description\":\"Descubre nuestra amplia gama de suplementos alimenticios para deportistas, futuras madres, gente mayor... Salud y bienestar a tu alcance. \u00a1Vis\u00edtanos!\",\"breadcrumb\":{\"@id\":\"https:\\\/\\\/farmaciamila.cat\\\/es\\\/servicios\\\/suplementacion\\\/#breadcrumb\"},\"inLanguage\":\"es\",\"potentialAction\":[{\"@type\":\"ReadAction\",\"target\":[\"https:\\\/\\\/farmaciamila.cat\\\/es\\\/servicios\\\/suplementacion\\\/\"]}]},{\"@type\":\"BreadcrumbList\",\"@id\":\"https:\\\/\\\/farmaciamila.cat\\\/es\\\/servicios\\\/suplementacion\\\/#breadcrumb\",\"itemListElement\":[{\"@type\":\"ListItem\",\"position\":1,\"name\":\"Home\",\"item\":\"https:\\\/\\\/farmaciamila.cat\\\/es\\\/inicio\\\/\"},{\"@type\":\"ListItem\",\"position\":2,\"name\":\"Servicios\",\"item\":\"https:\\\/\\\/farmaciamila.cat\\\/es\\\/servicios\\\/\"},{\"@type\":\"ListItem\",\"position\":3,\"name\":\"Suplementaci\u00f3n\"}]},{\"@type\":\"WebSite\",\"@id\":\"https:\\\/\\\/farmaciamila.cat\\\/es\\\/#website\",\"url\":\"https:\\\/\\\/farmaciamila.cat\\\/es\\\/\",\"name\":\"Farmacia Mila | Sempre al teu costat\",\"description\":\"Tenim cura de tu i dels teus\",\"publisher\":{\"@id\":\"https:\\\/\\\/farmaciamila.cat\\\/es\\\/#organization\"},\"potentialAction\":[{\"@type\":\"SearchAction\",\"target\":{\"@type\":\"EntryPoint\",\"urlTemplate\":\"https:\\\/\\\/farmaciamila.cat\\\/es\\\/?s={search_term_string}\"},\"query-input\":{\"@type\":\"PropertyValueSpecification\",\"valueRequired\":true,\"valueName\":\"search_term_string\"}}],\"inLanguage\":\"es\"},{\"@type\":\"Organization\",\"@id\":\"https:\\\/\\\/farmaciamila.cat\\\/es\\\/#organization\",\"name\":\"Farmacia Mila\",\"url\":\"https:\\\/\\\/farmaciamila.cat\\\/es\\\/\",\"logo\":{\"@type\":\"ImageObject\",\"inLanguage\":\"es\",\"@id\":\"https:\\\/\\\/farmaciamila.cat\\\/es\\\/#\\\/schema\\\/logo\\\/image\\\/\",\"url\":\"https:\\\/\\\/farmaciamila.cat\\\/wp-content\\\/uploads\\\/2020\\\/06\\\/logo_quadrat.png\",\"contentUrl\":\"https:\\\/\\\/farmaciamila.cat\\\/wp-content\\\/uploads\\\/2020\\\/06\\\/logo_quadrat.png\",\"width\":500,\"height\":500,\"caption\":\"Farmacia Mila\"},\"image\":{\"@id\":\"https:\\\/\\\/farmaciamila.cat\\\/es\\\/#\\\/schema\\\/logo\\\/image\\\/\"},\"sameAs\":[\"https:\\\/\\\/www.facebook.com\\\/farmaciamilagranollers\\\/\",\"https:\\\/\\\/www.instagram.com\\\/farmacia.mila\\\/\"]}]}<\/script>\n<!-- \/ Yoast SEO plugin. -->","yoast_head_json":{"title":"Suplementos Alimenticios | Farmacia Mil\u00e0","description":"Descubre nuestra amplia gama de suplementos alimenticios para deportistas, futuras madres, gente mayor... Salud y bienestar a tu alcance. \u00a1Vis\u00edtanos!","robots":{"index":"index","follow":"follow","max-snippet":"max-snippet:-1","max-image-preview":"max-image-preview:large","max-video-preview":"max-video-preview:-1"},"canonical":"https:\/\/farmaciamila.cat\/es\/servicios\/suplementacion\/","og_locale":"es_ES","og_type":"article","og_title":"Suplementos Alimenticios | Farmacia Mil\u00e0","og_description":"Descubre nuestra amplia gama de suplementos alimenticios para deportistas, futuras madres, gente mayor... Salud y bienestar a tu alcance. \u00a1Vis\u00edtanos!","og_url":"https:\/\/farmaciamila.cat\/es\/servicios\/suplementacion\/","og_site_name":"Farmacia Mila | Sempre al teu costat","article_publisher":"https:\/\/www.facebook.com\/farmaciamilagranollers\/","article_modified_time":"2025-04-17T15:35:52+00:00","twitter_card":"summary_large_image","twitter_misc":{"Tiempo de lectura":"1 minuto"},"schema":{"@context":"https:\/\/schema.org","@graph":[{"@type":"WebPage","@id":"https:\/\/farmaciamila.cat\/es\/servicios\/suplementacion\/","url":"https:\/\/farmaciamila.cat\/es\/servicios\/suplementacion\/","name":"Suplementos Alimenticios | Farmacia Mil\u00e0","isPartOf":{"@id":"https:\/\/farmaciamila.cat\/es\/#website"},"datePublished":"2020-06-25T12:27:59+00:00","dateModified":"2025-04-17T15:35:52+00:00","description":"Descubre nuestra amplia gama de suplementos alimenticios para deportistas, futuras madres, gente mayor... Salud y bienestar a tu alcance. \u00a1Vis\u00edtanos!","breadcrumb":{"@id":"https:\/\/farmaciamila.cat\/es\/servicios\/suplementacion\/#breadcrumb"},"inLanguage":"es","potentialAction":[{"@type":"ReadAction","target":["https:\/\/farmaciamila.cat\/es\/servicios\/suplementacion\/"]}]},{"@type":"BreadcrumbList","@id":"https:\/\/farmaciamila.cat\/es\/servicios\/suplementacion\/#breadcrumb","itemListElement":[{"@type":"ListItem","position":1,"name":"Home","item":"https:\/\/farmaciamila.cat\/es\/inicio\/"},{"@type":"ListItem","position":2,"name":"Servicios","item":"https:\/\/farmaciamila.cat\/es\/servicios\/"},{"@type":"ListItem","position":3,"name":"Suplementaci\u00f3n"}]},{"@type":"WebSite","@id":"https:\/\/farmaciamila.cat\/es\/#website","url":"https:\/\/farmaciamila.cat\/es\/","name":"Farmacia Mila | Sempre al teu costat","description":"Tenim cura de tu i dels teus","publisher":{"@id":"https:\/\/farmaciamila.cat\/es\/#organization"},"potentialAction":[{"@type":"SearchAction","target":{"@type":"EntryPoint","urlTemplate":"https:\/\/farmaciamila.cat\/es\/?s={search_term_string}"},"query-input":{"@type":"PropertyValueSpecification","valueRequired":true,"valueName":"search_term_string"}}],"inLanguage":"es"},{"@type":"Organization","@id":"https:\/\/farmaciamila.cat\/es\/#organization","name":"Farmacia Mila","url":"https:\/\/farmaciamila.cat\/es\/","logo":{"@type":"ImageObject","inLanguage":"es","@id":"https:\/\/farmaciamila.cat\/es\/#\/schema\/logo\/image\/","url":"https:\/\/farmaciamila.cat\/wp-content\/uploads\/2020\/06\/logo_quadrat.png","contentUrl":"https:\/\/farmaciamila.cat\/wp-content\/uploads\/2020\/06\/logo_quadrat.png","width":500,"height":500,"caption":"Farmacia Mila"},"image":{"@id":"https:\/\/farmaciamila.cat\/es\/#\/schema\/logo\/image\/"},"sameAs":["https:\/\/www.facebook.com\/farmaciamilagranollers\/","https:\/\/www.instagram.com\/farmacia.mila\/"]}]}},"_links":{"self":[{"href":"https:\/\/farmaciamila.cat\/es\/wp-json\/wp\/v2\/pages\/727","targetHints":{"allow":["GET"]}}],"collection":[{"href":"https:\/\/farmaciamila.cat\/es\/wp-json\/wp\/v2\/pages"}],"about":[{"href":"https:\/\/farmaciamila.cat\/es\/wp-json\/wp\/v2\/types\/page"}],"author":[{"embeddable":true,"href":"https:\/\/farmaciamila.cat\/es\/wp-json\/wp\/v2\/users\/1"}],"replies":[{"embeddable":true,"href":"https:\/\/farmaciamila.cat\/es\/wp-json\/wp\/v2\/comments?post=727"}],"version-history":[{"count":12,"href":"https:\/\/farmaciamila.cat\/es\/wp-json\/wp\/v2\/pages\/727\/revisions"}],"predecessor-version":[{"id":1630,"href":"https:\/\/farmaciamila.cat\/es\/wp-json\/wp\/v2\/pages\/727\/revisions\/1630"}],"up":[{"embeddable":true,"href":"https:\/\/farmaciamila.cat\/es\/wp-json\/wp\/v2\/pages\/706"}],"wp:attachment":[{"href":"https:\/\/farmaciamila.cat\/es\/wp-json\/wp\/v2\/media?parent=727"}],"curies":[{"name":"wp","href":"https:\/\/api.w.org\/{rel}","templated":true}]}}