{"id":721,"date":"2020-06-25T14:02:53","date_gmt":"2020-06-25T12:02:53","guid":{"rendered":"https:\/\/farmaciamila.cat\/?page_id=721"},"modified":"2024-09-23T13:08:45","modified_gmt":"2024-09-23T11:08:45","slug":"nutricion","status":"publish","type":"page","link":"https:\/\/farmaciamila.cat\/es\/servicios\/nutricion\/","title":{"rendered":"Nutrici\u00f3n"},"content":{"rendered":"\n\n\t<section class=\"section\" id=\"section_852253819\">\n\t\t<div class=\"section-bg fill\" >\n\t\t\t<img loading=\"lazy\" decoding=\"async\" width=\"2560\" height=\"1707\" src=\"https:\/\/farmaciamila.cat\/wp-content\/uploads\/2024\/04\/farmacia-mila-servei-nutricio-scaled.webp\" class=\"bg attachment- size-\" alt=\"\" \/>\t\t\t\t\t\t\n\t\t\t\n\n\t\t<\/div>\n\n\t\t\n\n\t\t<div class=\"section-content relative\">\n\t\t\t\n\n\t<div id=\"gap-1886250266\" class=\"gap-element clearfix\" style=\"display:block; height:auto;\">\n\t\t\n<style>\n#gap-1886250266 {\n  padding-top: 30px;\n}\n<\/style>\n\t<\/div>\n\t\n\n<div class=\"row align-middle\" style=\"max-width:1300px\" id=\"row-396773360\">\n\n\n\t<div id=\"col-215117106\" class=\"col medium-9 small-12 large-9\"  >\n\t\t\t\t<div class=\"col-inner dark\" style=\"background-color:rgba(255, 255, 255, 0.645);\" >\n\t\t\t\n\t\t\t\n\n\t<div id=\"text-2326427101\" class=\"text\">\n\t\t\n\n<h1>Nutrici\u00f3n y h\u00e1bitos saludables<\/h1>\n\n\t\t\n<style>\n#text-2326427101 {\n  font-size: 1.75rem;\n  color: rgb(0,0,0);\n}\n#text-2326427101 > * {\n  color: rgb(0,0,0);\n}\n@media (min-width:550px) {\n  #text-2326427101 {\n    font-size: 2rem;\n  }\n}\n<\/style>\n\t<\/div>\n\t\n\n\t\t<\/div>\n\t\t\t\t\n<style>\n#col-215117106 > .col-inner {\n  padding: 20px 20px 0px 20px;\n  border-radius: 10px;\n}\n<\/style>\n\t<\/div>\n\n\t\n\n<\/div>\n\n\t\t<\/div>\n\n\t\t\n<style>\n#section_852253819 {\n  padding-top: 30px;\n  padding-bottom: 30px;\n  min-height: 350px;\n}\n@media (min-width:550px) {\n  #section_852253819 {\n    min-height: 500px;\n  }\n}\n@media (min-width:850px) {\n  #section_852253819 {\n    min-height: 500px;\n  }\n}\n<\/style>\n\t<\/section>\n\t\n\n\t<section class=\"section\" id=\"section_1831216835\">\n\t\t<div class=\"section-bg fill\" >\n\t\t\t\t\t\t\t\t\t\n\t\t\t\n\n\t\t<\/div>\n\n\t\t\n\n\t\t<div class=\"section-content relative\">\n\t\t\t\n\n<div class=\"row align-center\"  id=\"row-1387481318\">\n\n\n\t<div id=\"col-1018978304\" class=\"col medium-4 small-12 large-4\"  >\n\t\t\t\t<div class=\"col-inner\"  >\n\t\t\t\n\t\t\t\n\n<ul class=\"sidebar-wrapper ul-reset\"><aside id=\"nav_menu-3\" class=\"widget widget_nav_menu\"><span class=\"widget-title \"><span>Listado de servicios<\/span><\/span><div class=\"is-divider small\"><\/div><div class=\"menu-serveis_menu_es-container\"><ul id=\"menu-serveis_menu_es\" class=\"menu\"><li id=\"menu-item-768\" class=\"menu-item menu-item-type-post_type menu-item-object-page menu-item-768\"><a href=\"https:\/\/farmaciamila.cat\/es\/servicios\/analisis-colesterol-y-azucar\/\">An\u00e1lisis colesterol y az\u00facar<\/a><\/li>\n<li id=\"menu-item-762\" class=\"menu-item menu-item-type-post_type menu-item-object-page menu-item-762\"><a href=\"https:\/\/farmaciamila.cat\/es\/servicios\/tension-arterial\/\">Tensi\u00f3n arterial<\/a><\/li>\n<li id=\"menu-item-764\" class=\"menu-item menu-item-type-post_type menu-item-object-page menu-item-764\"><a href=\"https:\/\/farmaciamila.cat\/es\/servicios\/preparacion-medicacion\/\">Preparaci\u00f3n medicaci\u00f3n<\/a><\/li>\n<li id=\"menu-item-769\" class=\"menu-item menu-item-type-post_type menu-item-object-page menu-item-769\"><a href=\"https:\/\/farmaciamila.cat\/es\/servicios\/dermocosmetica\/\">Dermocosm\u00e9tica<\/a><\/li>\n<li id=\"menu-item-765\" class=\"menu-item menu-item-type-post_type menu-item-object-page menu-item-765\"><a href=\"https:\/\/farmaciamila.cat\/es\/servicios\/nutricion\/\">Nutrici\u00f3n<\/a><\/li>\n<li id=\"menu-item-767\" class=\"menu-item menu-item-type-post_type menu-item-object-page menu-item-767\"><a href=\"https:\/\/farmaciamila.cat\/es\/servicios\/formulas-magistrales\/\">F\u00f3rmulas magistrales<\/a><\/li>\n<li id=\"menu-item-766\" class=\"menu-item menu-item-type-post_type menu-item-object-page menu-item-766\"><a href=\"https:\/\/farmaciamila.cat\/es\/servicios\/bebes-y-madres\/\">Beb\u00e9s y madres<\/a><\/li>\n<li id=\"menu-item-763\" class=\"menu-item menu-item-type-post_type menu-item-object-page menu-item-763\"><a href=\"https:\/\/farmaciamila.cat\/es\/servicios\/suplementacion\/\">Suplementaci\u00f3n<\/a><\/li>\n<\/ul><\/div><\/aside><\/ul>\n\n\n\t\t<\/div>\n\t\t\t\t\t<\/div>\n\n\t\n\n\t<div id=\"col-1966139522\" class=\"col medium-8 small-12 large-8\"  >\n\t\t\t\t<div class=\"col-inner text-left\"  >\n\t\t\t\n\t\t\t\n\n\t<div id=\"text-3657854355\" class=\"text\">\n\t\t\n\n<p>En nuestra farmacia sabemos que seguir una dieta adecuada es fundamental para mantener una buena salud. Por eso ofrecemos servicios de consejo diet\u00e9tico personalizado a cargo de nuestra nutricionista diplomada. Tenemos una amplia gama de productos disponibles para ayudarte a conseguir tus objetivos relacionados con la salud y la nutrici\u00f3n.<\/p>\n<p>Nuestros servicios incluyen asesoramiento en problemas de peso, dietas prote\u00ednadas, mantenimiento de una alimentaci\u00f3n saludable, nutrici\u00f3n deportiva y tambi\u00e9n soporte para mujeres embarazadas y madres lactantes. Disfrutar de una buena salud comienza por cuidar tu cuerpo desde la alimentaci\u00f3n, y nosotros estamos aqu\u00ed para ayudarte en este camino hacia el bienestar.<\/p>\n<p>Desde los m\u00e1s peque\u00f1os detalles hasta grandes retos en materia de salud, nuestra prioridad es proporcionarte las herramientas y recursos necesarios para mejorar tu estilo de vida mediante una alimentaci\u00f3n equilibrada y saludable. Ven a conocer nuestras instalaciones y descubre todos los servicios que tenemos disponible para ayudarte a cuidar de tu salud desde la alimentaci\u00f3n correcta.<\/p>\n\t\t\n<style>\n#text-3657854355 {\n  color: rgb(0,0,0);\n}\n#text-3657854355 > * {\n  color: rgb(0,0,0);\n}\n<\/style>\n\t<\/div>\n\t\n<a href=\"https:\/\/farmaciamila.cat\/es\/contacto\/\" class=\"button primary is-large\" style=\"border-radius:10px;padding:5px 20px 5px 20px;\">\n\t\t<span>Contacta con nosotros<\/span>\n\t<\/a>\n\n\n\n\t\t<\/div>\n\t\t\t\t\t<\/div>\n\n\t\n\n<\/div>\n\n\t\t<\/div>\n\n\t\t\n<style>\n#section_1831216835 {\n  padding-top: 30px;\n  padding-bottom: 30px;\n}\n<\/style>\n\t<\/section>\n\t\n\n","protected":false},"excerpt":{"rendered":"","protected":false},"author":1,"featured_media":0,"parent":706,"menu_order":0,"comment_status":"closed","ping_status":"closed","template":"","meta":{"footnotes":""},"class_list":["post-721","page","type-page","status-publish","hentry"],"yoast_head":"<!-- This site is optimized with the Yoast SEO plugin v27.5 - https:\/\/yoast.com\/product\/yoast-seo-wordpress\/ -->\n<title>Nutricionista en farmacia - Pide Cita | Farmacia Mil\u00e0<\/title>\n<meta name=\"description\" content=\"Agenda tu cita con nuestra nutricionista y mejora tu salud. Servicios personalizados de nutrici\u00f3n en nuestra farmacia. \u00a1Vis\u00edtanos!\" \/>\n<meta name=\"robots\" content=\"index, follow, max-snippet:-1, max-image-preview:large, max-video-preview:-1\" \/>\n<link rel=\"canonical\" href=\"https:\/\/farmaciamila.cat\/es\/servicios\/nutricion\/\" \/>\n<meta property=\"og:locale\" content=\"es_ES\" \/>\n<meta property=\"og:type\" content=\"article\" \/>\n<meta property=\"og:title\" content=\"Nutricionista en farmacia - Pide Cita | Farmacia Mil\u00e0\" \/>\n<meta property=\"og:description\" content=\"Agenda tu cita con nuestra nutricionista y mejora tu salud. Servicios personalizados de nutrici\u00f3n en nuestra farmacia. \u00a1Vis\u00edtanos!\" \/>\n<meta property=\"og:url\" content=\"https:\/\/farmaciamila.cat\/es\/servicios\/nutricion\/\" \/>\n<meta property=\"og:site_name\" content=\"Farmacia Mila | Sempre al teu costat\" \/>\n<meta property=\"article:publisher\" content=\"https:\/\/www.facebook.com\/farmaciamilagranollers\/\" \/>\n<meta property=\"article:modified_time\" content=\"2024-09-23T11:08:45+00:00\" \/>\n<meta name=\"twitter:card\" content=\"summary_large_image\" \/>\n<meta name=\"twitter:label1\" content=\"Tiempo de lectura\" \/>\n\t<meta name=\"twitter:data1\" content=\"1 minuto\" \/>\n<script type=\"application\/ld+json\" class=\"yoast-schema-graph\">{\"@context\":\"https:\\\/\\\/schema.org\",\"@graph\":[{\"@type\":\"WebPage\",\"@id\":\"https:\\\/\\\/farmaciamila.cat\\\/es\\\/servicios\\\/nutricion\\\/\",\"url\":\"https:\\\/\\\/farmaciamila.cat\\\/es\\\/servicios\\\/nutricion\\\/\",\"name\":\"Nutricionista en farmacia - Pide Cita | Farmacia Mil\u00e0\",\"isPartOf\":{\"@id\":\"https:\\\/\\\/farmaciamila.cat\\\/es\\\/#website\"},\"datePublished\":\"2020-06-25T12:02:53+00:00\",\"dateModified\":\"2024-09-23T11:08:45+00:00\",\"description\":\"Agenda tu cita con nuestra nutricionista y mejora tu salud. Servicios personalizados de nutrici\u00f3n en nuestra farmacia. \u00a1Vis\u00edtanos!\",\"breadcrumb\":{\"@id\":\"https:\\\/\\\/farmaciamila.cat\\\/es\\\/servicios\\\/nutricion\\\/#breadcrumb\"},\"inLanguage\":\"es\",\"potentialAction\":[{\"@type\":\"ReadAction\",\"target\":[\"https:\\\/\\\/farmaciamila.cat\\\/es\\\/servicios\\\/nutricion\\\/\"]}]},{\"@type\":\"BreadcrumbList\",\"@id\":\"https:\\\/\\\/farmaciamila.cat\\\/es\\\/servicios\\\/nutricion\\\/#breadcrumb\",\"itemListElement\":[{\"@type\":\"ListItem\",\"position\":1,\"name\":\"Home\",\"item\":\"https:\\\/\\\/farmaciamila.cat\\\/es\\\/inicio\\\/\"},{\"@type\":\"ListItem\",\"position\":2,\"name\":\"Servicios\",\"item\":\"https:\\\/\\\/farmaciamila.cat\\\/es\\\/servicios\\\/\"},{\"@type\":\"ListItem\",\"position\":3,\"name\":\"Nutrici\u00f3n\"}]},{\"@type\":\"WebSite\",\"@id\":\"https:\\\/\\\/farmaciamila.cat\\\/es\\\/#website\",\"url\":\"https:\\\/\\\/farmaciamila.cat\\\/es\\\/\",\"name\":\"Farmacia Mila | Sempre al teu costat\",\"description\":\"Tenim cura de tu i dels teus\",\"publisher\":{\"@id\":\"https:\\\/\\\/farmaciamila.cat\\\/es\\\/#organization\"},\"potentialAction\":[{\"@type\":\"SearchAction\",\"target\":{\"@type\":\"EntryPoint\",\"urlTemplate\":\"https:\\\/\\\/farmaciamila.cat\\\/es\\\/?s={search_term_string}\"},\"query-input\":{\"@type\":\"PropertyValueSpecification\",\"valueRequired\":true,\"valueName\":\"search_term_string\"}}],\"inLanguage\":\"es\"},{\"@type\":\"Organization\",\"@id\":\"https:\\\/\\\/farmaciamila.cat\\\/es\\\/#organization\",\"name\":\"Farmacia Mila\",\"url\":\"https:\\\/\\\/farmaciamila.cat\\\/es\\\/\",\"logo\":{\"@type\":\"ImageObject\",\"inLanguage\":\"es\",\"@id\":\"https:\\\/\\\/farmaciamila.cat\\\/es\\\/#\\\/schema\\\/logo\\\/image\\\/\",\"url\":\"https:\\\/\\\/farmaciamila.cat\\\/wp-content\\\/uploads\\\/2020\\\/06\\\/logo_quadrat.png\",\"contentUrl\":\"https:\\\/\\\/farmaciamila.cat\\\/wp-content\\\/uploads\\\/2020\\\/06\\\/logo_quadrat.png\",\"width\":500,\"height\":500,\"caption\":\"Farmacia Mila\"},\"image\":{\"@id\":\"https:\\\/\\\/farmaciamila.cat\\\/es\\\/#\\\/schema\\\/logo\\\/image\\\/\"},\"sameAs\":[\"https:\\\/\\\/www.facebook.com\\\/farmaciamilagranollers\\\/\",\"https:\\\/\\\/www.instagram.com\\\/farmacia.mila\\\/\"]}]}<\/script>\n<!-- \/ Yoast SEO plugin. -->","yoast_head_json":{"title":"Nutricionista en farmacia - Pide Cita | Farmacia Mil\u00e0","description":"Agenda tu cita con nuestra nutricionista y mejora tu salud. Servicios personalizados de nutrici\u00f3n en nuestra farmacia. \u00a1Vis\u00edtanos!","robots":{"index":"index","follow":"follow","max-snippet":"max-snippet:-1","max-image-preview":"max-image-preview:large","max-video-preview":"max-video-preview:-1"},"canonical":"https:\/\/farmaciamila.cat\/es\/servicios\/nutricion\/","og_locale":"es_ES","og_type":"article","og_title":"Nutricionista en farmacia - Pide Cita | Farmacia Mil\u00e0","og_description":"Agenda tu cita con nuestra nutricionista y mejora tu salud. Servicios personalizados de nutrici\u00f3n en nuestra farmacia. \u00a1Vis\u00edtanos!","og_url":"https:\/\/farmaciamila.cat\/es\/servicios\/nutricion\/","og_site_name":"Farmacia Mila | Sempre al teu costat","article_publisher":"https:\/\/www.facebook.com\/farmaciamilagranollers\/","article_modified_time":"2024-09-23T11:08:45+00:00","twitter_card":"summary_large_image","twitter_misc":{"Tiempo de lectura":"1 minuto"},"schema":{"@context":"https:\/\/schema.org","@graph":[{"@type":"WebPage","@id":"https:\/\/farmaciamila.cat\/es\/servicios\/nutricion\/","url":"https:\/\/farmaciamila.cat\/es\/servicios\/nutricion\/","name":"Nutricionista en farmacia - Pide Cita | Farmacia Mil\u00e0","isPartOf":{"@id":"https:\/\/farmaciamila.cat\/es\/#website"},"datePublished":"2020-06-25T12:02:53+00:00","dateModified":"2024-09-23T11:08:45+00:00","description":"Agenda tu cita con nuestra nutricionista y mejora tu salud. Servicios personalizados de nutrici\u00f3n en nuestra farmacia. \u00a1Vis\u00edtanos!","breadcrumb":{"@id":"https:\/\/farmaciamila.cat\/es\/servicios\/nutricion\/#breadcrumb"},"inLanguage":"es","potentialAction":[{"@type":"ReadAction","target":["https:\/\/farmaciamila.cat\/es\/servicios\/nutricion\/"]}]},{"@type":"BreadcrumbList","@id":"https:\/\/farmaciamila.cat\/es\/servicios\/nutricion\/#breadcrumb","itemListElement":[{"@type":"ListItem","position":1,"name":"Home","item":"https:\/\/farmaciamila.cat\/es\/inicio\/"},{"@type":"ListItem","position":2,"name":"Servicios","item":"https:\/\/farmaciamila.cat\/es\/servicios\/"},{"@type":"ListItem","position":3,"name":"Nutrici\u00f3n"}]},{"@type":"WebSite","@id":"https:\/\/farmaciamila.cat\/es\/#website","url":"https:\/\/farmaciamila.cat\/es\/","name":"Farmacia Mila | Sempre al teu costat","description":"Tenim cura de tu i dels teus","publisher":{"@id":"https:\/\/farmaciamila.cat\/es\/#organization"},"potentialAction":[{"@type":"SearchAction","target":{"@type":"EntryPoint","urlTemplate":"https:\/\/farmaciamila.cat\/es\/?s={search_term_string}"},"query-input":{"@type":"PropertyValueSpecification","valueRequired":true,"valueName":"search_term_string"}}],"inLanguage":"es"},{"@type":"Organization","@id":"https:\/\/farmaciamila.cat\/es\/#organization","name":"Farmacia Mila","url":"https:\/\/farmaciamila.cat\/es\/","logo":{"@type":"ImageObject","inLanguage":"es","@id":"https:\/\/farmaciamila.cat\/es\/#\/schema\/logo\/image\/","url":"https:\/\/farmaciamila.cat\/wp-content\/uploads\/2020\/06\/logo_quadrat.png","contentUrl":"https:\/\/farmaciamila.cat\/wp-content\/uploads\/2020\/06\/logo_quadrat.png","width":500,"height":500,"caption":"Farmacia Mila"},"image":{"@id":"https:\/\/farmaciamila.cat\/es\/#\/schema\/logo\/image\/"},"sameAs":["https:\/\/www.facebook.com\/farmaciamilagranollers\/","https:\/\/www.instagram.com\/farmacia.mila\/"]}]}},"_links":{"self":[{"href":"https:\/\/farmaciamila.cat\/es\/wp-json\/wp\/v2\/pages\/721","targetHints":{"allow":["GET"]}}],"collection":[{"href":"https:\/\/farmaciamila.cat\/es\/wp-json\/wp\/v2\/pages"}],"about":[{"href":"https:\/\/farmaciamila.cat\/es\/wp-json\/wp\/v2\/types\/page"}],"author":[{"embeddable":true,"href":"https:\/\/farmaciamila.cat\/es\/wp-json\/wp\/v2\/users\/1"}],"replies":[{"embeddable":true,"href":"https:\/\/farmaciamila.cat\/es\/wp-json\/wp\/v2\/comments?post=721"}],"version-history":[{"count":12,"href":"https:\/\/farmaciamila.cat\/es\/wp-json\/wp\/v2\/pages\/721\/revisions"}],"predecessor-version":[{"id":1571,"href":"https:\/\/farmaciamila.cat\/es\/wp-json\/wp\/v2\/pages\/721\/revisions\/1571"}],"up":[{"embeddable":true,"href":"https:\/\/farmaciamila.cat\/es\/wp-json\/wp\/v2\/pages\/706"}],"wp:attachment":[{"href":"https:\/\/farmaciamila.cat\/es\/wp-json\/wp\/v2\/media?parent=721"}],"curies":[{"name":"wp","href":"https:\/\/api.w.org\/{rel}","templated":true}]}}