{"id":718,"date":"2020-06-25T14:12:23","date_gmt":"2020-06-25T12:12:23","guid":{"rendered":"https:\/\/farmaciamila.cat\/?page_id=718"},"modified":"2024-09-23T13:09:19","modified_gmt":"2024-09-23T11:09:19","slug":"bebes-y-madres","status":"publish","type":"page","link":"https:\/\/farmaciamila.cat\/es\/servicios\/bebes-y-madres\/","title":{"rendered":"Beb\u00e9s y madres"},"content":{"rendered":"\n\n\t<section class=\"section\" id=\"section_712575942\">\n\t\t<div class=\"section-bg fill\" >\n\t\t\t<img loading=\"lazy\" decoding=\"async\" width=\"2560\" height=\"2560\" src=\"https:\/\/farmaciamila.cat\/wp-content\/uploads\/2024\/07\/nadons-i-mares-farmacia-mila-granollers-scaled-e1720724091185.webp\" class=\"bg attachment- size-\" alt=\"Nadons i mares - Farmacia Mila Granollers\" \/>\t\t\t\t\t\t\n\t\t\t\n\n\t\t<\/div>\n\n\t\t\n\n\t\t<div class=\"section-content relative\">\n\t\t\t\n\n\t<div id=\"gap-829912852\" class=\"gap-element clearfix\" style=\"display:block; height:auto;\">\n\t\t\n<style>\n#gap-829912852 {\n  padding-top: 30px;\n}\n<\/style>\n\t<\/div>\n\t\n\n<div class=\"row align-middle\" style=\"max-width:1300px\" id=\"row-607068371\">\n\n\n\t<div id=\"col-79847940\" class=\"col medium-6 small-12 large-6\"  >\n\t\t\t\t<div class=\"col-inner dark\" style=\"background-color:rgba(255, 255, 255, 0.645);\" >\n\t\t\t\n\t\t\t\n\n\t<div id=\"text-2113880430\" class=\"text\">\n\t\t\n\n<h1>Beb\u00e9s y madres<\/h1>\n\t\t\n<style>\n#text-2113880430 {\n  font-size: 1.75rem;\n  color: rgb(0,0,0);\n}\n#text-2113880430 > * {\n  color: rgb(0,0,0);\n}\n@media (min-width:550px) {\n  #text-2113880430 {\n    font-size: 2rem;\n  }\n}\n<\/style>\n\t<\/div>\n\t\n\n\t\t<\/div>\n\t\t\t\t\n<style>\n#col-79847940 > .col-inner {\n  padding: 20px 20px 0px 20px;\n  border-radius: 10px;\n}\n<\/style>\n\t<\/div>\n\n\t\n\n<\/div>\n\n\t\t<\/div>\n\n\t\t\n<style>\n#section_712575942 {\n  padding-top: 30px;\n  padding-bottom: 30px;\n  min-height: 350px;\n}\n@media (min-width:550px) {\n  #section_712575942 {\n    min-height: 500px;\n  }\n}\n@media (min-width:850px) {\n  #section_712575942 {\n    min-height: 500px;\n  }\n}\n<\/style>\n\t<\/section>\n\t\n\n\t<section class=\"section\" id=\"section_1244448862\">\n\t\t<div class=\"section-bg fill\" >\n\t\t\t\t\t\t\t\t\t\n\t\t\t\n\n\t\t<\/div>\n\n\t\t\n\n\t\t<div class=\"section-content relative\">\n\t\t\t\n\n<div class=\"row align-center\"  id=\"row-1252117495\">\n\n\n\t<div id=\"col-1882021046\" class=\"col medium-4 small-12 large-4\"  >\n\t\t\t\t<div class=\"col-inner\"  >\n\t\t\t\n\t\t\t\n\n<ul class=\"sidebar-wrapper ul-reset\"><aside id=\"nav_menu-3\" class=\"widget widget_nav_menu\"><span class=\"widget-title \"><span>Listado de servicios<\/span><\/span><div class=\"is-divider small\"><\/div><div class=\"menu-serveis_menu_es-container\"><ul id=\"menu-serveis_menu_es\" class=\"menu\"><li id=\"menu-item-768\" class=\"menu-item menu-item-type-post_type menu-item-object-page menu-item-768\"><a href=\"https:\/\/farmaciamila.cat\/es\/servicios\/analisis-colesterol-y-azucar\/\">An\u00e1lisis colesterol y az\u00facar<\/a><\/li>\n<li id=\"menu-item-762\" class=\"menu-item menu-item-type-post_type menu-item-object-page menu-item-762\"><a href=\"https:\/\/farmaciamila.cat\/es\/servicios\/tension-arterial\/\">Tensi\u00f3n arterial<\/a><\/li>\n<li id=\"menu-item-764\" class=\"menu-item menu-item-type-post_type menu-item-object-page menu-item-764\"><a href=\"https:\/\/farmaciamila.cat\/es\/servicios\/preparacion-medicacion\/\">Preparaci\u00f3n medicaci\u00f3n<\/a><\/li>\n<li id=\"menu-item-769\" class=\"menu-item menu-item-type-post_type menu-item-object-page menu-item-769\"><a href=\"https:\/\/farmaciamila.cat\/es\/servicios\/dermocosmetica\/\">Dermocosm\u00e9tica<\/a><\/li>\n<li id=\"menu-item-765\" class=\"menu-item menu-item-type-post_type menu-item-object-page menu-item-765\"><a href=\"https:\/\/farmaciamila.cat\/es\/servicios\/nutricion\/\">Nutrici\u00f3n<\/a><\/li>\n<li id=\"menu-item-767\" class=\"menu-item menu-item-type-post_type menu-item-object-page menu-item-767\"><a href=\"https:\/\/farmaciamila.cat\/es\/servicios\/formulas-magistrales\/\">F\u00f3rmulas magistrales<\/a><\/li>\n<li id=\"menu-item-766\" class=\"menu-item menu-item-type-post_type menu-item-object-page menu-item-766\"><a href=\"https:\/\/farmaciamila.cat\/es\/servicios\/bebes-y-madres\/\">Beb\u00e9s y madres<\/a><\/li>\n<li id=\"menu-item-763\" class=\"menu-item menu-item-type-post_type menu-item-object-page menu-item-763\"><a href=\"https:\/\/farmaciamila.cat\/es\/servicios\/suplementacion\/\">Suplementaci\u00f3n<\/a><\/li>\n<\/ul><\/div><\/aside><\/ul>\n\n\n\t\t<\/div>\n\t\t\t\t\t<\/div>\n\n\t\n\n\t<div id=\"col-1516682127\" class=\"col medium-8 small-12 large-8\"  >\n\t\t\t\t<div class=\"col-inner text-left\"  >\n\t\t\t\n\t\t\t\n\n\t<div id=\"text-3908490592\" class=\"text\">\n\t\t\n\n<p>En la Farmacia Mil\u00e0 nos encantan los beb\u00e9s. Por eso tenemos un espacio dedicado a las embarazadas, madres y beb\u00e9s. Adem\u00e1s, ofrecemos una amplia selecci\u00f3n de cestas para regalar a beb\u00e9s, ideales para sorprender en esta etapa tan especial. La concepci\u00f3n, embarazo, postparto, lactancia y cuidado del beb\u00e9 son etapas de la mujer que requieren de un cuidado especial, mucho cari\u00f1o y comprensi\u00f3n. Nosotros estaremos a tu lado para acompa\u00f1arte en este viaje \u00fanico, ofreciendo tambi\u00e9n <a href=\"https:\/\/farmaciamila.cat\/es\/servicios\/suplementacion\/\">suplementos alimenticios para la mujer<\/a> para garantizar su bienestar durante cada etapa.   <\/p>\n<p>En nuestra farmacia encontrar\u00e1s todo lo que necesitas para el cuidado de tu beb\u00e9: alimentaci\u00f3n infantil, suplementaci\u00f3n infantil, accesorios, complementos infantiles, higiene&#8230; \u00a1Consulta nuestras actividades y promociones! Tambi\u00e9n preparamos cestas para regalar a beb\u00e9s personalizados, completamente artesanales y adaptados a las necesidades de cada beb\u00e9 y madre. \u00a1Ven e inf\u00f3rmate de todo lo que podemos ofrecer!<\/p>\n\t\t\n<style>\n#text-3908490592 {\n  color: rgb(0,0,0);\n}\n#text-3908490592 > * {\n  color: rgb(0,0,0);\n}\n<\/style>\n\t<\/div>\n\t\n<a href=\"https:\/\/farmaciamila.cat\/es\/contacto\/\" class=\"button primary is-large\" style=\"border-radius:10px;padding:5px 20px 5px 20px;\">\n\t\t<span>Contacta con nosotros<\/span>\n\t<\/a>\n\n\n\n\t\t<\/div>\n\t\t\t\t\t<\/div>\n\n\t\n\n<\/div>\n\n\t\t<\/div>\n\n\t\t\n<style>\n#section_1244448862 {\n  padding-top: 30px;\n  padding-bottom: 30px;\n}\n<\/style>\n\t<\/section>\n\t\n\n\t<section class=\"section\" id=\"section_1753354034\">\n\t\t<div class=\"section-bg fill\" >\n\t\t\t\t\t\t\t\t\t\n\t\t\t\n\n\t\t<\/div>\n\n\t\t\n\n\t\t<div class=\"section-content relative\">\n\t\t\t\n\n\t<div id=\"text-2943739318\" class=\"text\">\n\t\t\n\n<h2>Descubre las cestas para beb\u00e9s que tenemos en la farmacia<\/h2>\n\t\t\n<style>\n#text-2943739318 {\n  line-height: 2;\n  text-align: center;\n}\n<\/style>\n\t<\/div>\n\t\n\t<div id=\"gap-1262427870\" class=\"gap-element clearfix\" style=\"display:block; height:auto;\">\n\t\t\n<style>\n#gap-1262427870 {\n  padding-top: 30px;\n}\n<\/style>\n\t<\/div>\n\t\n\n<div class=\"row\"  id=\"row-1888068491\">\n\n\n\t<div id=\"col-1060706378\" class=\"col medium-4 small-12 large-4\"  >\n\t\t\t\t<div class=\"col-inner\"  >\n\t\t\t\n\t\t\t\n\n\t<div class=\"img has-hover x md-x lg-x y md-y lg-y\" id=\"image_338625740\">\n\t\t\t\t\t\t\t\t<div class=\"img-inner dark\" >\n\t\t\t<img loading=\"lazy\" decoding=\"async\" width=\"1020\" height=\"680\" src=\"https:\/\/farmaciamila.cat\/wp-content\/uploads\/2024\/07\/Cestas-Bebe-Farmacia-Mila-1024x683.webp\" class=\"attachment-large size-large\" alt=\"Cestas Bebe Farmacia Mila\" srcset=\"https:\/\/farmaciamila.cat\/wp-content\/uploads\/2024\/07\/Cestas-Bebe-Farmacia-Mila-1024x683.webp 1024w, https:\/\/farmaciamila.cat\/wp-content\/uploads\/2024\/07\/Cestas-Bebe-Farmacia-Mila-300x200.webp 300w, https:\/\/farmaciamila.cat\/wp-content\/uploads\/2024\/07\/Cestas-Bebe-Farmacia-Mila-768x512.webp 768w, https:\/\/farmaciamila.cat\/wp-content\/uploads\/2024\/07\/Cestas-Bebe-Farmacia-Mila-1536x1024.webp 1536w, https:\/\/farmaciamila.cat\/wp-content\/uploads\/2024\/07\/Cestas-Bebe-Farmacia-Mila-2048x1365.webp 2048w\" sizes=\"auto, (max-width: 1020px) 100vw, 1020px\" \/>\t\t\t\t\t\t\n\t\t\t\t\t<\/div>\n\t\t\t\t\t\t\t\t\n<style>\n#image_338625740 {\n  width: 100%;\n}\n<\/style>\n\t<\/div>\n\t\n\n\n\t\t<\/div>\n\t\t\t\t\t<\/div>\n\n\t\n\n\t<div id=\"col-1029025984\" class=\"col medium-4 small-12 large-4\"  >\n\t\t\t\t<div class=\"col-inner\"  >\n\t\t\t\n\t\t\t\n\n\t<div class=\"img has-hover x md-x lg-x y md-y lg-y\" id=\"image_343267031\">\n\t\t\t\t\t\t\t\t<div class=\"img-inner dark\" >\n\t\t\t<img loading=\"lazy\" decoding=\"async\" width=\"1020\" height=\"698\" src=\"https:\/\/farmaciamila.cat\/wp-content\/uploads\/2024\/07\/Cestas-Bebe-Farmacia-Mila-3-1024x701.webp\" class=\"attachment-large size-large\" alt=\"Cestas Bebe Farmacia Mila 3\" srcset=\"https:\/\/farmaciamila.cat\/wp-content\/uploads\/2024\/07\/Cestas-Bebe-Farmacia-Mila-3-1024x701.webp 1024w, https:\/\/farmaciamila.cat\/wp-content\/uploads\/2024\/07\/Cestas-Bebe-Farmacia-Mila-3-300x205.webp 300w, https:\/\/farmaciamila.cat\/wp-content\/uploads\/2024\/07\/Cestas-Bebe-Farmacia-Mila-3-768x526.webp 768w, https:\/\/farmaciamila.cat\/wp-content\/uploads\/2024\/07\/Cestas-Bebe-Farmacia-Mila-3-1536x1052.webp 1536w, https:\/\/farmaciamila.cat\/wp-content\/uploads\/2024\/07\/Cestas-Bebe-Farmacia-Mila-3-2048x1402.webp 2048w\" sizes=\"auto, (max-width: 1020px) 100vw, 1020px\" \/>\t\t\t\t\t\t\n\t\t\t\t\t<\/div>\n\t\t\t\t\t\t\t\t\n<style>\n#image_343267031 {\n  width: 100%;\n}\n<\/style>\n\t<\/div>\n\t\n\n\n\t\t<\/div>\n\t\t\t\t\t<\/div>\n\n\t\n\n\t<div id=\"col-1607770584\" class=\"col medium-4 small-12 large-4\"  >\n\t\t\t\t<div class=\"col-inner\"  >\n\t\t\t\n\t\t\t\n\n\t<div class=\"img has-hover x md-x lg-x y md-y lg-y\" id=\"image_1322381508\">\n\t\t\t\t\t\t\t\t<div class=\"img-inner dark\" >\n\t\t\t<img loading=\"lazy\" decoding=\"async\" width=\"1020\" height=\"692\" src=\"https:\/\/farmaciamila.cat\/wp-content\/uploads\/2024\/07\/Cestas-Bebe-Farmacia-Mila-2-1024x695.webp\" class=\"attachment-large size-large\" alt=\"Cestas Bebe Farmacia Mila 2\" srcset=\"https:\/\/farmaciamila.cat\/wp-content\/uploads\/2024\/07\/Cestas-Bebe-Farmacia-Mila-2-1024x695.webp 1024w, https:\/\/farmaciamila.cat\/wp-content\/uploads\/2024\/07\/Cestas-Bebe-Farmacia-Mila-2-300x204.webp 300w, https:\/\/farmaciamila.cat\/wp-content\/uploads\/2024\/07\/Cestas-Bebe-Farmacia-Mila-2-768x521.webp 768w, https:\/\/farmaciamila.cat\/wp-content\/uploads\/2024\/07\/Cestas-Bebe-Farmacia-Mila-2-1536x1042.webp 1536w, https:\/\/farmaciamila.cat\/wp-content\/uploads\/2024\/07\/Cestas-Bebe-Farmacia-Mila-2-2048x1390.webp 2048w\" sizes=\"auto, (max-width: 1020px) 100vw, 1020px\" \/>\t\t\t\t\t\t\n\t\t\t\t\t<\/div>\n\t\t\t\t\t\t\t\t\n<style>\n#image_1322381508 {\n  width: 100%;\n}\n<\/style>\n\t<\/div>\n\t\n\n\n\t\t<\/div>\n\t\t\t\t\t<\/div>\n\n\t\n\n<\/div>\n\n\t\t<\/div>\n\n\t\t\n<style>\n#section_1753354034 {\n  padding-top: 30px;\n  padding-bottom: 30px;\n}\n<\/style>\n\t<\/section>\n\t\n\n\t<section class=\"section\" id=\"section_1082037869\">\n\t\t<div class=\"section-bg fill\" >\n\t\t\t\t\t\t\t\t\t\n\t\t\t\n\n\t\t<\/div>\n\n\t\t\n\n\t\t<div class=\"section-content relative\">\n\t\t\t\n\n\t<div id=\"text-2952741246\" class=\"text\">\n\t\t\n\n<h2>Marcas en las que confiamos<\/h2>\n\t\t\n<style>\n#text-2952741246 {\n  line-height: 2;\n  text-align: center;\n}\n<\/style>\n\t<\/div>\n\t\n<div class=\"row\"  id=\"row-1929030274\">\n\n\n\t<div id=\"col-1956013841\" class=\"col medium-3 small-12 large-3\"  >\n\t\t\t\t<div class=\"col-inner text-center\"  >\n\t\t\t\n\t\t\t\n\n\t<div class=\"img has-hover x md-x lg-x y md-y lg-y\" id=\"image_1365517699\">\n\t\t\t\t\t\t\t\t<div class=\"img-inner dark\" style=\"margin:45px 0px 0px 0px;\">\n\t\t\t<img loading=\"lazy\" decoding=\"async\" width=\"1020\" height=\"574\" src=\"https:\/\/farmaciamila.cat\/wp-content\/uploads\/2024\/07\/Mustela-logo-1024x576.webp\" class=\"attachment-large size-large\" alt=\"Mustela logo\" srcset=\"https:\/\/farmaciamila.cat\/wp-content\/uploads\/2024\/07\/Mustela-logo-1024x576.webp 1024w, https:\/\/farmaciamila.cat\/wp-content\/uploads\/2024\/07\/Mustela-logo-300x169.webp 300w, https:\/\/farmaciamila.cat\/wp-content\/uploads\/2024\/07\/Mustela-logo-768x432.webp 768w, https:\/\/farmaciamila.cat\/wp-content\/uploads\/2024\/07\/Mustela-logo-1536x864.webp 1536w, https:\/\/farmaciamila.cat\/wp-content\/uploads\/2024\/07\/Mustela-logo-2048x1152.webp 2048w\" sizes=\"auto, (max-width: 1020px) 100vw, 1020px\" \/>\t\t\t\t\t\t\n\t\t\t\t\t<\/div>\n\t\t\t\t\t\t\t\t\n<style>\n#image_1365517699 {\n  width: 85%;\n}\n<\/style>\n\t<\/div>\n\t\n\n\n\t\t<\/div>\n\t\t\t\t\t<\/div>\n\n\t\n\n\t<div id=\"col-1910220583\" class=\"col medium-3 small-12 large-3\"  >\n\t\t\t\t<div class=\"col-inner text-center\"  >\n\t\t\t\n\t\t\t\n\n\t<div class=\"img has-hover x md-x lg-x y md-y lg-y\" id=\"image_1075856641\">\n\t\t\t\t\t\t\t\t<div class=\"img-inner dark\" style=\"margin:75px 0px 0px 0px;\">\n\t\t\t<img loading=\"lazy\" decoding=\"async\" width=\"1020\" height=\"265\" src=\"https:\/\/farmaciamila.cat\/wp-content\/uploads\/2024\/07\/suavinex-logo-1024x266.jpg\" class=\"attachment-large size-large\" alt=\"suavinex logo\" srcset=\"https:\/\/farmaciamila.cat\/wp-content\/uploads\/2024\/07\/suavinex-logo-1024x266.jpg 1024w, https:\/\/farmaciamila.cat\/wp-content\/uploads\/2024\/07\/suavinex-logo-300x78.jpg 300w, https:\/\/farmaciamila.cat\/wp-content\/uploads\/2024\/07\/suavinex-logo-768x199.jpg 768w, https:\/\/farmaciamila.cat\/wp-content\/uploads\/2024\/07\/suavinex-logo-1536x399.jpg 1536w, https:\/\/farmaciamila.cat\/wp-content\/uploads\/2024\/07\/suavinex-logo.jpg 1629w\" sizes=\"auto, (max-width: 1020px) 100vw, 1020px\" \/>\t\t\t\t\t\t\n\t\t\t\t\t<\/div>\n\t\t\t\t\t\t\t\t\n<style>\n#image_1075856641 {\n  width: 100%;\n}\n<\/style>\n\t<\/div>\n\t\n\n\n\t\t<\/div>\n\t\t\t\t\t<\/div>\n\n\t\n\n\t<div id=\"col-2017735548\" class=\"col medium-3 small-12 large-3\"  >\n\t\t\t\t<div class=\"col-inner text-center\"  >\n\t\t\t\n\t\t\t\n\n\t<div class=\"img has-hover x md-x lg-x y md-y lg-y\" id=\"image_1449482786\">\n\t\t\t\t\t\t\t\t<div class=\"img-inner dark\" style=\"margin:10px 0px 0px 0px;\">\n\t\t\t<img loading=\"lazy\" decoding=\"async\" width=\"1020\" height=\"789\" src=\"https:\/\/farmaciamila.cat\/wp-content\/uploads\/2024\/07\/sebamed-baby-logo.webp\" class=\"attachment-large size-large\" alt=\"sebamed baby logo\" srcset=\"https:\/\/farmaciamila.cat\/wp-content\/uploads\/2024\/07\/sebamed-baby-logo.webp 1023w, https:\/\/farmaciamila.cat\/wp-content\/uploads\/2024\/07\/sebamed-baby-logo-300x232.webp 300w, https:\/\/farmaciamila.cat\/wp-content\/uploads\/2024\/07\/sebamed-baby-logo-768x594.webp 768w\" sizes=\"auto, (max-width: 1020px) 100vw, 1020px\" \/>\t\t\t\t\t\t\n\t\t\t\t\t<\/div>\n\t\t\t\t\t\t\t\t\n<style>\n#image_1449482786 {\n  width: 80%;\n}\n<\/style>\n\t<\/div>\n\t\n\n\n\t\t<\/div>\n\t\t\t\t\t<\/div>\n\n\t\n\n\t<div id=\"col-1004168064\" class=\"col medium-3 small-12 large-3\"  >\n\t\t\t\t<div class=\"col-inner\"  >\n\t\t\t\n\t\t\t\n\n\t<div class=\"img has-hover x md-x lg-x y md-y lg-y\" id=\"image_1827558457\">\n\t\t\t\t\t\t\t\t<div class=\"img-inner dark\" style=\"margin:55px 0px 0px 0px;\">\n\t\t\t<img loading=\"lazy\" decoding=\"async\" width=\"200\" height=\"51\" src=\"https:\/\/farmaciamila.cat\/wp-content\/uploads\/2024\/08\/la-orche-posay.webp\" class=\"attachment-large size-large\" alt=\"\" \/>\t\t\t\t\t\t\n\t\t\t\t\t<\/div>\n\t\t\t\t\t\t\t\t\n<style>\n#image_1827558457 {\n  width: 100%;\n}\n<\/style>\n\t<\/div>\n\t\n\n\n\t\t<\/div>\n\t\t\t\t\t<\/div>\n\n\t\n\n<\/div>\n\n\t\t<\/div>\n\n\t\t\n<style>\n#section_1082037869 {\n  padding-top: 30px;\n  padding-bottom: 30px;\n  background-color: rgb(255, 255, 255);\n}\n<\/style>\n\t<\/section>\n\t\n\n","protected":false},"excerpt":{"rendered":"","protected":false},"author":1,"featured_media":0,"parent":706,"menu_order":0,"comment_status":"closed","ping_status":"closed","template":"","meta":{"footnotes":""},"class_list":["post-718","page","type-page","status-publish","hentry"],"yoast_head":"<!-- This site is optimized with the Yoast SEO plugin v27.3 - https:\/\/yoast.com\/product\/yoast-seo-wordpress\/ -->\n<title>Canastillas para Beb\u00e9 y Madres | Farmacia Mil\u00e0<\/title>\n<meta name=\"description\" content=\"Celebra la llegada de beb\u00e9s con nuestras cestas especialmente dise\u00f1adas para madres y beb\u00e9s. C\u00f3mpralas en nuestra farmacia. \u00a1Vis\u00edtanos!\" \/>\n<meta name=\"robots\" content=\"index, follow, max-snippet:-1, max-image-preview:large, max-video-preview:-1\" \/>\n<link rel=\"canonical\" href=\"https:\/\/farmaciamila.cat\/es\/servicios\/bebes-y-madres\/\" \/>\n<meta property=\"og:locale\" content=\"es_ES\" \/>\n<meta property=\"og:type\" content=\"article\" \/>\n<meta property=\"og:title\" content=\"Canastillas para Beb\u00e9 y Madres | Farmacia Mil\u00e0\" \/>\n<meta property=\"og:description\" content=\"Celebra la llegada de beb\u00e9s con nuestras cestas especialmente dise\u00f1adas para madres y beb\u00e9s. C\u00f3mpralas en nuestra farmacia. \u00a1Vis\u00edtanos!\" \/>\n<meta property=\"og:url\" content=\"https:\/\/farmaciamila.cat\/es\/servicios\/bebes-y-madres\/\" \/>\n<meta property=\"og:site_name\" content=\"Farmacia Mila | Sempre al teu costat\" \/>\n<meta property=\"article:publisher\" content=\"https:\/\/www.facebook.com\/farmaciamilagranollers\/\" \/>\n<meta property=\"article:modified_time\" content=\"2024-09-23T11:09:19+00:00\" \/>\n<meta name=\"twitter:card\" content=\"summary_large_image\" \/>\n<script type=\"application\/ld+json\" class=\"yoast-schema-graph\">{\"@context\":\"https:\\\/\\\/schema.org\",\"@graph\":[{\"@type\":\"WebPage\",\"@id\":\"https:\\\/\\\/farmaciamila.cat\\\/es\\\/servicios\\\/bebes-y-madres\\\/\",\"url\":\"https:\\\/\\\/farmaciamila.cat\\\/es\\\/servicios\\\/bebes-y-madres\\\/\",\"name\":\"Canastillas para Beb\u00e9 y Madres | Farmacia Mil\u00e0\",\"isPartOf\":{\"@id\":\"https:\\\/\\\/farmaciamila.cat\\\/es\\\/#website\"},\"datePublished\":\"2020-06-25T12:12:23+00:00\",\"dateModified\":\"2024-09-23T11:09:19+00:00\",\"description\":\"Celebra la llegada de beb\u00e9s con nuestras cestas especialmente dise\u00f1adas para madres y beb\u00e9s. C\u00f3mpralas en nuestra farmacia. \u00a1Vis\u00edtanos!\",\"breadcrumb\":{\"@id\":\"https:\\\/\\\/farmaciamila.cat\\\/es\\\/servicios\\\/bebes-y-madres\\\/#breadcrumb\"},\"inLanguage\":\"es\",\"potentialAction\":[{\"@type\":\"ReadAction\",\"target\":[\"https:\\\/\\\/farmaciamila.cat\\\/es\\\/servicios\\\/bebes-y-madres\\\/\"]}]},{\"@type\":\"BreadcrumbList\",\"@id\":\"https:\\\/\\\/farmaciamila.cat\\\/es\\\/servicios\\\/bebes-y-madres\\\/#breadcrumb\",\"itemListElement\":[{\"@type\":\"ListItem\",\"position\":1,\"name\":\"Home\",\"item\":\"https:\\\/\\\/farmaciamila.cat\\\/es\\\/inicio\\\/\"},{\"@type\":\"ListItem\",\"position\":2,\"name\":\"Servicios\",\"item\":\"https:\\\/\\\/farmaciamila.cat\\\/es\\\/servicios\\\/\"},{\"@type\":\"ListItem\",\"position\":3,\"name\":\"Beb\u00e9s y madres\"}]},{\"@type\":\"WebSite\",\"@id\":\"https:\\\/\\\/farmaciamila.cat\\\/es\\\/#website\",\"url\":\"https:\\\/\\\/farmaciamila.cat\\\/es\\\/\",\"name\":\"Farmacia Mila | Sempre al teu costat\",\"description\":\"Tenim cura de tu i dels teus\",\"publisher\":{\"@id\":\"https:\\\/\\\/farmaciamila.cat\\\/es\\\/#organization\"},\"potentialAction\":[{\"@type\":\"SearchAction\",\"target\":{\"@type\":\"EntryPoint\",\"urlTemplate\":\"https:\\\/\\\/farmaciamila.cat\\\/es\\\/?s={search_term_string}\"},\"query-input\":{\"@type\":\"PropertyValueSpecification\",\"valueRequired\":true,\"valueName\":\"search_term_string\"}}],\"inLanguage\":\"es\"},{\"@type\":\"Organization\",\"@id\":\"https:\\\/\\\/farmaciamila.cat\\\/es\\\/#organization\",\"name\":\"Farmacia Mila\",\"url\":\"https:\\\/\\\/farmaciamila.cat\\\/es\\\/\",\"logo\":{\"@type\":\"ImageObject\",\"inLanguage\":\"es\",\"@id\":\"https:\\\/\\\/farmaciamila.cat\\\/es\\\/#\\\/schema\\\/logo\\\/image\\\/\",\"url\":\"https:\\\/\\\/farmaciamila.cat\\\/wp-content\\\/uploads\\\/2020\\\/06\\\/logo_quadrat.png\",\"contentUrl\":\"https:\\\/\\\/farmaciamila.cat\\\/wp-content\\\/uploads\\\/2020\\\/06\\\/logo_quadrat.png\",\"width\":500,\"height\":500,\"caption\":\"Farmacia Mila\"},\"image\":{\"@id\":\"https:\\\/\\\/farmaciamila.cat\\\/es\\\/#\\\/schema\\\/logo\\\/image\\\/\"},\"sameAs\":[\"https:\\\/\\\/www.facebook.com\\\/farmaciamilagranollers\\\/\",\"https:\\\/\\\/www.instagram.com\\\/farmacia.mila\\\/\"]}]}<\/script>\n<!-- \/ Yoast SEO plugin. -->","yoast_head_json":{"title":"Canastillas para Beb\u00e9 y Madres | Farmacia Mil\u00e0","description":"Celebra la llegada de beb\u00e9s con nuestras cestas especialmente dise\u00f1adas para madres y beb\u00e9s. C\u00f3mpralas en nuestra farmacia. \u00a1Vis\u00edtanos!","robots":{"index":"index","follow":"follow","max-snippet":"max-snippet:-1","max-image-preview":"max-image-preview:large","max-video-preview":"max-video-preview:-1"},"canonical":"https:\/\/farmaciamila.cat\/es\/servicios\/bebes-y-madres\/","og_locale":"es_ES","og_type":"article","og_title":"Canastillas para Beb\u00e9 y Madres | Farmacia Mil\u00e0","og_description":"Celebra la llegada de beb\u00e9s con nuestras cestas especialmente dise\u00f1adas para madres y beb\u00e9s. C\u00f3mpralas en nuestra farmacia. \u00a1Vis\u00edtanos!","og_url":"https:\/\/farmaciamila.cat\/es\/servicios\/bebes-y-madres\/","og_site_name":"Farmacia Mila | Sempre al teu costat","article_publisher":"https:\/\/www.facebook.com\/farmaciamilagranollers\/","article_modified_time":"2024-09-23T11:09:19+00:00","twitter_card":"summary_large_image","schema":{"@context":"https:\/\/schema.org","@graph":[{"@type":"WebPage","@id":"https:\/\/farmaciamila.cat\/es\/servicios\/bebes-y-madres\/","url":"https:\/\/farmaciamila.cat\/es\/servicios\/bebes-y-madres\/","name":"Canastillas para Beb\u00e9 y Madres | Farmacia Mil\u00e0","isPartOf":{"@id":"https:\/\/farmaciamila.cat\/es\/#website"},"datePublished":"2020-06-25T12:12:23+00:00","dateModified":"2024-09-23T11:09:19+00:00","description":"Celebra la llegada de beb\u00e9s con nuestras cestas especialmente dise\u00f1adas para madres y beb\u00e9s. C\u00f3mpralas en nuestra farmacia. \u00a1Vis\u00edtanos!","breadcrumb":{"@id":"https:\/\/farmaciamila.cat\/es\/servicios\/bebes-y-madres\/#breadcrumb"},"inLanguage":"es","potentialAction":[{"@type":"ReadAction","target":["https:\/\/farmaciamila.cat\/es\/servicios\/bebes-y-madres\/"]}]},{"@type":"BreadcrumbList","@id":"https:\/\/farmaciamila.cat\/es\/servicios\/bebes-y-madres\/#breadcrumb","itemListElement":[{"@type":"ListItem","position":1,"name":"Home","item":"https:\/\/farmaciamila.cat\/es\/inicio\/"},{"@type":"ListItem","position":2,"name":"Servicios","item":"https:\/\/farmaciamila.cat\/es\/servicios\/"},{"@type":"ListItem","position":3,"name":"Beb\u00e9s y madres"}]},{"@type":"WebSite","@id":"https:\/\/farmaciamila.cat\/es\/#website","url":"https:\/\/farmaciamila.cat\/es\/","name":"Farmacia Mila | Sempre al teu costat","description":"Tenim cura de tu i dels teus","publisher":{"@id":"https:\/\/farmaciamila.cat\/es\/#organization"},"potentialAction":[{"@type":"SearchAction","target":{"@type":"EntryPoint","urlTemplate":"https:\/\/farmaciamila.cat\/es\/?s={search_term_string}"},"query-input":{"@type":"PropertyValueSpecification","valueRequired":true,"valueName":"search_term_string"}}],"inLanguage":"es"},{"@type":"Organization","@id":"https:\/\/farmaciamila.cat\/es\/#organization","name":"Farmacia Mila","url":"https:\/\/farmaciamila.cat\/es\/","logo":{"@type":"ImageObject","inLanguage":"es","@id":"https:\/\/farmaciamila.cat\/es\/#\/schema\/logo\/image\/","url":"https:\/\/farmaciamila.cat\/wp-content\/uploads\/2020\/06\/logo_quadrat.png","contentUrl":"https:\/\/farmaciamila.cat\/wp-content\/uploads\/2020\/06\/logo_quadrat.png","width":500,"height":500,"caption":"Farmacia Mila"},"image":{"@id":"https:\/\/farmaciamila.cat\/es\/#\/schema\/logo\/image\/"},"sameAs":["https:\/\/www.facebook.com\/farmaciamilagranollers\/","https:\/\/www.instagram.com\/farmacia.mila\/"]}]}},"_links":{"self":[{"href":"https:\/\/farmaciamila.cat\/es\/wp-json\/wp\/v2\/pages\/718","targetHints":{"allow":["GET"]}}],"collection":[{"href":"https:\/\/farmaciamila.cat\/es\/wp-json\/wp\/v2\/pages"}],"about":[{"href":"https:\/\/farmaciamila.cat\/es\/wp-json\/wp\/v2\/types\/page"}],"author":[{"embeddable":true,"href":"https:\/\/farmaciamila.cat\/es\/wp-json\/wp\/v2\/users\/1"}],"replies":[{"embeddable":true,"href":"https:\/\/farmaciamila.cat\/es\/wp-json\/wp\/v2\/comments?post=718"}],"version-history":[{"count":21,"href":"https:\/\/farmaciamila.cat\/es\/wp-json\/wp\/v2\/pages\/718\/revisions"}],"predecessor-version":[{"id":1573,"href":"https:\/\/farmaciamila.cat\/es\/wp-json\/wp\/v2\/pages\/718\/revisions\/1573"}],"up":[{"embeddable":true,"href":"https:\/\/farmaciamila.cat\/es\/wp-json\/wp\/v2\/pages\/706"}],"wp:attachment":[{"href":"https:\/\/farmaciamila.cat\/es\/wp-json\/wp\/v2\/media?parent=718"}],"curies":[{"name":"wp","href":"https:\/\/api.w.org\/{rel}","templated":true}]}}