{"id":685,"date":"2020-06-25T23:13:24","date_gmt":"2020-06-25T21:13:24","guid":{"rendered":"https:\/\/farmaciamila.cat\/?page_id=685"},"modified":"2024-09-23T13:04:20","modified_gmt":"2024-09-23T11:04:20","slug":"haz-tu-encargo","status":"publish","type":"page","link":"https:\/\/farmaciamila.cat\/es\/haz-tu-encargo\/","title":{"rendered":"Haz tu encargo"},"content":{"rendered":"\n\n\t<section class=\"section\" id=\"section_7026064\">\n\t\t<div class=\"section-bg fill\" >\n\t\t\t<img loading=\"lazy\" decoding=\"async\" width=\"2560\" height=\"1707\" src=\"https:\/\/farmaciamila.cat\/wp-content\/uploads\/2024\/07\/Recollida-comanda-online-farmacia-mila-granollers-scaled.webp\" class=\"bg attachment- size-\" alt=\"Recollida comanda online - Farmacia Mila Granollers\" \/>\t\t\t\t\t\t\n\t\t\t\n\n\t\t<\/div>\n\n\t\t\n\n\t\t<div class=\"section-content relative\">\n\t\t\t\n\n\t<div id=\"gap-191436639\" class=\"gap-element clearfix\" style=\"display:block; height:auto;\">\n\t\t\n<style>\n#gap-191436639 {\n  padding-top: 30px;\n}\n<\/style>\n\t<\/div>\n\t\n\n<div class=\"row align-middle\" style=\"max-width:1300px\" id=\"row-240410368\">\n\n\n\t<div id=\"col-2016944001\" class=\"col medium-6 small-12 large-6\"  >\n\t\t\t\t<div class=\"col-inner dark\" style=\"background-color:rgba(255, 255, 255, 0.645);\" >\n\t\t\t\n\t\t\t\n\n\t<div id=\"text-954406968\" class=\"text\">\n\t\t\n\n<h1>Servicio de encargos<\/h1>\n\t\t\n<style>\n#text-954406968 {\n  font-size: 1.75rem;\n  color: rgb(0,0,0);\n}\n#text-954406968 > * {\n  color: rgb(0,0,0);\n}\n@media (min-width:550px) {\n  #text-954406968 {\n    font-size: 2rem;\n  }\n}\n<\/style>\n\t<\/div>\n\t\n\n\t\t<\/div>\n\t\t\t\t\n<style>\n#col-2016944001 > .col-inner {\n  padding: 20px 20px 10px 20px;\n  border-radius: 10px;\n}\n<\/style>\n\t<\/div>\n\n\t\n\n<\/div>\n\n\t\t<\/div>\n\n\t\t\n<style>\n#section_7026064 {\n  padding-top: 30px;\n  padding-bottom: 30px;\n  min-height: 350px;\n}\n@media (min-width:550px) {\n  #section_7026064 {\n    min-height: 500px;\n  }\n}\n@media (min-width:850px) {\n  #section_7026064 {\n    min-height: 500px;\n  }\n}\n<\/style>\n\t<\/section>\n\t\n\n\t<section class=\"section\" id=\"section_1909777581\">\n\t\t<div class=\"section-bg fill\" >\n\t\t\t\t\t\t\t\t\t\n\t\t\t\n\n\t\t<\/div>\n\n\t\t\n\n\t\t<div class=\"section-content relative\">\n\t\t\t\n\n\t<div id=\"text-492801773\" class=\"text\">\n\t\t\n\n<h2>Pasos a seguir<\/h2>\n\t\t\n<style>\n#text-492801773 {\n  font-size: 1.8rem;\n  text-align: center;\n}\n<\/style>\n\t<\/div>\n\t\n<div class=\"row\"  id=\"row-1619002246\">\n\n\n\t<div id=\"col-1174822600\" class=\"col medium-4 small-12 large-4\"  >\n\t\t\t\t<div class=\"col-inner\"  >\n\t\t\t\n\t\t\t\n\n\n\t\t<div class=\"icon-box featured-box icon-box-center text-center\"  >\n\t\t\t\t\t<div class=\"icon-box-img\" style=\"width: 503px\">\n\t\t\t\t<div class=\"icon\">\n\t\t\t\t\t<div class=\"icon-inner\" style=\"color:rgb(7, 65, 115);\">\n\t\t\t\t\t\t<img loading=\"lazy\" decoding=\"async\" width=\"300\" height=\"200\" src=\"https:\/\/farmaciamila.cat\/wp-content\/uploads\/2024\/07\/Comanda-online-farmacia-mila-granollers-300x200.webp\" class=\"attachment-medium size-medium\" alt=\"Comanda online - Farmacia Mila Granollers\" srcset=\"https:\/\/farmaciamila.cat\/wp-content\/uploads\/2024\/07\/Comanda-online-farmacia-mila-granollers-300x200.webp 300w, https:\/\/farmaciamila.cat\/wp-content\/uploads\/2024\/07\/Comanda-online-farmacia-mila-granollers-1024x683.webp 1024w, https:\/\/farmaciamila.cat\/wp-content\/uploads\/2024\/07\/Comanda-online-farmacia-mila-granollers-768x512.webp 768w, https:\/\/farmaciamila.cat\/wp-content\/uploads\/2024\/07\/Comanda-online-farmacia-mila-granollers-1536x1024.webp 1536w, https:\/\/farmaciamila.cat\/wp-content\/uploads\/2024\/07\/Comanda-online-farmacia-mila-granollers-2048x1365.webp 2048w\" sizes=\"auto, (max-width: 300px) 100vw, 300px\" \/>\t\t\t\t\t<\/div>\n\t\t\t\t<\/div>\n\t\t\t<\/div>\n\t\t\t\t<div class=\"icon-box-text last-reset\">\n\t\t\t\t\t\t\t\t\t\n\n<h3>Haz tu encargo<\/h3>\n\t<div id=\"gap-869194224\" class=\"gap-element clearfix\" style=\"display:block; height:auto;\">\n\t\t\n<style>\n#gap-869194224 {\n  padding-top: 10px;\n}\n<\/style>\n\t<\/div>\n\t\n\n\t<div id=\"text-3288048625\" class=\"text\">\n\t\t\n\n<p>Llamando a <a href=\"tel:+34938703596\">+34 93 870 35 96<\/a> <br>Whatsapp a <a href=\"https:\/\/wa.me\/0034606585962\">+34 606 58 59 62<\/a><br>Correo a <a href=\"mailto:info@farmaciamila.cat\">info@farmaciamila.cat<\/a><\/p>\n\t\t\n<style>\n#text-3288048625 {\n  text-align: center;\n}\n<\/style>\n\t<\/div>\n\t\n\n\t\t<\/div>\n\t<\/div>\n\t\n\t\n\n\t\t<\/div>\n\t\t\t\t\t<\/div>\n\n\t\n\n\t<div id=\"col-550984366\" class=\"col medium-4 small-12 large-4\"  >\n\t\t\t\t<div class=\"col-inner\"  >\n\t\t\t\n\t\t\t\n\n\n\t\t<div class=\"icon-box featured-box icon-box-center text-center\"  >\n\t\t\t\t\t<div class=\"icon-box-img\" style=\"width: 506px\">\n\t\t\t\t<div class=\"icon\">\n\t\t\t\t\t<div class=\"icon-inner\" style=\"color:rgb(7, 65, 115);\">\n\t\t\t\t\t\t<img loading=\"lazy\" decoding=\"async\" width=\"300\" height=\"200\" src=\"https:\/\/farmaciamila.cat\/wp-content\/uploads\/2024\/04\/farmacia-mila-servei-medicaments-300x200.webp\" class=\"attachment-medium size-medium\" alt=\"medicaments - Farmacia Mila Granollers\" srcset=\"https:\/\/farmaciamila.cat\/wp-content\/uploads\/2024\/04\/farmacia-mila-servei-medicaments-300x200.webp 300w, https:\/\/farmaciamila.cat\/wp-content\/uploads\/2024\/04\/farmacia-mila-servei-medicaments-1024x683.webp 1024w, https:\/\/farmaciamila.cat\/wp-content\/uploads\/2024\/04\/farmacia-mila-servei-medicaments-768x512.webp 768w, https:\/\/farmaciamila.cat\/wp-content\/uploads\/2024\/04\/farmacia-mila-servei-medicaments-1536x1024.webp 1536w, https:\/\/farmaciamila.cat\/wp-content\/uploads\/2024\/04\/farmacia-mila-servei-medicaments-2048x1365.webp 2048w\" sizes=\"auto, (max-width: 300px) 100vw, 300px\" \/>\t\t\t\t\t<\/div>\n\t\t\t\t<\/div>\n\t\t\t<\/div>\n\t\t\t\t<div class=\"icon-box-text last-reset\">\n\t\t\t\t\t\t\t\t\t\n\n<h3>Lo preparamos<\/h3>\n\t<div id=\"gap-631284161\" class=\"gap-element clearfix\" style=\"display:block; height:auto;\">\n\t\t\n<style>\n#gap-631284161 {\n  padding-top: 10px;\n}\n<\/style>\n\t<\/div>\n\t\n\n\t<div id=\"text-3276159277\" class=\"text\">\n\t\t\n\n<p>Recibir\u00e1s un aviso cuando est\u00e9 listo por el m\u00e9todo que prefieras: correo, WhatsApp o tel\u00e9fono.<\/p>\n\t\t\n<style>\n#text-3276159277 {\n  text-align: center;\n}\n<\/style>\n\t<\/div>\n\t\n\n\t\t<\/div>\n\t<\/div>\n\t\n\t\n\n\t\t<\/div>\n\t\t\t\t\t<\/div>\n\n\t\n\n\t<div id=\"col-1469482794\" class=\"col medium-4 small-12 large-4\"  >\n\t\t\t\t<div class=\"col-inner\"  >\n\t\t\t\n\t\t\t\n\n\n\t\t<div class=\"icon-box featured-box icon-box-center text-center\"  >\n\t\t\t\t\t<div class=\"icon-box-img\" style=\"width: 506px\">\n\t\t\t\t<div class=\"icon\">\n\t\t\t\t\t<div class=\"icon-inner\" style=\"color:rgb(7, 65, 115);\">\n\t\t\t\t\t\t<img loading=\"lazy\" decoding=\"async\" width=\"300\" height=\"200\" src=\"https:\/\/farmaciamila.cat\/wp-content\/uploads\/2024\/07\/Recollida-comanda-online-farmacia-mila-granollers-300x200.webp\" class=\"attachment-medium size-medium\" alt=\"Recollida comanda online - Farmacia Mila Granollers\" srcset=\"https:\/\/farmaciamila.cat\/wp-content\/uploads\/2024\/07\/Recollida-comanda-online-farmacia-mila-granollers-300x200.webp 300w, https:\/\/farmaciamila.cat\/wp-content\/uploads\/2024\/07\/Recollida-comanda-online-farmacia-mila-granollers-1024x683.webp 1024w, https:\/\/farmaciamila.cat\/wp-content\/uploads\/2024\/07\/Recollida-comanda-online-farmacia-mila-granollers-768x512.webp 768w, https:\/\/farmaciamila.cat\/wp-content\/uploads\/2024\/07\/Recollida-comanda-online-farmacia-mila-granollers-1536x1024.webp 1536w, https:\/\/farmaciamila.cat\/wp-content\/uploads\/2024\/07\/Recollida-comanda-online-farmacia-mila-granollers-2048x1365.webp 2048w\" sizes=\"auto, (max-width: 300px) 100vw, 300px\" \/>\t\t\t\t\t<\/div>\n\t\t\t\t<\/div>\n\t\t\t<\/div>\n\t\t\t\t<div class=\"icon-box-text last-reset\">\n\t\t\t\t\t\t\t\t\t\n\n<h3>Ven a recogerlo<\/h3>\n\t<div id=\"gap-835733341\" class=\"gap-element clearfix\" style=\"display:block; height:auto;\">\n\t\t\n<style>\n#gap-835733341 {\n  padding-top: 10px;\n}\n<\/style>\n\t<\/div>\n\t\n\n\t<div id=\"text-1593979341\" class=\"text\">\n\t\t\n\n<p>Pasa a recogerla cuando quieras. Paga c\u00f3modamente en la farmacia.<\/p>\n\t\t\n<style>\n#text-1593979341 {\n  text-align: center;\n}\n<\/style>\n\t<\/div>\n\t\n\n\t\t<\/div>\n\t<\/div>\n\t\n\t\n\n\t\t<\/div>\n\t\t\t\t\t<\/div>\n\n\t\n\n<\/div>\n<div class=\"row align-center\"  id=\"row-137783694\">\n\n\n\t<div id=\"col-2100320910\" class=\"col medium-9 small-12 large-9\"  >\n\t\t\t\t<div class=\"col-inner text-left\"  >\n\t\t\t\n\t\t\t\n\n\t<div id=\"text-1171064811\" class=\"text\">\n\t\t\n\n<h3>Tambi\u00e9n puedes hacernos pedidos a trav\u00e9s del siguiente formulario<\/h3>\n\t\t\n<style>\n#text-1171064811 {\n  text-align: center;\n}\n<\/style>\n\t<\/div>\n\t\n\t<div id=\"gap-42731601\" class=\"gap-element clearfix\" style=\"display:block; height:auto;\">\n\t\t\n<style>\n#gap-42731601 {\n  padding-top: 30px;\n}\n<\/style>\n\t<\/div>\n\t\n\n\n<div class=\"wpcf7 no-js\" id=\"wpcf7-f1583-o1\" lang=\"es-ES\" dir=\"ltr\" data-wpcf7-id=\"1583\">\n<div class=\"screen-reader-response\"><p role=\"status\" aria-live=\"polite\" aria-atomic=\"true\"><\/p> <ul><\/ul><\/div>\n<form action=\"\/es\/wp-json\/wp\/v2\/pages\/685#wpcf7-f1583-o1\" method=\"post\" class=\"wpcf7-form init wpcf7-acceptance-as-validation\" aria-label=\"Formulario de contacto\" novalidate=\"novalidate\" data-status=\"init\">\n<fieldset class=\"hidden-fields-container\"><input type=\"hidden\" name=\"_wpcf7\" value=\"1583\" \/><input type=\"hidden\" name=\"_wpcf7_version\" value=\"6.1.5\" \/><input type=\"hidden\" name=\"_wpcf7_locale\" value=\"es_ES\" \/><input type=\"hidden\" name=\"_wpcf7_unit_tag\" value=\"wpcf7-f1583-o1\" \/><input type=\"hidden\" name=\"_wpcf7_container_post\" value=\"0\" \/><input type=\"hidden\" name=\"_wpcf7_posted_data_hash\" value=\"\" \/><input type=\"hidden\" name=\"_wpcf7_recaptcha_response\" value=\"\" \/>\n<\/fieldset>\n<p><span class=\"wpcf7-form-control-wrap\" data-name=\"nom\"><input size=\"40\" maxlength=\"400\" class=\"wpcf7-form-control wpcf7-text wpcf7-validates-as-required\" aria-required=\"true\" aria-invalid=\"false\" placeholder=\"Nombre y apellidos *\" value=\"\" type=\"text\" name=\"nom\" \/><\/span>\n<\/p>\n<p><span class=\"wpcf7-form-control-wrap\" data-name=\"email\"><input size=\"40\" maxlength=\"400\" class=\"wpcf7-form-control wpcf7-email wpcf7-validates-as-required wpcf7-text wpcf7-validates-as-email\" aria-required=\"true\" aria-invalid=\"false\" placeholder=\"Correo *\" value=\"\" type=\"email\" name=\"email\" \/><\/span>\n<\/p>\n<p><span class=\"wpcf7-form-control-wrap\" data-name=\"assumpte\"><select class=\"wpcf7-form-control wpcf7-select wpcf7-validates-as-required\" aria-required=\"true\" aria-invalid=\"false\" name=\"assumpte\"><option value=\"\">&#8212;Por favor, elige una opci\u00f3n&#8212;<\/option><option value=\"Consulta\">Consulta<\/option><option value=\"Encargo\">Encargo<\/option><option value=\"Otros\">Otros<\/option><\/select><\/span>\n<\/p>\n<p><span class=\"wpcf7-form-control-wrap\" data-name=\"missatge\"><textarea cols=\"40\" rows=\"3\" maxlength=\"2000\" class=\"wpcf7-form-control wpcf7-textarea wpcf7-validates-as-required\" aria-required=\"true\" aria-invalid=\"false\" placeholder=\"Mensaje *\" name=\"missatge\"><\/textarea><\/span>\n<\/p>\n<p><label class=\"consent\"><br \/>\n<span class=\"wpcf7-form-control-wrap\" data-name=\"acceptance-423\"><span class=\"wpcf7-form-control wpcf7-acceptance\"><span class=\"wpcf7-list-item\"><label><input type=\"checkbox\" name=\"acceptance-423\" value=\"1\" aria-invalid=\"false\" \/><span class=\"wpcf7-list-item-label\">He le\u00eddo y acepto la <a rel=\"nofollow\" target=\"_blank\" href=\"https:\/\/farmaciamila.cat\/ca\/politica-de-privacitat\/\">Pol\u00edtica de Privacidad<\/a><\/span><\/label><\/span><\/span><\/span><br \/>\n<\/label>\n<\/p>\n<p><input class=\"wpcf7-form-control wpcf7-submit has-spinner\" type=\"submit\" value=\"Env\u00eda\" \/>\n<\/p><p style=\"display: none !important;\" class=\"akismet-fields-container\" data-prefix=\"_wpcf7_ak_\"><label>&#916;<textarea name=\"_wpcf7_ak_hp_textarea\" cols=\"45\" rows=\"8\" maxlength=\"100\"><\/textarea><\/label><input type=\"hidden\" id=\"ak_js_1\" name=\"_wpcf7_ak_js\" value=\"180\"\/><script>document.getElementById( \"ak_js_1\" ).setAttribute( \"value\", ( new Date() ).getTime() );<\/script><\/p><div class=\"wpcf7-response-output\" aria-hidden=\"true\"><\/div>\n<\/form>\n<\/div>\n\n\n\n\t\t<\/div>\n\t\t\t\t\n<style>\n#col-2100320910 > .col-inner {\n  padding: 20px 0px 0px 0px;\n}\n<\/style>\n\t<\/div>\n\n\t\n\n<\/div>\n\n\t\t<\/div>\n\n\t\t\n<style>\n#section_1909777581 {\n  padding-top: 30px;\n  padding-bottom: 30px;\n  background-color: #f7f7f7;\n}\n<\/style>\n\t<\/section>\n\t\n\n\t<section class=\"section\" id=\"section_1698245560\">\n\t\t<div class=\"section-bg fill\" >\n\t\t\t\t\t\t\t\t\t\n\t\t\t\n\n\t\t<\/div>\n\n\t\t\n\n\t\t<div class=\"section-content relative\">\n\t\t\t\n\n\t<div id=\"text-3913833038\" class=\"text\">\n\t\t\n\n<p>En la Farmacia Mil\u00e0, entendemos el valor que tiene tu tiempo. Por eso, hemos implementado un servicio de pedidos expreso para que no tengas que esperar. Ahora puedes hacer tus pedidos c\u00f3modamente desde casa o desde cualquier otro sitio a trav\u00e9s de nuestro sistema de pedidos online.<\/p>\n<p>Nuestro objetivo es proporcionarle una experiencia de compra conveniente y eficiente. <strong>Al realizar tu pedido a trav\u00e9s de una de nuestras plataformas, podr\u00e1s especificar los productos que necesitas y programar la recogida en el horario que mejor te convenga.<\/strong><\/p>\n<p>Con el servicio de pedidos expreso de la Farmacia Mil\u00e0, queremos facilitarte el acceso a los medicamentos y productos de salud que necesitas sin complicaciones ni tiempo de espera innecesarios. \u00a1Haz tu pedido hoy mismo y disfruta de la comodidad de recoger tus compras sin esperas en nuestra farmacia!<\/p>\n\t\t\n<style>\n#text-3913833038 {\n  color: rgb(0,0,0);\n}\n#text-3913833038 > * {\n  color: rgb(0,0,0);\n}\n<\/style>\n\t<\/div>\n\t\n\n\t\t<\/div>\n\n\t\t\n<style>\n#section_1698245560 {\n  padding-top: 30px;\n  padding-bottom: 30px;\n}\n<\/style>\n\t<\/section>\n\t\n\n","protected":false},"excerpt":{"rendered":"","protected":false},"author":1,"featured_media":0,"parent":0,"menu_order":0,"comment_status":"closed","ping_status":"closed","template":"","meta":{"footnotes":""},"class_list":["post-685","page","type-page","status-publish","hentry"],"yoast_head":"<!-- This site is optimized with the Yoast SEO plugin v27.5 - https:\/\/yoast.com\/product\/yoast-seo-wordpress\/ -->\n<title>Haz tu encargo | Farmacia Mil\u00e0<\/title>\n<meta name=\"description\" content=\"Haz tus encargos de medicamentos sin receta o cosm\u00e9ticos de forma r\u00e1pida a trav\u00e9s de nuestro tel\u00e9fono o WhatsApp. Tu comodidad es nuestra prioridad.\" \/>\n<meta name=\"robots\" content=\"index, follow, max-snippet:-1, max-image-preview:large, max-video-preview:-1\" \/>\n<link rel=\"canonical\" href=\"https:\/\/farmaciamila.cat\/es\/haz-tu-encargo\/\" \/>\n<meta property=\"og:locale\" content=\"es_ES\" \/>\n<meta property=\"og:type\" content=\"article\" \/>\n<meta property=\"og:title\" content=\"Haz tu encargo | Farmacia Mil\u00e0\" \/>\n<meta property=\"og:description\" content=\"Haz tus encargos de medicamentos sin receta o cosm\u00e9ticos de forma r\u00e1pida a trav\u00e9s de nuestro tel\u00e9fono o WhatsApp. Tu comodidad es nuestra prioridad.\" \/>\n<meta property=\"og:url\" content=\"https:\/\/farmaciamila.cat\/es\/haz-tu-encargo\/\" \/>\n<meta property=\"og:site_name\" content=\"Farmacia Mila | Sempre al teu costat\" \/>\n<meta property=\"article:publisher\" content=\"https:\/\/www.facebook.com\/farmaciamilagranollers\/\" \/>\n<meta property=\"article:modified_time\" content=\"2024-09-23T11:04:20+00:00\" \/>\n<meta name=\"twitter:card\" content=\"summary_large_image\" \/>\n<script type=\"application\/ld+json\" class=\"yoast-schema-graph\">{\"@context\":\"https:\\\/\\\/schema.org\",\"@graph\":[{\"@type\":\"WebPage\",\"@id\":\"https:\\\/\\\/farmaciamila.cat\\\/es\\\/haz-tu-encargo\\\/\",\"url\":\"https:\\\/\\\/farmaciamila.cat\\\/es\\\/haz-tu-encargo\\\/\",\"name\":\"Haz tu encargo | Farmacia Mil\u00e0\",\"isPartOf\":{\"@id\":\"https:\\\/\\\/farmaciamila.cat\\\/es\\\/#website\"},\"datePublished\":\"2020-06-25T21:13:24+00:00\",\"dateModified\":\"2024-09-23T11:04:20+00:00\",\"description\":\"Haz tus encargos de medicamentos sin receta o cosm\u00e9ticos de forma r\u00e1pida a trav\u00e9s de nuestro tel\u00e9fono o WhatsApp. Tu comodidad es nuestra prioridad.\",\"breadcrumb\":{\"@id\":\"https:\\\/\\\/farmaciamila.cat\\\/es\\\/haz-tu-encargo\\\/#breadcrumb\"},\"inLanguage\":\"es\",\"potentialAction\":[{\"@type\":\"ReadAction\",\"target\":[\"https:\\\/\\\/farmaciamila.cat\\\/es\\\/haz-tu-encargo\\\/\"]}]},{\"@type\":\"BreadcrumbList\",\"@id\":\"https:\\\/\\\/farmaciamila.cat\\\/es\\\/haz-tu-encargo\\\/#breadcrumb\",\"itemListElement\":[{\"@type\":\"ListItem\",\"position\":1,\"name\":\"Home\",\"item\":\"https:\\\/\\\/farmaciamila.cat\\\/es\\\/inicio\\\/\"},{\"@type\":\"ListItem\",\"position\":2,\"name\":\"Haz tu encargo\"}]},{\"@type\":\"WebSite\",\"@id\":\"https:\\\/\\\/farmaciamila.cat\\\/es\\\/#website\",\"url\":\"https:\\\/\\\/farmaciamila.cat\\\/es\\\/\",\"name\":\"Farmacia Mila | Sempre al teu costat\",\"description\":\"Tenim cura de tu i dels teus\",\"publisher\":{\"@id\":\"https:\\\/\\\/farmaciamila.cat\\\/es\\\/#organization\"},\"potentialAction\":[{\"@type\":\"SearchAction\",\"target\":{\"@type\":\"EntryPoint\",\"urlTemplate\":\"https:\\\/\\\/farmaciamila.cat\\\/es\\\/?s={search_term_string}\"},\"query-input\":{\"@type\":\"PropertyValueSpecification\",\"valueRequired\":true,\"valueName\":\"search_term_string\"}}],\"inLanguage\":\"es\"},{\"@type\":\"Organization\",\"@id\":\"https:\\\/\\\/farmaciamila.cat\\\/es\\\/#organization\",\"name\":\"Farmacia Mila\",\"url\":\"https:\\\/\\\/farmaciamila.cat\\\/es\\\/\",\"logo\":{\"@type\":\"ImageObject\",\"inLanguage\":\"es\",\"@id\":\"https:\\\/\\\/farmaciamila.cat\\\/es\\\/#\\\/schema\\\/logo\\\/image\\\/\",\"url\":\"https:\\\/\\\/farmaciamila.cat\\\/wp-content\\\/uploads\\\/2020\\\/06\\\/logo_quadrat.png\",\"contentUrl\":\"https:\\\/\\\/farmaciamila.cat\\\/wp-content\\\/uploads\\\/2020\\\/06\\\/logo_quadrat.png\",\"width\":500,\"height\":500,\"caption\":\"Farmacia Mila\"},\"image\":{\"@id\":\"https:\\\/\\\/farmaciamila.cat\\\/es\\\/#\\\/schema\\\/logo\\\/image\\\/\"},\"sameAs\":[\"https:\\\/\\\/www.facebook.com\\\/farmaciamilagranollers\\\/\",\"https:\\\/\\\/www.instagram.com\\\/farmacia.mila\\\/\"]}]}<\/script>\n<!-- \/ Yoast SEO plugin. -->","yoast_head_json":{"title":"Haz tu encargo | Farmacia Mil\u00e0","description":"Haz tus encargos de medicamentos sin receta o cosm\u00e9ticos de forma r\u00e1pida a trav\u00e9s de nuestro tel\u00e9fono o WhatsApp. Tu comodidad es nuestra prioridad.","robots":{"index":"index","follow":"follow","max-snippet":"max-snippet:-1","max-image-preview":"max-image-preview:large","max-video-preview":"max-video-preview:-1"},"canonical":"https:\/\/farmaciamila.cat\/es\/haz-tu-encargo\/","og_locale":"es_ES","og_type":"article","og_title":"Haz tu encargo | Farmacia Mil\u00e0","og_description":"Haz tus encargos de medicamentos sin receta o cosm\u00e9ticos de forma r\u00e1pida a trav\u00e9s de nuestro tel\u00e9fono o WhatsApp. Tu comodidad es nuestra prioridad.","og_url":"https:\/\/farmaciamila.cat\/es\/haz-tu-encargo\/","og_site_name":"Farmacia Mila | Sempre al teu costat","article_publisher":"https:\/\/www.facebook.com\/farmaciamilagranollers\/","article_modified_time":"2024-09-23T11:04:20+00:00","twitter_card":"summary_large_image","schema":{"@context":"https:\/\/schema.org","@graph":[{"@type":"WebPage","@id":"https:\/\/farmaciamila.cat\/es\/haz-tu-encargo\/","url":"https:\/\/farmaciamila.cat\/es\/haz-tu-encargo\/","name":"Haz tu encargo | Farmacia Mil\u00e0","isPartOf":{"@id":"https:\/\/farmaciamila.cat\/es\/#website"},"datePublished":"2020-06-25T21:13:24+00:00","dateModified":"2024-09-23T11:04:20+00:00","description":"Haz tus encargos de medicamentos sin receta o cosm\u00e9ticos de forma r\u00e1pida a trav\u00e9s de nuestro tel\u00e9fono o WhatsApp. Tu comodidad es nuestra prioridad.","breadcrumb":{"@id":"https:\/\/farmaciamila.cat\/es\/haz-tu-encargo\/#breadcrumb"},"inLanguage":"es","potentialAction":[{"@type":"ReadAction","target":["https:\/\/farmaciamila.cat\/es\/haz-tu-encargo\/"]}]},{"@type":"BreadcrumbList","@id":"https:\/\/farmaciamila.cat\/es\/haz-tu-encargo\/#breadcrumb","itemListElement":[{"@type":"ListItem","position":1,"name":"Home","item":"https:\/\/farmaciamila.cat\/es\/inicio\/"},{"@type":"ListItem","position":2,"name":"Haz tu encargo"}]},{"@type":"WebSite","@id":"https:\/\/farmaciamila.cat\/es\/#website","url":"https:\/\/farmaciamila.cat\/es\/","name":"Farmacia Mila | Sempre al teu costat","description":"Tenim cura de tu i dels teus","publisher":{"@id":"https:\/\/farmaciamila.cat\/es\/#organization"},"potentialAction":[{"@type":"SearchAction","target":{"@type":"EntryPoint","urlTemplate":"https:\/\/farmaciamila.cat\/es\/?s={search_term_string}"},"query-input":{"@type":"PropertyValueSpecification","valueRequired":true,"valueName":"search_term_string"}}],"inLanguage":"es"},{"@type":"Organization","@id":"https:\/\/farmaciamila.cat\/es\/#organization","name":"Farmacia Mila","url":"https:\/\/farmaciamila.cat\/es\/","logo":{"@type":"ImageObject","inLanguage":"es","@id":"https:\/\/farmaciamila.cat\/es\/#\/schema\/logo\/image\/","url":"https:\/\/farmaciamila.cat\/wp-content\/uploads\/2020\/06\/logo_quadrat.png","contentUrl":"https:\/\/farmaciamila.cat\/wp-content\/uploads\/2020\/06\/logo_quadrat.png","width":500,"height":500,"caption":"Farmacia Mila"},"image":{"@id":"https:\/\/farmaciamila.cat\/es\/#\/schema\/logo\/image\/"},"sameAs":["https:\/\/www.facebook.com\/farmaciamilagranollers\/","https:\/\/www.instagram.com\/farmacia.mila\/"]}]}},"_links":{"self":[{"href":"https:\/\/farmaciamila.cat\/es\/wp-json\/wp\/v2\/pages\/685","targetHints":{"allow":["GET"]}}],"collection":[{"href":"https:\/\/farmaciamila.cat\/es\/wp-json\/wp\/v2\/pages"}],"about":[{"href":"https:\/\/farmaciamila.cat\/es\/wp-json\/wp\/v2\/types\/page"}],"author":[{"embeddable":true,"href":"https:\/\/farmaciamila.cat\/es\/wp-json\/wp\/v2\/users\/1"}],"replies":[{"embeddable":true,"href":"https:\/\/farmaciamila.cat\/es\/wp-json\/wp\/v2\/comments?post=685"}],"version-history":[{"count":20,"href":"https:\/\/farmaciamila.cat\/es\/wp-json\/wp\/v2\/pages\/685\/revisions"}],"predecessor-version":[{"id":1561,"href":"https:\/\/farmaciamila.cat\/es\/wp-json\/wp\/v2\/pages\/685\/revisions\/1561"}],"wp:attachment":[{"href":"https:\/\/farmaciamila.cat\/es\/wp-json\/wp\/v2\/media?parent=685"}],"curies":[{"name":"wp","href":"https:\/\/api.w.org\/{rel}","templated":true}]}}