{"id":1313,"date":"2024-07-11T20:33:38","date_gmt":"2024-07-11T18:33:38","guid":{"rendered":"https:\/\/farmaciamila.cat\/?page_id=1313"},"modified":"2025-04-17T17:12:43","modified_gmt":"2025-04-17T15:12:43","slug":"fotoprotectores","status":"publish","type":"page","link":"https:\/\/farmaciamila.cat\/es\/servicios\/suplementacion\/fotoprotectores\/","title":{"rendered":"Cremas solares y Fotoprotectores"},"content":{"rendered":"\n\n\t<section class=\"section\" id=\"section_1791787722\">\n\t\t<div class=\"section-bg fill\" >\n\t\t\t<img loading=\"lazy\" decoding=\"async\" width=\"2560\" height=\"1707\" src=\"https:\/\/farmaciamila.cat\/wp-content\/uploads\/2024\/07\/fotoprotectores-solares-Farmacia-Mila-Granollers-scaled.webp\" class=\"bg attachment- size-\" alt=\"fotoprotectores solares Farmacia Mila Granollers\" \/>\t\t\t\t\t\t\n\t\t\t\n\n\t\t<\/div>\n\n\t\t\n\n\t\t<div class=\"section-content relative\">\n\t\t\t\n\n\t<div id=\"gap-49085\" class=\"gap-element clearfix\" style=\"display:block; height:auto;\">\n\t\t\n<style>\n#gap-49085 {\n  padding-top: 30px;\n}\n<\/style>\n\t<\/div>\n\t\n\n<div class=\"row align-middle\" style=\"max-width:1300px\" id=\"row-230058254\">\n\n\n\t<div id=\"col-2134199999\" class=\"col medium-10 small-12 large-10\"  >\n\t\t\t\t<div class=\"col-inner dark\" style=\"background-color:rgba(255, 255, 255, 0.645);\" >\n\t\t\t\n\t\t\t\n\n\t<div id=\"text-1289743195\" class=\"text\">\n\t\t\n\n<h1>Cremas solares y Fotoprotectores<\/h1>\n\t\t\n<style>\n#text-1289743195 {\n  font-size: 1.75rem;\n  color: rgb(0,0,0);\n}\n#text-1289743195 > * {\n  color: rgb(0,0,0);\n}\n@media (min-width:550px) {\n  #text-1289743195 {\n    font-size: 2rem;\n  }\n}\n<\/style>\n\t<\/div>\n\t\n\n\t\t<\/div>\n\t\t\t\t\n<style>\n#col-2134199999 > .col-inner {\n  padding: 20px 20px 0px 20px;\n  border-radius: 10px;\n}\n<\/style>\n\t<\/div>\n\n\t\n\n<\/div>\n\n\t\t<\/div>\n\n\t\t\n<style>\n#section_1791787722 {\n  padding-top: 30px;\n  padding-bottom: 30px;\n  min-height: 350px;\n}\n#section_1791787722 .section-bg img {\n  object-position: 0% 38%;\n}\n@media (min-width:550px) {\n  #section_1791787722 {\n    min-height: 500px;\n  }\n}\n@media (min-width:850px) {\n  #section_1791787722 {\n    min-height: 500px;\n  }\n}\n<\/style>\n\t<\/section>\n\t\n\n\t<section class=\"section\" id=\"section_1851071934\">\n\t\t<div class=\"section-bg fill\" >\n\t\t\t\t\t\t\t\t\t\n\t\t\t\n\n\t\t<\/div>\n\n\t\t\n\n\t\t<div class=\"section-content relative\">\n\t\t\t\n\n<div class=\"row align-center\"  id=\"row-1036892384\">\n\n\n\t<div id=\"col-371900645\" class=\"col medium-4 small-12 large-4\"  >\n\t\t\t\t<div class=\"col-inner\"  >\n\t\t\t\n\t\t\t\n\n<ul class=\"sidebar-wrapper ul-reset\"><aside id=\"nav_menu-3\" class=\"widget widget_nav_menu\"><span class=\"widget-title \"><span>Listado de servicios<\/span><\/span><div class=\"is-divider small\"><\/div><div class=\"menu-serveis_menu_es-container\"><ul id=\"menu-serveis_menu_es\" class=\"menu\"><li id=\"menu-item-768\" class=\"menu-item menu-item-type-post_type menu-item-object-page menu-item-768\"><a href=\"https:\/\/farmaciamila.cat\/es\/servicios\/analisis-colesterol-y-azucar\/\">An\u00e1lisis colesterol y az\u00facar<\/a><\/li>\n<li id=\"menu-item-762\" class=\"menu-item menu-item-type-post_type menu-item-object-page menu-item-762\"><a href=\"https:\/\/farmaciamila.cat\/es\/servicios\/tension-arterial\/\">Tensi\u00f3n arterial<\/a><\/li>\n<li id=\"menu-item-764\" class=\"menu-item menu-item-type-post_type menu-item-object-page menu-item-764\"><a href=\"https:\/\/farmaciamila.cat\/es\/servicios\/preparacion-medicacion\/\">Preparaci\u00f3n medicaci\u00f3n<\/a><\/li>\n<li id=\"menu-item-769\" class=\"menu-item menu-item-type-post_type menu-item-object-page menu-item-769\"><a href=\"https:\/\/farmaciamila.cat\/es\/servicios\/dermocosmetica\/\">Dermocosm\u00e9tica<\/a><\/li>\n<li id=\"menu-item-765\" class=\"menu-item menu-item-type-post_type menu-item-object-page menu-item-765\"><a href=\"https:\/\/farmaciamila.cat\/es\/servicios\/nutricion\/\">Nutrici\u00f3n<\/a><\/li>\n<li id=\"menu-item-767\" class=\"menu-item menu-item-type-post_type menu-item-object-page menu-item-767\"><a href=\"https:\/\/farmaciamila.cat\/es\/servicios\/formulas-magistrales\/\">F\u00f3rmulas magistrales<\/a><\/li>\n<li id=\"menu-item-766\" class=\"menu-item menu-item-type-post_type menu-item-object-page menu-item-766\"><a href=\"https:\/\/farmaciamila.cat\/es\/servicios\/bebes-y-madres\/\">Beb\u00e9s y madres<\/a><\/li>\n<li id=\"menu-item-763\" class=\"menu-item menu-item-type-post_type menu-item-object-page menu-item-763\"><a href=\"https:\/\/farmaciamila.cat\/es\/servicios\/suplementacion\/\">Suplementaci\u00f3n<\/a><\/li>\n<\/ul><\/div><\/aside><\/ul>\n\n\n\t\t<\/div>\n\t\t\t\t\t<\/div>\n\n\t\n\n\t<div id=\"col-2057652767\" class=\"col medium-8 small-12 large-8\"  >\n\t\t\t\t<div class=\"col-inner text-left\"  >\n\t\t\t\n\t\t\t\n\n\t<div id=\"text-658881512\" class=\"text\">\n\t\t\n\n<p>En nuestra farmacia, nos preocupamos por el bienestar de tu piel bajo el sol. Ofrecemos una amplia selecci\u00f3n de fotoprotectores y cremas solares en distintos formatos, tanto para adultos como para ni\u00f1os. Tambi\u00e9n disponemos de <a href=\"https:\/\/farmaciamila.cat\/es\/servicios\/dermocosmetica\/\">productos de dermocosm\u00e9tica<\/a> que complementan la protecci\u00f3n solar, ayudando a mantener la piel hidratada y saludable despu\u00e9s de la exposici\u00f3n al sol.<\/p>\n<p>Nuestros productos est\u00e1n formulados con ingredientes de calidad para proporcionar protecci\u00f3n efectiva contra los rayos UVA y UVB, ayudando a prevenir quemaduras solares y protegiendo la piel de los efectos del fotoenvejecimiento. Adem\u00e1s, ofrecemos soluciones para la <a href=\"https:\/\/farmaciamila.cat\/es\/servicios\/suplementacion\/salud-capilar\/\">salud y vitaminas para el cabello<\/a>, para que cuides tanto de tu piel como de tu cabello, manteni\u00e9ndolos fuertes y brillantes.<\/p>\n<p>Ya sea que necesites una crema solar resistente al agua para un d\u00eda activo en la playa o un fotoprotector especialmente formulado para la piel delicada de los ni\u00f1os, tenemos una soluci\u00f3n para cada necesidad. Nuestro personal est\u00e1 ah\u00ed para guiarte y ayudarte a elegir el producto adecuado seg\u00fan tu tipo de piel y tus preferencias de aplicaci\u00f3n.<\/p>\n<p>Ven a nuestra farmacia para descubrir nuestra gama completa de fotoprotectores, cremas solares, productos de dermocosm\u00e9tica y opciones para la salud y vitaminas para el cabello. Ven a nuestra farmacia para descubrir nuestra gama completa de fotoprotectores y cremas solares. No dudes en pedir consejo a nuestro personal calificado sobre qu\u00e9 productos se ajustan mejor a tus necesidades.<\/p>\n<p>Con nosotros, disfruta del sol con tranquilidad sabiendo que tienes el mejor soporte para tu protecci\u00f3n solar. Vis\u00edtanos hoy mismo para m\u00e1s informaci\u00f3n sobre c\u00f3mo cuidar de tu piel mientras disfrutas de los rayos del sol.<\/p>\n\t\t\n<style>\n#text-658881512 {\n  color: rgb(0,0,0);\n}\n#text-658881512 > * {\n  color: rgb(0,0,0);\n}\n<\/style>\n\t<\/div>\n\t\n<a href=\"https:\/\/farmaciamila.cat\/es\/contacto\/\" class=\"button primary is-large\" style=\"border-radius:10px;padding:5px 20px 5px 20px;\">\n\t\t<span>Contacta con nosotros<\/span>\n\t<\/a>\n\n\n\n\t\t<\/div>\n\t\t\t\t\t<\/div>\n\n\t\n\n<\/div>\n\n\t\t<\/div>\n\n\t\t\n<style>\n#section_1851071934 {\n  padding-top: 30px;\n  padding-bottom: 30px;\n}\n<\/style>\n\t<\/section>\n\t\n\n\t<section class=\"section\" id=\"section_1647170498\">\n\t\t<div class=\"section-bg fill\" >\n\t\t\t\t\t\t\t\t\t\n\t\t\t\n\n\t\t<\/div>\n\n\t\t\n\n\t\t<div class=\"section-content relative\">\n\t\t\t\n\n\t<div id=\"text-658163094\" class=\"text\">\n\t\t\n\n<h2>Marcas en las que confiamos<\/h2>\n\t\t\n<style>\n#text-658163094 {\n  text-align: center;\n}\n<\/style>\n\t<\/div>\n\t\n<div class=\"row\"  id=\"row-603605434\">\n\n\n\t<div id=\"col-750185872\" class=\"col medium-3 small-6 large-3\"  >\n\t\t\t\t<div class=\"col-inner\"  >\n\t\t\t\n\t\t\t\n\n\t<div class=\"img has-hover x md-x lg-x y md-y lg-y\" id=\"image_372515355\">\n\t\t\t\t\t\t\t\t<div class=\"img-inner dark\" style=\"margin:45px 0px 0px 0px;\">\n\t\t\t<img loading=\"lazy\" decoding=\"async\" width=\"600\" height=\"338\" src=\"https:\/\/farmaciamila.cat\/wp-content\/uploads\/2024\/08\/Avene-Logo-1.webp\" class=\"attachment-large size-large\" alt=\"Avene-Logo\" srcset=\"https:\/\/farmaciamila.cat\/wp-content\/uploads\/2024\/08\/Avene-Logo-1.webp 600w, https:\/\/farmaciamila.cat\/wp-content\/uploads\/2024\/08\/Avene-Logo-1-300x169.webp 300w\" sizes=\"auto, (max-width: 600px) 100vw, 600px\" \/>\t\t\t\t\t\t\n\t\t\t\t\t<\/div>\n\t\t\t\t\t\t\t\t\n<style>\n#image_372515355 {\n  width: 100%;\n}\n<\/style>\n\t<\/div>\n\t\n\n\n\t\t<\/div>\n\t\t\t\t\t<\/div>\n\n\t\n\n\t<div id=\"col-1818254089\" class=\"col medium-3 small-6 large-3\"  >\n\t\t\t\t<div class=\"col-inner\"  >\n\t\t\t\n\t\t\t\n\n\t<div class=\"img has-hover x md-x lg-x y md-y lg-y\" id=\"image_2000563001\">\n\t\t\t\t\t\t\t\t<div class=\"img-inner dark\" style=\"margin:45px 0px 0px 0px;\">\n\t\t\t<img loading=\"lazy\" decoding=\"async\" width=\"900\" height=\"500\" src=\"https:\/\/farmaciamila.cat\/wp-content\/uploads\/2024\/08\/Caudalie-logo.webp\" class=\"attachment-large size-large\" alt=\"Caudalie logo\" srcset=\"https:\/\/farmaciamila.cat\/wp-content\/uploads\/2024\/08\/Caudalie-logo.webp 900w, https:\/\/farmaciamila.cat\/wp-content\/uploads\/2024\/08\/Caudalie-logo-300x167.webp 300w, https:\/\/farmaciamila.cat\/wp-content\/uploads\/2024\/08\/Caudalie-logo-768x427.webp 768w\" sizes=\"auto, (max-width: 900px) 100vw, 900px\" \/>\t\t\t\t\t\t\n\t\t\t\t\t<\/div>\n\t\t\t\t\t\t\t\t\n<style>\n#image_2000563001 {\n  width: 100%;\n}\n<\/style>\n\t<\/div>\n\t\n\n\n\t\t<\/div>\n\t\t\t\t\t<\/div>\n\n\t\n\n\t<div id=\"col-1459836070\" class=\"col medium-3 small-6 large-3\"  >\n\t\t\t\t<div class=\"col-inner\"  >\n\t\t\t\n\t\t\t\n\n\t<div class=\"img has-hover x md-x lg-x y md-y lg-y\" id=\"image_515019214\">\n\t\t\t\t\t\t\t\t<div class=\"img-inner dark\" >\n\t\t\t<img loading=\"lazy\" decoding=\"async\" width=\"400\" height=\"400\" src=\"https:\/\/farmaciamila.cat\/wp-content\/uploads\/2024\/08\/logo-isdin.webp\" class=\"attachment-large size-large\" alt=\"\" srcset=\"https:\/\/farmaciamila.cat\/wp-content\/uploads\/2024\/08\/logo-isdin.webp 400w, https:\/\/farmaciamila.cat\/wp-content\/uploads\/2024\/08\/logo-isdin-300x300.webp 300w, https:\/\/farmaciamila.cat\/wp-content\/uploads\/2024\/08\/logo-isdin-150x150.webp 150w\" sizes=\"auto, (max-width: 400px) 100vw, 400px\" \/>\t\t\t\t\t\t\n\t\t\t\t\t<\/div>\n\t\t\t\t\t\t\t\t\n<style>\n#image_515019214 {\n  width: 100%;\n}\n<\/style>\n\t<\/div>\n\t\n\n\n\t\t<\/div>\n\t\t\t\t\t<\/div>\n\n\t\n\n\t<div id=\"col-451409435\" class=\"col medium-3 small-6 large-3\"  >\n\t\t\t\t<div class=\"col-inner\"  >\n\t\t\t\n\t\t\t\n\n\t<div class=\"img has-hover x md-x lg-x y md-y lg-y\" id=\"image_430419128\">\n\t\t\t\t\t\t\t\t<div class=\"img-inner dark\" style=\"margin:50px 0px 0px 0px;\">\n\t\t\t<img loading=\"lazy\" decoding=\"async\" width=\"172\" height=\"66\" src=\"https:\/\/farmaciamila.cat\/wp-content\/uploads\/2024\/08\/Sesderma-Logo.webp\" class=\"attachment-large size-large\" alt=\"\" \/>\t\t\t\t\t\t\n\t\t\t\t\t<\/div>\n\t\t\t\t\t\t\t\t\n<style>\n#image_430419128 {\n  width: 100%;\n}\n<\/style>\n\t<\/div>\n\t\n\n\n\t\t<\/div>\n\t\t\t\t\t<\/div>\n\n\t\n\n<\/div>\n\n\t\t<\/div>\n\n\t\t\n<style>\n#section_1647170498 {\n  padding-top: 30px;\n  padding-bottom: 30px;\n}\n<\/style>\n\t<\/section>\n\t\n\n","protected":false},"excerpt":{"rendered":"","protected":false},"author":2,"featured_media":0,"parent":727,"menu_order":0,"comment_status":"closed","ping_status":"closed","template":"","meta":{"footnotes":""},"class_list":["post-1313","page","type-page","status-publish","hentry"],"yoast_head":"<!-- This site is optimized with the Yoast SEO plugin v27.4 - https:\/\/yoast.com\/product\/yoast-seo-wordpress\/ -->\n<title>Cremas solares y Fotoprotectores | Farmacia Mil\u00e0<\/title>\n<meta name=\"description\" content=\"Protege tu piel con nuestra amplia gama de fotoprotectores de alta calidad. Encuentra cremas, sprays y lociones para una protecci\u00f3n solar eficaz. \u00a1Vis\u00edtanos!\" \/>\n<meta name=\"robots\" content=\"index, follow, max-snippet:-1, max-image-preview:large, max-video-preview:-1\" \/>\n<link rel=\"canonical\" href=\"https:\/\/farmaciamila.cat\/es\/servicios\/suplementacion\/fotoprotectores\/\" \/>\n<meta property=\"og:locale\" content=\"es_ES\" \/>\n<meta property=\"og:type\" content=\"article\" \/>\n<meta property=\"og:title\" content=\"Cremas solares y Fotoprotectores | Farmacia Mil\u00e0\" \/>\n<meta property=\"og:description\" content=\"Protege tu piel con nuestra amplia gama de fotoprotectores de alta calidad. Encuentra cremas, sprays y lociones para una protecci\u00f3n solar eficaz. \u00a1Vis\u00edtanos!\" \/>\n<meta property=\"og:url\" content=\"https:\/\/farmaciamila.cat\/es\/servicios\/suplementacion\/fotoprotectores\/\" \/>\n<meta property=\"og:site_name\" content=\"Farmacia Mila | Sempre al teu costat\" \/>\n<meta property=\"article:publisher\" content=\"https:\/\/www.facebook.com\/farmaciamilagranollers\/\" \/>\n<meta property=\"article:modified_time\" content=\"2025-04-17T15:12:43+00:00\" \/>\n<meta name=\"twitter:card\" content=\"summary_large_image\" \/>\n<script type=\"application\/ld+json\" class=\"yoast-schema-graph\">{\"@context\":\"https:\\\/\\\/schema.org\",\"@graph\":[{\"@type\":\"WebPage\",\"@id\":\"https:\\\/\\\/farmaciamila.cat\\\/es\\\/servicios\\\/suplementacion\\\/fotoprotectores\\\/\",\"url\":\"https:\\\/\\\/farmaciamila.cat\\\/es\\\/servicios\\\/suplementacion\\\/fotoprotectores\\\/\",\"name\":\"Cremas solares y Fotoprotectores | Farmacia Mil\u00e0\",\"isPartOf\":{\"@id\":\"https:\\\/\\\/farmaciamila.cat\\\/es\\\/#website\"},\"datePublished\":\"2024-07-11T18:33:38+00:00\",\"dateModified\":\"2025-04-17T15:12:43+00:00\",\"description\":\"Protege tu piel con nuestra amplia gama de fotoprotectores de alta calidad. Encuentra cremas, sprays y lociones para una protecci\u00f3n solar eficaz. \u00a1Vis\u00edtanos!\",\"breadcrumb\":{\"@id\":\"https:\\\/\\\/farmaciamila.cat\\\/es\\\/servicios\\\/suplementacion\\\/fotoprotectores\\\/#breadcrumb\"},\"inLanguage\":\"es\",\"potentialAction\":[{\"@type\":\"ReadAction\",\"target\":[\"https:\\\/\\\/farmaciamila.cat\\\/es\\\/servicios\\\/suplementacion\\\/fotoprotectores\\\/\"]}]},{\"@type\":\"BreadcrumbList\",\"@id\":\"https:\\\/\\\/farmaciamila.cat\\\/es\\\/servicios\\\/suplementacion\\\/fotoprotectores\\\/#breadcrumb\",\"itemListElement\":[{\"@type\":\"ListItem\",\"position\":1,\"name\":\"Home\",\"item\":\"https:\\\/\\\/farmaciamila.cat\\\/es\\\/inicio\\\/\"},{\"@type\":\"ListItem\",\"position\":2,\"name\":\"Servicios\",\"item\":\"https:\\\/\\\/farmaciamila.cat\\\/es\\\/servicios\\\/\"},{\"@type\":\"ListItem\",\"position\":3,\"name\":\"Suplementaci\u00f3n\",\"item\":\"https:\\\/\\\/farmaciamila.cat\\\/es\\\/servicios\\\/suplementacion\\\/\"},{\"@type\":\"ListItem\",\"position\":4,\"name\":\"Cremas solares y Fotoprotectores\"}]},{\"@type\":\"WebSite\",\"@id\":\"https:\\\/\\\/farmaciamila.cat\\\/es\\\/#website\",\"url\":\"https:\\\/\\\/farmaciamila.cat\\\/es\\\/\",\"name\":\"Farmacia Mila | Sempre al teu costat\",\"description\":\"Tenim cura de tu i dels teus\",\"publisher\":{\"@id\":\"https:\\\/\\\/farmaciamila.cat\\\/es\\\/#organization\"},\"potentialAction\":[{\"@type\":\"SearchAction\",\"target\":{\"@type\":\"EntryPoint\",\"urlTemplate\":\"https:\\\/\\\/farmaciamila.cat\\\/es\\\/?s={search_term_string}\"},\"query-input\":{\"@type\":\"PropertyValueSpecification\",\"valueRequired\":true,\"valueName\":\"search_term_string\"}}],\"inLanguage\":\"es\"},{\"@type\":\"Organization\",\"@id\":\"https:\\\/\\\/farmaciamila.cat\\\/es\\\/#organization\",\"name\":\"Farmacia Mila\",\"url\":\"https:\\\/\\\/farmaciamila.cat\\\/es\\\/\",\"logo\":{\"@type\":\"ImageObject\",\"inLanguage\":\"es\",\"@id\":\"https:\\\/\\\/farmaciamila.cat\\\/es\\\/#\\\/schema\\\/logo\\\/image\\\/\",\"url\":\"https:\\\/\\\/farmaciamila.cat\\\/wp-content\\\/uploads\\\/2020\\\/06\\\/logo_quadrat.png\",\"contentUrl\":\"https:\\\/\\\/farmaciamila.cat\\\/wp-content\\\/uploads\\\/2020\\\/06\\\/logo_quadrat.png\",\"width\":500,\"height\":500,\"caption\":\"Farmacia Mila\"},\"image\":{\"@id\":\"https:\\\/\\\/farmaciamila.cat\\\/es\\\/#\\\/schema\\\/logo\\\/image\\\/\"},\"sameAs\":[\"https:\\\/\\\/www.facebook.com\\\/farmaciamilagranollers\\\/\",\"https:\\\/\\\/www.instagram.com\\\/farmacia.mila\\\/\"]}]}<\/script>\n<!-- \/ Yoast SEO plugin. -->","yoast_head_json":{"title":"Cremas solares y Fotoprotectores | Farmacia Mil\u00e0","description":"Protege tu piel con nuestra amplia gama de fotoprotectores de alta calidad. Encuentra cremas, sprays y lociones para una protecci\u00f3n solar eficaz. \u00a1Vis\u00edtanos!","robots":{"index":"index","follow":"follow","max-snippet":"max-snippet:-1","max-image-preview":"max-image-preview:large","max-video-preview":"max-video-preview:-1"},"canonical":"https:\/\/farmaciamila.cat\/es\/servicios\/suplementacion\/fotoprotectores\/","og_locale":"es_ES","og_type":"article","og_title":"Cremas solares y Fotoprotectores | Farmacia Mil\u00e0","og_description":"Protege tu piel con nuestra amplia gama de fotoprotectores de alta calidad. Encuentra cremas, sprays y lociones para una protecci\u00f3n solar eficaz. \u00a1Vis\u00edtanos!","og_url":"https:\/\/farmaciamila.cat\/es\/servicios\/suplementacion\/fotoprotectores\/","og_site_name":"Farmacia Mila | Sempre al teu costat","article_publisher":"https:\/\/www.facebook.com\/farmaciamilagranollers\/","article_modified_time":"2025-04-17T15:12:43+00:00","twitter_card":"summary_large_image","schema":{"@context":"https:\/\/schema.org","@graph":[{"@type":"WebPage","@id":"https:\/\/farmaciamila.cat\/es\/servicios\/suplementacion\/fotoprotectores\/","url":"https:\/\/farmaciamila.cat\/es\/servicios\/suplementacion\/fotoprotectores\/","name":"Cremas solares y Fotoprotectores | Farmacia Mil\u00e0","isPartOf":{"@id":"https:\/\/farmaciamila.cat\/es\/#website"},"datePublished":"2024-07-11T18:33:38+00:00","dateModified":"2025-04-17T15:12:43+00:00","description":"Protege tu piel con nuestra amplia gama de fotoprotectores de alta calidad. Encuentra cremas, sprays y lociones para una protecci\u00f3n solar eficaz. \u00a1Vis\u00edtanos!","breadcrumb":{"@id":"https:\/\/farmaciamila.cat\/es\/servicios\/suplementacion\/fotoprotectores\/#breadcrumb"},"inLanguage":"es","potentialAction":[{"@type":"ReadAction","target":["https:\/\/farmaciamila.cat\/es\/servicios\/suplementacion\/fotoprotectores\/"]}]},{"@type":"BreadcrumbList","@id":"https:\/\/farmaciamila.cat\/es\/servicios\/suplementacion\/fotoprotectores\/#breadcrumb","itemListElement":[{"@type":"ListItem","position":1,"name":"Home","item":"https:\/\/farmaciamila.cat\/es\/inicio\/"},{"@type":"ListItem","position":2,"name":"Servicios","item":"https:\/\/farmaciamila.cat\/es\/servicios\/"},{"@type":"ListItem","position":3,"name":"Suplementaci\u00f3n","item":"https:\/\/farmaciamila.cat\/es\/servicios\/suplementacion\/"},{"@type":"ListItem","position":4,"name":"Cremas solares y Fotoprotectores"}]},{"@type":"WebSite","@id":"https:\/\/farmaciamila.cat\/es\/#website","url":"https:\/\/farmaciamila.cat\/es\/","name":"Farmacia Mila | Sempre al teu costat","description":"Tenim cura de tu i dels teus","publisher":{"@id":"https:\/\/farmaciamila.cat\/es\/#organization"},"potentialAction":[{"@type":"SearchAction","target":{"@type":"EntryPoint","urlTemplate":"https:\/\/farmaciamila.cat\/es\/?s={search_term_string}"},"query-input":{"@type":"PropertyValueSpecification","valueRequired":true,"valueName":"search_term_string"}}],"inLanguage":"es"},{"@type":"Organization","@id":"https:\/\/farmaciamila.cat\/es\/#organization","name":"Farmacia Mila","url":"https:\/\/farmaciamila.cat\/es\/","logo":{"@type":"ImageObject","inLanguage":"es","@id":"https:\/\/farmaciamila.cat\/es\/#\/schema\/logo\/image\/","url":"https:\/\/farmaciamila.cat\/wp-content\/uploads\/2020\/06\/logo_quadrat.png","contentUrl":"https:\/\/farmaciamila.cat\/wp-content\/uploads\/2020\/06\/logo_quadrat.png","width":500,"height":500,"caption":"Farmacia Mila"},"image":{"@id":"https:\/\/farmaciamila.cat\/es\/#\/schema\/logo\/image\/"},"sameAs":["https:\/\/www.facebook.com\/farmaciamilagranollers\/","https:\/\/www.instagram.com\/farmacia.mila\/"]}]}},"_links":{"self":[{"href":"https:\/\/farmaciamila.cat\/es\/wp-json\/wp\/v2\/pages\/1313","targetHints":{"allow":["GET"]}}],"collection":[{"href":"https:\/\/farmaciamila.cat\/es\/wp-json\/wp\/v2\/pages"}],"about":[{"href":"https:\/\/farmaciamila.cat\/es\/wp-json\/wp\/v2\/types\/page"}],"author":[{"embeddable":true,"href":"https:\/\/farmaciamila.cat\/es\/wp-json\/wp\/v2\/users\/2"}],"replies":[{"embeddable":true,"href":"https:\/\/farmaciamila.cat\/es\/wp-json\/wp\/v2\/comments?post=1313"}],"version-history":[{"count":10,"href":"https:\/\/farmaciamila.cat\/es\/wp-json\/wp\/v2\/pages\/1313\/revisions"}],"predecessor-version":[{"id":1591,"href":"https:\/\/farmaciamila.cat\/es\/wp-json\/wp\/v2\/pages\/1313\/revisions\/1591"}],"up":[{"embeddable":true,"href":"https:\/\/farmaciamila.cat\/es\/wp-json\/wp\/v2\/pages\/727"}],"wp:attachment":[{"href":"https:\/\/farmaciamila.cat\/es\/wp-json\/wp\/v2\/media?parent=1313"}],"curies":[{"name":"wp","href":"https:\/\/api.w.org\/{rel}","templated":true}]}}