{"id":1285,"date":"2024-07-11T19:34:11","date_gmt":"2024-07-11T17:34:11","guid":{"rendered":"https:\/\/farmaciamila.cat\/?page_id=1285"},"modified":"2025-04-17T14:47:31","modified_gmt":"2025-04-17T12:47:31","slug":"movilidad","status":"publish","type":"page","link":"https:\/\/farmaciamila.cat\/es\/servicios\/movilidad\/","title":{"rendered":"Art\u00edculos de ortopedia"},"content":{"rendered":"\n\n\t<section class=\"section\" id=\"section_123204353\">\n\t\t<div class=\"section-bg fill\" >\n\t\t\t<img loading=\"lazy\" decoding=\"async\" width=\"2560\" height=\"1707\" src=\"https:\/\/farmaciamila.cat\/wp-content\/uploads\/2024\/07\/Movilidad-ortopedia-Farmacia-Mila-Granollers-scaled.webp\" class=\"bg attachment- size-\" alt=\"Movilidad ortopedia - Farmacia Mila Granollers\" \/>\t\t\t\t\t\t\n\t\t\t\n\n\t\t<\/div>\n\n\t\t\n\n\t\t<div class=\"section-content relative\">\n\t\t\t\n\n\t<div id=\"gap-432835974\" class=\"gap-element clearfix\" style=\"display:block; height:auto;\">\n\t\t\n<style>\n#gap-432835974 {\n  padding-top: 30px;\n}\n<\/style>\n\t<\/div>\n\t\n\n<div class=\"row align-middle\" style=\"max-width:1300px\" id=\"row-1919252379\">\n\n\n\t<div id=\"col-485813994\" class=\"col medium-7 small-12 large-7\"  >\n\t\t\t\t<div class=\"col-inner dark\" style=\"background-color:rgba(255, 255, 255, 0.645);\" >\n\t\t\t\n\t\t\t\n\n\t<div id=\"text-4180801692\" class=\"text\">\n\t\t\n\n<h1>Art\u00edculos de ortopedia<\/h1>\n\t\t\n<style>\n#text-4180801692 {\n  font-size: 1.75rem;\n  line-height: 2;\n  text-align: left;\n  color: #181c1e;\n}\n#text-4180801692 > * {\n  color: #181c1e;\n}\n@media (min-width:550px) {\n  #text-4180801692 {\n    font-size: 2rem;\n  }\n}\n<\/style>\n\t<\/div>\n\t\n\n\t\t<\/div>\n\t\t\t\t\n<style>\n#col-485813994 > .col-inner {\n  padding: 20px 20px 0px 20px;\n  border-radius: 10px;\n}\n<\/style>\n\t<\/div>\n\n\t\n\n<\/div>\n\n\t\t<\/div>\n\n\t\t\n<style>\n#section_123204353 {\n  padding-top: 30px;\n  padding-bottom: 30px;\n  min-height: 350px;\n}\n@media (min-width:550px) {\n  #section_123204353 {\n    min-height: 500px;\n  }\n}\n@media (min-width:850px) {\n  #section_123204353 {\n    min-height: 500px;\n  }\n}\n<\/style>\n\t<\/section>\n\t\n\n\t<section class=\"section\" id=\"section_449173304\">\n\t\t<div class=\"section-bg fill\" >\n\t\t\t\t\t\t\t\t\t\n\t\t\t\n\n\t\t<\/div>\n\n\t\t\n\n\t\t<div class=\"section-content relative\">\n\t\t\t\n\n<div class=\"row align-center\"  id=\"row-2133847407\">\n\n\n\t<div id=\"col-139604161\" class=\"col medium-4 small-12 large-4\"  >\n\t\t\t\t<div class=\"col-inner\"  >\n\t\t\t\n\t\t\t\n\n<ul class=\"sidebar-wrapper ul-reset\"><aside id=\"nav_menu-3\" class=\"widget widget_nav_menu\"><span class=\"widget-title \"><span>Listado de servicios<\/span><\/span><div class=\"is-divider small\"><\/div><div class=\"menu-serveis_menu_es-container\"><ul id=\"menu-serveis_menu_es\" class=\"menu\"><li id=\"menu-item-768\" class=\"menu-item menu-item-type-post_type menu-item-object-page menu-item-768\"><a href=\"https:\/\/farmaciamila.cat\/es\/servicios\/analisis-colesterol-y-azucar\/\">An\u00e1lisis colesterol y az\u00facar<\/a><\/li>\n<li id=\"menu-item-762\" class=\"menu-item menu-item-type-post_type menu-item-object-page menu-item-762\"><a href=\"https:\/\/farmaciamila.cat\/es\/servicios\/tension-arterial\/\">Tensi\u00f3n arterial<\/a><\/li>\n<li id=\"menu-item-764\" class=\"menu-item menu-item-type-post_type menu-item-object-page menu-item-764\"><a href=\"https:\/\/farmaciamila.cat\/es\/servicios\/preparacion-medicacion\/\">Preparaci\u00f3n medicaci\u00f3n<\/a><\/li>\n<li id=\"menu-item-769\" class=\"menu-item menu-item-type-post_type menu-item-object-page menu-item-769\"><a href=\"https:\/\/farmaciamila.cat\/es\/servicios\/dermocosmetica\/\">Dermocosm\u00e9tica<\/a><\/li>\n<li id=\"menu-item-765\" class=\"menu-item menu-item-type-post_type menu-item-object-page menu-item-765\"><a href=\"https:\/\/farmaciamila.cat\/es\/servicios\/nutricion\/\">Nutrici\u00f3n<\/a><\/li>\n<li id=\"menu-item-767\" class=\"menu-item menu-item-type-post_type menu-item-object-page menu-item-767\"><a href=\"https:\/\/farmaciamila.cat\/es\/servicios\/formulas-magistrales\/\">F\u00f3rmulas magistrales<\/a><\/li>\n<li id=\"menu-item-766\" class=\"menu-item menu-item-type-post_type menu-item-object-page menu-item-766\"><a href=\"https:\/\/farmaciamila.cat\/es\/servicios\/bebes-y-madres\/\">Beb\u00e9s y madres<\/a><\/li>\n<li id=\"menu-item-763\" class=\"menu-item menu-item-type-post_type menu-item-object-page menu-item-763\"><a href=\"https:\/\/farmaciamila.cat\/es\/servicios\/suplementacion\/\">Suplementaci\u00f3n<\/a><\/li>\n<\/ul><\/div><\/aside><\/ul>\n\n\n\t\t<\/div>\n\t\t\t\t\t<\/div>\n\n\t\n\n\t<div id=\"col-1615119034\" class=\"col medium-8 small-12 large-8\"  >\n\t\t\t\t<div class=\"col-inner text-left\"  >\n\t\t\t\n\t\t\t\n\n\t<div id=\"text-2371483515\" class=\"text\">\n\t\t\n\n<p>En nuestra secci\u00f3n de ortopedia ofrecemos una amplia gama de productos dise\u00f1ados para proporcionar soporte y comodidad para tu cuerpo. En nuestra farmacia entendemos la importancia de tener productos de calidad para tu bienestar diario.<\/p>\n<p>Nuestras mu\u00f1equeras, tobilleras y rodilleras est\u00e1n dise\u00f1adas con los materiales m\u00e1s avanzados para proporcionar el soporte adecuado y ayudar a mejorar tu movilidad. Nuestro personal est\u00e1 calificado para asesorarte sobre el producto que mejor se adapte a tus necesidades.<\/p>\n<p>Cada producto est\u00e1 pensado para proporcionarle confort sin comprometer la funcionalidad. Ya sea que necesites soporte para una lesi\u00f3n reciente o simplemente para mejorar tu estabilidad diaria, tenemos una soluci\u00f3n para ti.<\/p>\n<p>Ven a nuestra farmacia para explorar nuestra colecci\u00f3n completa de ortopedia. Estamos aqu\u00ed para ayudarte a encontrar la mejor opci\u00f3n para su bienestar f\u00edsico. No dudes en preguntar a nuestro personal experto para obtener m\u00e1s informaci\u00f3n sobre nuestros productos y c\u00f3mo pueden beneficiarte.<\/p>\n<p>Con nosotros, tu salud y comodidad son nuestra prioridad. Descubre c\u00f3mo nuestros productos de ortopedia pueden mejorar tu calidad de vida. Te esperamos en nuestra farmacia para proporcionarte el soporte que necesitas.<\/p>\n\t\t\n<style>\n#text-2371483515 {\n  color: rgb(0,0,0);\n}\n#text-2371483515 > * {\n  color: rgb(0,0,0);\n}\n<\/style>\n\t<\/div>\n\t\n<a href=\"https:\/\/farmaciamila.cat\/es\/contacto\/\" class=\"button primary is-large\" style=\"border-radius:10px;padding:5px 20px 5px 20px;\">\n\t\t<span>Contacta con nosotros<\/span>\n\t<\/a>\n\n\n\n\t\t<\/div>\n\t\t\t\t\t<\/div>\n\n\t\n\n<\/div>\n\n\t\t<\/div>\n\n\t\t\n<style>\n#section_449173304 {\n  padding-top: 30px;\n  padding-bottom: 30px;\n}\n<\/style>\n\t<\/section>\n\t\n\n","protected":false},"excerpt":{"rendered":"","protected":false},"author":2,"featured_media":0,"parent":706,"menu_order":0,"comment_status":"closed","ping_status":"closed","template":"","meta":{"footnotes":""},"class_list":["post-1285","page","type-page","status-publish","hentry"],"yoast_head":"<!-- This site is optimized with the Yoast SEO plugin v27.4 - https:\/\/yoast.com\/product\/yoast-seo-wordpress\/ -->\n<title>Rodilleras, Mu\u00f1equeras y Tobilleras | Farmacia Mil\u00e0<\/title>\n<meta name=\"description\" content=\"Mejora tu movilidad con nuestras rodilleras, mu\u00f1equeras y tobilleras de alta calidad. Encuentra el soporte adecuado para tus necesidade. \u00a1Vis\u00edtanos!\" \/>\n<meta name=\"robots\" content=\"index, follow, max-snippet:-1, max-image-preview:large, max-video-preview:-1\" \/>\n<link rel=\"canonical\" href=\"https:\/\/farmaciamila.cat\/es\/servicios\/movilidad\/\" \/>\n<meta property=\"og:locale\" content=\"es_ES\" \/>\n<meta property=\"og:type\" content=\"article\" \/>\n<meta property=\"og:title\" content=\"Rodilleras, Mu\u00f1equeras y Tobilleras | Farmacia Mil\u00e0\" \/>\n<meta property=\"og:description\" content=\"Mejora tu movilidad con nuestras rodilleras, mu\u00f1equeras y tobilleras de alta calidad. Encuentra el soporte adecuado para tus necesidade. \u00a1Vis\u00edtanos!\" \/>\n<meta property=\"og:url\" content=\"https:\/\/farmaciamila.cat\/es\/servicios\/movilidad\/\" \/>\n<meta property=\"og:site_name\" content=\"Farmacia Mila | Sempre al teu costat\" \/>\n<meta property=\"article:publisher\" content=\"https:\/\/www.facebook.com\/farmaciamilagranollers\/\" \/>\n<meta property=\"article:modified_time\" content=\"2025-04-17T12:47:31+00:00\" \/>\n<meta name=\"twitter:card\" content=\"summary_large_image\" \/>\n<script type=\"application\/ld+json\" class=\"yoast-schema-graph\">{\"@context\":\"https:\\\/\\\/schema.org\",\"@graph\":[{\"@type\":\"WebPage\",\"@id\":\"https:\\\/\\\/farmaciamila.cat\\\/es\\\/servicios\\\/movilidad\\\/\",\"url\":\"https:\\\/\\\/farmaciamila.cat\\\/es\\\/servicios\\\/movilidad\\\/\",\"name\":\"Rodilleras, Mu\u00f1equeras y Tobilleras | Farmacia Mil\u00e0\",\"isPartOf\":{\"@id\":\"https:\\\/\\\/farmaciamila.cat\\\/es\\\/#website\"},\"datePublished\":\"2024-07-11T17:34:11+00:00\",\"dateModified\":\"2025-04-17T12:47:31+00:00\",\"description\":\"Mejora tu movilidad con nuestras rodilleras, mu\u00f1equeras y tobilleras de alta calidad. Encuentra el soporte adecuado para tus necesidade. \u00a1Vis\u00edtanos!\",\"breadcrumb\":{\"@id\":\"https:\\\/\\\/farmaciamila.cat\\\/es\\\/servicios\\\/movilidad\\\/#breadcrumb\"},\"inLanguage\":\"es\",\"potentialAction\":[{\"@type\":\"ReadAction\",\"target\":[\"https:\\\/\\\/farmaciamila.cat\\\/es\\\/servicios\\\/movilidad\\\/\"]}]},{\"@type\":\"BreadcrumbList\",\"@id\":\"https:\\\/\\\/farmaciamila.cat\\\/es\\\/servicios\\\/movilidad\\\/#breadcrumb\",\"itemListElement\":[{\"@type\":\"ListItem\",\"position\":1,\"name\":\"Home\",\"item\":\"https:\\\/\\\/farmaciamila.cat\\\/es\\\/inicio\\\/\"},{\"@type\":\"ListItem\",\"position\":2,\"name\":\"Servicios\",\"item\":\"https:\\\/\\\/farmaciamila.cat\\\/es\\\/servicios\\\/\"},{\"@type\":\"ListItem\",\"position\":3,\"name\":\"Art\u00edculos de ortopedia\"}]},{\"@type\":\"WebSite\",\"@id\":\"https:\\\/\\\/farmaciamila.cat\\\/es\\\/#website\",\"url\":\"https:\\\/\\\/farmaciamila.cat\\\/es\\\/\",\"name\":\"Farmacia Mila | Sempre al teu costat\",\"description\":\"Tenim cura de tu i dels teus\",\"publisher\":{\"@id\":\"https:\\\/\\\/farmaciamila.cat\\\/es\\\/#organization\"},\"potentialAction\":[{\"@type\":\"SearchAction\",\"target\":{\"@type\":\"EntryPoint\",\"urlTemplate\":\"https:\\\/\\\/farmaciamila.cat\\\/es\\\/?s={search_term_string}\"},\"query-input\":{\"@type\":\"PropertyValueSpecification\",\"valueRequired\":true,\"valueName\":\"search_term_string\"}}],\"inLanguage\":\"es\"},{\"@type\":\"Organization\",\"@id\":\"https:\\\/\\\/farmaciamila.cat\\\/es\\\/#organization\",\"name\":\"Farmacia Mila\",\"url\":\"https:\\\/\\\/farmaciamila.cat\\\/es\\\/\",\"logo\":{\"@type\":\"ImageObject\",\"inLanguage\":\"es\",\"@id\":\"https:\\\/\\\/farmaciamila.cat\\\/es\\\/#\\\/schema\\\/logo\\\/image\\\/\",\"url\":\"https:\\\/\\\/farmaciamila.cat\\\/wp-content\\\/uploads\\\/2020\\\/06\\\/logo_quadrat.png\",\"contentUrl\":\"https:\\\/\\\/farmaciamila.cat\\\/wp-content\\\/uploads\\\/2020\\\/06\\\/logo_quadrat.png\",\"width\":500,\"height\":500,\"caption\":\"Farmacia Mila\"},\"image\":{\"@id\":\"https:\\\/\\\/farmaciamila.cat\\\/es\\\/#\\\/schema\\\/logo\\\/image\\\/\"},\"sameAs\":[\"https:\\\/\\\/www.facebook.com\\\/farmaciamilagranollers\\\/\",\"https:\\\/\\\/www.instagram.com\\\/farmacia.mila\\\/\"]}]}<\/script>\n<!-- \/ Yoast SEO plugin. -->","yoast_head_json":{"title":"Rodilleras, Mu\u00f1equeras y Tobilleras | Farmacia Mil\u00e0","description":"Mejora tu movilidad con nuestras rodilleras, mu\u00f1equeras y tobilleras de alta calidad. Encuentra el soporte adecuado para tus necesidade. \u00a1Vis\u00edtanos!","robots":{"index":"index","follow":"follow","max-snippet":"max-snippet:-1","max-image-preview":"max-image-preview:large","max-video-preview":"max-video-preview:-1"},"canonical":"https:\/\/farmaciamila.cat\/es\/servicios\/movilidad\/","og_locale":"es_ES","og_type":"article","og_title":"Rodilleras, Mu\u00f1equeras y Tobilleras | Farmacia Mil\u00e0","og_description":"Mejora tu movilidad con nuestras rodilleras, mu\u00f1equeras y tobilleras de alta calidad. Encuentra el soporte adecuado para tus necesidade. \u00a1Vis\u00edtanos!","og_url":"https:\/\/farmaciamila.cat\/es\/servicios\/movilidad\/","og_site_name":"Farmacia Mila | Sempre al teu costat","article_publisher":"https:\/\/www.facebook.com\/farmaciamilagranollers\/","article_modified_time":"2025-04-17T12:47:31+00:00","twitter_card":"summary_large_image","schema":{"@context":"https:\/\/schema.org","@graph":[{"@type":"WebPage","@id":"https:\/\/farmaciamila.cat\/es\/servicios\/movilidad\/","url":"https:\/\/farmaciamila.cat\/es\/servicios\/movilidad\/","name":"Rodilleras, Mu\u00f1equeras y Tobilleras | Farmacia Mil\u00e0","isPartOf":{"@id":"https:\/\/farmaciamila.cat\/es\/#website"},"datePublished":"2024-07-11T17:34:11+00:00","dateModified":"2025-04-17T12:47:31+00:00","description":"Mejora tu movilidad con nuestras rodilleras, mu\u00f1equeras y tobilleras de alta calidad. Encuentra el soporte adecuado para tus necesidade. \u00a1Vis\u00edtanos!","breadcrumb":{"@id":"https:\/\/farmaciamila.cat\/es\/servicios\/movilidad\/#breadcrumb"},"inLanguage":"es","potentialAction":[{"@type":"ReadAction","target":["https:\/\/farmaciamila.cat\/es\/servicios\/movilidad\/"]}]},{"@type":"BreadcrumbList","@id":"https:\/\/farmaciamila.cat\/es\/servicios\/movilidad\/#breadcrumb","itemListElement":[{"@type":"ListItem","position":1,"name":"Home","item":"https:\/\/farmaciamila.cat\/es\/inicio\/"},{"@type":"ListItem","position":2,"name":"Servicios","item":"https:\/\/farmaciamila.cat\/es\/servicios\/"},{"@type":"ListItem","position":3,"name":"Art\u00edculos de ortopedia"}]},{"@type":"WebSite","@id":"https:\/\/farmaciamila.cat\/es\/#website","url":"https:\/\/farmaciamila.cat\/es\/","name":"Farmacia Mila | Sempre al teu costat","description":"Tenim cura de tu i dels teus","publisher":{"@id":"https:\/\/farmaciamila.cat\/es\/#organization"},"potentialAction":[{"@type":"SearchAction","target":{"@type":"EntryPoint","urlTemplate":"https:\/\/farmaciamila.cat\/es\/?s={search_term_string}"},"query-input":{"@type":"PropertyValueSpecification","valueRequired":true,"valueName":"search_term_string"}}],"inLanguage":"es"},{"@type":"Organization","@id":"https:\/\/farmaciamila.cat\/es\/#organization","name":"Farmacia Mila","url":"https:\/\/farmaciamila.cat\/es\/","logo":{"@type":"ImageObject","inLanguage":"es","@id":"https:\/\/farmaciamila.cat\/es\/#\/schema\/logo\/image\/","url":"https:\/\/farmaciamila.cat\/wp-content\/uploads\/2020\/06\/logo_quadrat.png","contentUrl":"https:\/\/farmaciamila.cat\/wp-content\/uploads\/2020\/06\/logo_quadrat.png","width":500,"height":500,"caption":"Farmacia Mila"},"image":{"@id":"https:\/\/farmaciamila.cat\/es\/#\/schema\/logo\/image\/"},"sameAs":["https:\/\/www.facebook.com\/farmaciamilagranollers\/","https:\/\/www.instagram.com\/farmacia.mila\/"]}]}},"_links":{"self":[{"href":"https:\/\/farmaciamila.cat\/es\/wp-json\/wp\/v2\/pages\/1285","targetHints":{"allow":["GET"]}}],"collection":[{"href":"https:\/\/farmaciamila.cat\/es\/wp-json\/wp\/v2\/pages"}],"about":[{"href":"https:\/\/farmaciamila.cat\/es\/wp-json\/wp\/v2\/types\/page"}],"author":[{"embeddable":true,"href":"https:\/\/farmaciamila.cat\/es\/wp-json\/wp\/v2\/users\/2"}],"replies":[{"embeddable":true,"href":"https:\/\/farmaciamila.cat\/es\/wp-json\/wp\/v2\/comments?post=1285"}],"version-history":[{"count":8,"href":"https:\/\/farmaciamila.cat\/es\/wp-json\/wp\/v2\/pages\/1285\/revisions"}],"predecessor-version":[{"id":1555,"href":"https:\/\/farmaciamila.cat\/es\/wp-json\/wp\/v2\/pages\/1285\/revisions\/1555"}],"up":[{"embeddable":true,"href":"https:\/\/farmaciamila.cat\/es\/wp-json\/wp\/v2\/pages\/706"}],"wp:attachment":[{"href":"https:\/\/farmaciamila.cat\/es\/wp-json\/wp\/v2\/media?parent=1285"}],"curies":[{"name":"wp","href":"https:\/\/api.w.org\/{rel}","templated":true}]}}