{"id":587,"date":"2020-06-25T23:13:24","date_gmt":"2020-06-25T21:13:24","guid":{"rendered":"https:\/\/farmaciamila.cat\/?page_id=587"},"modified":"2024-09-17T14:09:21","modified_gmt":"2024-09-17T12:09:21","slug":"fes-el-teu-encarrec","status":"publish","type":"page","link":"https:\/\/farmaciamila.cat\/ca\/fes-el-teu-encarrec\/","title":{"rendered":"Fes el teu enc\u00e0rrec"},"content":{"rendered":"\n\n\t<section class=\"section\" id=\"section_1838961786\">\n\t\t<div class=\"section-bg fill\" >\n\t\t\t<img loading=\"lazy\" decoding=\"async\" width=\"2560\" height=\"1707\" src=\"https:\/\/farmaciamila.cat\/wp-content\/uploads\/2024\/07\/Recollida-comanda-online-farmacia-mila-granollers-scaled.webp\" class=\"bg attachment- size-\" alt=\"Recollida comanda online - Farmacia Mila Granollers\" \/>\t\t\t\t\t\t\n\t\t\t\n\n\t\t<\/div>\n\n\t\t\n\n\t\t<div class=\"section-content relative\">\n\t\t\t\n\n\t<div id=\"gap-1339241483\" class=\"gap-element clearfix\" style=\"display:block; height:auto;\">\n\t\t\n<style>\n#gap-1339241483 {\n  padding-top: 30px;\n}\n<\/style>\n\t<\/div>\n\t\n\n<div class=\"row align-middle\" style=\"max-width:1300px\" id=\"row-181258351\">\n\n\n\t<div id=\"col-959160471\" class=\"col medium-6 small-12 large-6\"  >\n\t\t\t\t<div class=\"col-inner dark\" style=\"background-color:rgba(255, 255, 255, 0.645);\" >\n\t\t\t\n\t\t\t\n\n\t<div id=\"text-846646288\" class=\"text\">\n\t\t\n\n<h1>Servei d&#8217;enc\u00e0rrecs<\/h1>\n\t\t\n<style>\n#text-846646288 {\n  font-size: 1.75rem;\n  color: rgb(0,0,0);\n}\n#text-846646288 > * {\n  color: rgb(0,0,0);\n}\n@media (min-width:550px) {\n  #text-846646288 {\n    font-size: 2rem;\n  }\n}\n<\/style>\n\t<\/div>\n\t\n\n\t\t<\/div>\n\t\t\t\t\n<style>\n#col-959160471 > .col-inner {\n  padding: 20px 20px 10px 20px;\n  border-radius: 10px;\n}\n<\/style>\n\t<\/div>\n\n\t\n\n<\/div>\n\n\t\t<\/div>\n\n\t\t\n<style>\n#section_1838961786 {\n  padding-top: 30px;\n  padding-bottom: 30px;\n  min-height: 350px;\n}\n@media (min-width:550px) {\n  #section_1838961786 {\n    min-height: 500px;\n  }\n}\n@media (min-width:850px) {\n  #section_1838961786 {\n    min-height: 500px;\n  }\n}\n<\/style>\n\t<\/section>\n\t\n\n\t<section class=\"section\" id=\"section_1012353481\">\n\t\t<div class=\"section-bg fill\" >\n\t\t\t\t\t\t\t\t\t\n\t\t\t\n\n\t\t<\/div>\n\n\t\t\n\n\t\t<div class=\"section-content relative\">\n\t\t\t\n\n\t<div id=\"text-3216404202\" class=\"text\">\n\t\t\n\n<h2>Passos a seguir<\/h2>\n\t\t\n<style>\n#text-3216404202 {\n  font-size: 1.8rem;\n  text-align: center;\n}\n<\/style>\n\t<\/div>\n\t\n<div class=\"row\"  id=\"row-1109164629\">\n\n\n\t<div id=\"col-910624637\" class=\"col medium-4 small-12 large-4\"  >\n\t\t\t\t<div class=\"col-inner\"  >\n\t\t\t\n\t\t\t\n\n\n\t\t<div class=\"icon-box featured-box icon-box-center text-center\"  >\n\t\t\t\t\t<div class=\"icon-box-img\" style=\"width: 503px\">\n\t\t\t\t<div class=\"icon\">\n\t\t\t\t\t<div class=\"icon-inner\" style=\"color:rgb(7, 65, 115);\">\n\t\t\t\t\t\t<img loading=\"lazy\" decoding=\"async\" width=\"300\" height=\"200\" src=\"https:\/\/farmaciamila.cat\/wp-content\/uploads\/2024\/07\/Comanda-online-farmacia-mila-granollers-300x200.webp\" class=\"attachment-medium size-medium\" alt=\"Comanda online - Farmacia Mila Granollers\" srcset=\"https:\/\/farmaciamila.cat\/wp-content\/uploads\/2024\/07\/Comanda-online-farmacia-mila-granollers-300x200.webp 300w, https:\/\/farmaciamila.cat\/wp-content\/uploads\/2024\/07\/Comanda-online-farmacia-mila-granollers-1024x683.webp 1024w, https:\/\/farmaciamila.cat\/wp-content\/uploads\/2024\/07\/Comanda-online-farmacia-mila-granollers-768x512.webp 768w, https:\/\/farmaciamila.cat\/wp-content\/uploads\/2024\/07\/Comanda-online-farmacia-mila-granollers-1536x1024.webp 1536w, https:\/\/farmaciamila.cat\/wp-content\/uploads\/2024\/07\/Comanda-online-farmacia-mila-granollers-2048x1365.webp 2048w\" sizes=\"auto, (max-width: 300px) 100vw, 300px\" \/>\t\t\t\t\t<\/div>\n\t\t\t\t<\/div>\n\t\t\t<\/div>\n\t\t\t\t<div class=\"icon-box-text last-reset\">\n\t\t\t\t\t\t\t\t\t\n\n<h3>Fes la teva comanda<\/h3>\n\t<div id=\"gap-162755159\" class=\"gap-element clearfix\" style=\"display:block; height:auto;\">\n\t\t\n<style>\n#gap-162755159 {\n  padding-top: 10px;\n}\n<\/style>\n\t<\/div>\n\t\n\n\t<div id=\"text-3803059856\" class=\"text\">\n\t\t\n\n<p>Trucant a <a href=\"tel:+34938703596\">+34 93 870 35 96<\/a> <br>Whatsapp a <a href=\"https:\/\/wa.me\/0034606585962\">+34 606 58 59 62<\/a><br> Correu a <a href=\"mailto:info@farmaciamila.cat\">info@farmaciamila.cat<\/a><\/p>\n\t\t\n<style>\n#text-3803059856 {\n  text-align: center;\n}\n<\/style>\n\t<\/div>\n\t\n\n\t\t<\/div>\n\t<\/div>\n\t\n\t\n\n\t\t<\/div>\n\t\t\t\t\t<\/div>\n\n\t\n\n\t<div id=\"col-1644805137\" class=\"col medium-4 small-12 large-4\"  >\n\t\t\t\t<div class=\"col-inner\"  >\n\t\t\t\n\t\t\t\n\n\n\t\t<div class=\"icon-box featured-box icon-box-center text-center\"  >\n\t\t\t\t\t<div class=\"icon-box-img\" style=\"width: 506px\">\n\t\t\t\t<div class=\"icon\">\n\t\t\t\t\t<div class=\"icon-inner\" style=\"color:rgb(7, 65, 115);\">\n\t\t\t\t\t\t<img loading=\"lazy\" decoding=\"async\" width=\"300\" height=\"200\" src=\"https:\/\/farmaciamila.cat\/wp-content\/uploads\/2024\/04\/farmacia-mila-servei-medicaments-300x200.webp\" class=\"attachment-medium size-medium\" alt=\"medicaments - Farmacia Mila Granollers\" srcset=\"https:\/\/farmaciamila.cat\/wp-content\/uploads\/2024\/04\/farmacia-mila-servei-medicaments-300x200.webp 300w, https:\/\/farmaciamila.cat\/wp-content\/uploads\/2024\/04\/farmacia-mila-servei-medicaments-1024x683.webp 1024w, https:\/\/farmaciamila.cat\/wp-content\/uploads\/2024\/04\/farmacia-mila-servei-medicaments-768x512.webp 768w, https:\/\/farmaciamila.cat\/wp-content\/uploads\/2024\/04\/farmacia-mila-servei-medicaments-1536x1024.webp 1536w, https:\/\/farmaciamila.cat\/wp-content\/uploads\/2024\/04\/farmacia-mila-servei-medicaments-2048x1365.webp 2048w\" sizes=\"auto, (max-width: 300px) 100vw, 300px\" \/>\t\t\t\t\t<\/div>\n\t\t\t\t<\/div>\n\t\t\t<\/div>\n\t\t\t\t<div class=\"icon-box-text last-reset\">\n\t\t\t\t\t\t\t\t\t\n\n<h3>La preparem<\/h3>\n\t<div id=\"gap-1616869491\" class=\"gap-element clearfix\" style=\"display:block; height:auto;\">\n\t\t\n<style>\n#gap-1616869491 {\n  padding-top: 10px;\n}\n<\/style>\n\t<\/div>\n\t\n\n\t<div id=\"text-3213718237\" class=\"text\">\n\t\t\n\n<p>Rebr\u00e0s un av\u00eds quan estigui llest pel m\u00e8tode que prefereixis: correu, WhatsApp o tel\u00e8fon.<\/p>\n\t\t\n<style>\n#text-3213718237 {\n  text-align: center;\n}\n<\/style>\n\t<\/div>\n\t\n\n\t\t<\/div>\n\t<\/div>\n\t\n\t\n\n\t\t<\/div>\n\t\t\t\t\t<\/div>\n\n\t\n\n\t<div id=\"col-1110363592\" class=\"col medium-4 small-12 large-4\"  >\n\t\t\t\t<div class=\"col-inner\"  >\n\t\t\t\n\t\t\t\n\n\n\t\t<div class=\"icon-box featured-box icon-box-center text-center\"  >\n\t\t\t\t\t<div class=\"icon-box-img\" style=\"width: 506px\">\n\t\t\t\t<div class=\"icon\">\n\t\t\t\t\t<div class=\"icon-inner\" style=\"color:rgb(7, 65, 115);\">\n\t\t\t\t\t\t<img loading=\"lazy\" decoding=\"async\" width=\"300\" height=\"200\" src=\"https:\/\/farmaciamila.cat\/wp-content\/uploads\/2024\/07\/Recollida-comanda-online-farmacia-mila-granollers-300x200.webp\" class=\"attachment-medium size-medium\" alt=\"Recollida comanda online - Farmacia Mila Granollers\" srcset=\"https:\/\/farmaciamila.cat\/wp-content\/uploads\/2024\/07\/Recollida-comanda-online-farmacia-mila-granollers-300x200.webp 300w, https:\/\/farmaciamila.cat\/wp-content\/uploads\/2024\/07\/Recollida-comanda-online-farmacia-mila-granollers-1024x683.webp 1024w, https:\/\/farmaciamila.cat\/wp-content\/uploads\/2024\/07\/Recollida-comanda-online-farmacia-mila-granollers-768x512.webp 768w, https:\/\/farmaciamila.cat\/wp-content\/uploads\/2024\/07\/Recollida-comanda-online-farmacia-mila-granollers-1536x1024.webp 1536w, https:\/\/farmaciamila.cat\/wp-content\/uploads\/2024\/07\/Recollida-comanda-online-farmacia-mila-granollers-2048x1365.webp 2048w\" sizes=\"auto, (max-width: 300px) 100vw, 300px\" \/>\t\t\t\t\t<\/div>\n\t\t\t\t<\/div>\n\t\t\t<\/div>\n\t\t\t\t<div class=\"icon-box-text last-reset\">\n\t\t\t\t\t\t\t\t\t\n\n<h3>Vine a recollir-la<\/h3>\n\t<div id=\"gap-2053603817\" class=\"gap-element clearfix\" style=\"display:block; height:auto;\">\n\t\t\n<style>\n#gap-2053603817 {\n  padding-top: 10px;\n}\n<\/style>\n\t<\/div>\n\t\n\n\t<div id=\"text-856864096\" class=\"text\">\n\t\t\n\n<p>Passa a recollir-la quan vulguis. Paga c\u00f2modament a la farm\u00e0cia.<\/p>\n\t\t\n<style>\n#text-856864096 {\n  text-align: center;\n}\n<\/style>\n\t<\/div>\n\t\n\n\t\t<\/div>\n\t<\/div>\n\t\n\t\n\n\t\t<\/div>\n\t\t\t\t\t<\/div>\n\n\t\n\n<\/div>\n<div class=\"row align-center\"  id=\"row-200946182\">\n\n\n\t<div id=\"col-1416594558\" class=\"col medium-9 small-12 large-9\"  >\n\t\t\t\t<div class=\"col-inner text-left\"  >\n\t\t\t\n\t\t\t\n\n\t<div id=\"text-2166410786\" class=\"text\">\n\t\t\n\n<h3>Tamb\u00e9 pots fer-nos comandes a trav\u00e9s del seg\u00fcent formulari<\/h3>\n\t\t\n<style>\n#text-2166410786 {\n  text-align: center;\n}\n<\/style>\n\t<\/div>\n\t\n\t<div id=\"gap-429939457\" class=\"gap-element clearfix\" style=\"display:block; height:auto;\">\n\t\t\n<style>\n#gap-429939457 {\n  padding-top: 30px;\n}\n<\/style>\n\t<\/div>\n\t\n\n\n<div class=\"wpcf7 no-js\" id=\"wpcf7-f372-o1\" lang=\"ca\" dir=\"ltr\" data-wpcf7-id=\"372\">\n<div class=\"screen-reader-response\"><p role=\"status\" aria-live=\"polite\" aria-atomic=\"true\"><\/p> <ul><\/ul><\/div>\n<form action=\"\/ca\/wp-json\/wp\/v2\/pages\/587#wpcf7-f372-o1\" method=\"post\" class=\"wpcf7-form init wpcf7-acceptance-as-validation\" aria-label=\"Formulari de contacte\" novalidate=\"novalidate\" data-status=\"init\">\n<fieldset class=\"hidden-fields-container\"><input type=\"hidden\" name=\"_wpcf7\" value=\"372\" \/><input type=\"hidden\" name=\"_wpcf7_version\" value=\"6.1.5\" \/><input type=\"hidden\" name=\"_wpcf7_locale\" value=\"ca\" \/><input type=\"hidden\" name=\"_wpcf7_unit_tag\" value=\"wpcf7-f372-o1\" \/><input type=\"hidden\" name=\"_wpcf7_container_post\" value=\"0\" \/><input type=\"hidden\" name=\"_wpcf7_posted_data_hash\" value=\"\" \/><input type=\"hidden\" name=\"_wpcf7_recaptcha_response\" value=\"\" \/>\n<\/fieldset>\n<p><span class=\"wpcf7-form-control-wrap\" data-name=\"nom\"><input size=\"40\" maxlength=\"400\" class=\"wpcf7-form-control wpcf7-text wpcf7-validates-as-required\" aria-required=\"true\" aria-invalid=\"false\" placeholder=\"Nom i cognoms *\" value=\"\" type=\"text\" name=\"nom\" \/><\/span>\n<\/p>\n<p><span class=\"wpcf7-form-control-wrap\" data-name=\"email\"><input size=\"40\" maxlength=\"400\" class=\"wpcf7-form-control wpcf7-email wpcf7-validates-as-required wpcf7-text wpcf7-validates-as-email\" aria-required=\"true\" aria-invalid=\"false\" placeholder=\"Correu *\" value=\"\" type=\"email\" name=\"email\" \/><\/span>\n<\/p>\n<p><span class=\"wpcf7-form-control-wrap\" data-name=\"assumpte\"><select class=\"wpcf7-form-control wpcf7-select wpcf7-validates-as-required\" aria-required=\"true\" aria-invalid=\"false\" name=\"assumpte\"><option value=\"\">&#8212;Trieu una opci\u00f3&#8212;<\/option><option value=\"Consulta\">Consulta<\/option><option value=\"Enc\u00e0rrec\">Enc\u00e0rrec<\/option><option value=\"Altres\">Altres<\/option><\/select><\/span>\n<\/p>\n<p><span class=\"wpcf7-form-control-wrap\" data-name=\"missatge\"><textarea cols=\"40\" rows=\"3\" maxlength=\"2000\" class=\"wpcf7-form-control wpcf7-textarea wpcf7-validates-as-required\" aria-required=\"true\" aria-invalid=\"false\" placeholder=\"Missatge *\" name=\"missatge\"><\/textarea><\/span>\n<\/p>\n<p><label class=\"consent\"><br \/>\n<span class=\"wpcf7-form-control-wrap\" data-name=\"acceptance-423\"><span class=\"wpcf7-form-control wpcf7-acceptance\"><span class=\"wpcf7-list-item\"><label><input type=\"checkbox\" name=\"acceptance-423\" value=\"1\" aria-invalid=\"false\" \/><span class=\"wpcf7-list-item-label\">He llegit y acepto la <a rel=\"nofollow\" target=\"_blank\" rel=\"noopener noreferrer\" href=\"https:\/\/farmaciamila.cat\/ca\/politica-de-privacitat\/\">Pol\u00edtica de Privacitat<\/a><\/span><\/label><\/span><\/span><\/span><br \/>\n<\/label>\n<\/p>\n<p><input class=\"wpcf7-form-control wpcf7-submit has-spinner\" type=\"submit\" value=\"Envia\" \/>\n<\/p><p style=\"display: none !important;\" class=\"akismet-fields-container\" data-prefix=\"_wpcf7_ak_\"><label>&#916;<textarea name=\"_wpcf7_ak_hp_textarea\" cols=\"45\" rows=\"8\" maxlength=\"100\"><\/textarea><\/label><input type=\"hidden\" id=\"ak_js_1\" name=\"_wpcf7_ak_js\" value=\"8\"\/><script>document.getElementById( \"ak_js_1\" ).setAttribute( \"value\", ( new Date() ).getTime() );<\/script><\/p><div class=\"wpcf7-response-output\" aria-hidden=\"true\"><\/div>\n<\/form>\n<\/div>\n\n\n\n\t\t<\/div>\n\t\t\t\t\n<style>\n#col-1416594558 > .col-inner {\n  padding: 20px 0px 0px 0px;\n}\n<\/style>\n\t<\/div>\n\n\t\n\n<\/div>\n\n\t\t<\/div>\n\n\t\t\n<style>\n#section_1012353481 {\n  padding-top: 30px;\n  padding-bottom: 30px;\n  background-color: #f7f7f7;\n}\n<\/style>\n\t<\/section>\n\t\n\n\t<section class=\"section\" id=\"section_378384895\">\n\t\t<div class=\"section-bg fill\" >\n\t\t\t\t\t\t\t\t\t\n\t\t\t\n\n\t\t<\/div>\n\n\t\t\n\n\t\t<div class=\"section-content relative\">\n\t\t\t\n\n\t<div id=\"text-1327328431\" class=\"text\">\n\t\t\n\n<p>A la Farm\u00e0cia Mil\u00e0, entenem el valor que t\u00e9 el teu temps. Per aix\u00f2, hem implementat un servei de comandes expr\u00e9s perqu\u00e8 no hagis d&#8217;esperar. Ara pots fer les teves comandes c\u00f2modament des de casa o des de qualsevol altre lloc a trav\u00e9s del nostre sistema de comandes en l\u00ednia.<\/p>\n<p>El nostre objectiu \u00e9s proporcionar-te una experi\u00e8ncia de compra convenient i eficient. <strong>En fer la teva comanda a trav\u00e9s d&#8217;una de les nostres plataformes, podr\u00e0s especificar els productes que necessites i programar la recollida en l&#8217;horari que millor et convingui.<\/strong><\/p>\n<p>Amb el servei de comandes expr\u00e9s de la Farm\u00e0cia Mil\u00e0, volem facilitar-te l&#8217;acc\u00e9s als medicaments i productes de salut que necessites sense complicacions ni temps d&#8217;espera innecessaris. Fes la teva comanda avui mateix i gaudeix de la comoditat de recollir les teves compres sense esperes a la nostra farm\u00e0cia!<\/p>\n\t\t\n<style>\n#text-1327328431 {\n  color: rgb(0,0,0);\n}\n#text-1327328431 > * {\n  color: rgb(0,0,0);\n}\n<\/style>\n\t<\/div>\n\t\n\n\t\t<\/div>\n\n\t\t\n<style>\n#section_378384895 {\n  padding-top: 30px;\n  padding-bottom: 30px;\n}\n<\/style>\n\t<\/section>\n\t\n\n","protected":false},"excerpt":{"rendered":"","protected":false},"author":1,"featured_media":0,"parent":0,"menu_order":0,"comment_status":"closed","ping_status":"closed","template":"","meta":{"footnotes":""},"class_list":["post-587","page","type-page","status-publish","hentry"],"yoast_head":"<!-- This site is optimized with the Yoast SEO plugin v27.6 - https:\/\/yoast.com\/product\/yoast-seo-wordpress\/ -->\n<title>Fes el teu enc\u00e0rrec | Farm\u00e0cia Mil\u00e0<\/title>\n<meta name=\"description\" content=\"Fes els teus enc\u00e0rrecs de medicaments sense recepta o cosm\u00e8tics de forma r\u00e0pida a trav\u00e9s del nostre tel\u00e8fon o WhatsApp. La teva comoditat \u00e9s la nostra prioritat.\" \/>\n<meta name=\"robots\" content=\"index, follow, max-snippet:-1, max-image-preview:large, max-video-preview:-1\" \/>\n<link rel=\"canonical\" href=\"https:\/\/farmaciamila.cat\/ca\/fes-el-teu-encarrec\/\" \/>\n<meta property=\"og:locale\" content=\"ca_ES\" \/>\n<meta property=\"og:type\" content=\"article\" \/>\n<meta property=\"og:title\" content=\"Fes el teu enc\u00e0rrec | Farm\u00e0cia Mil\u00e0\" \/>\n<meta property=\"og:description\" content=\"Fes els teus enc\u00e0rrecs de medicaments sense recepta o cosm\u00e8tics de forma r\u00e0pida a trav\u00e9s del nostre tel\u00e8fon o WhatsApp. La teva comoditat \u00e9s la nostra prioritat.\" \/>\n<meta property=\"og:url\" content=\"https:\/\/farmaciamila.cat\/ca\/fes-el-teu-encarrec\/\" \/>\n<meta property=\"og:site_name\" content=\"Farmacia Mila | Sempre al teu costat\" \/>\n<meta property=\"article:publisher\" content=\"https:\/\/www.facebook.com\/farmaciamilagranollers\/\" \/>\n<meta property=\"article:modified_time\" content=\"2024-09-17T12:09:21+00:00\" \/>\n<meta name=\"twitter:card\" content=\"summary_large_image\" \/>\n<meta name=\"twitter:label1\" content=\"Temps estimat de lectura\" \/>\n\t<meta name=\"twitter:data1\" content=\"2 minuts\" \/>\n<script type=\"application\/ld+json\" class=\"yoast-schema-graph\">{\"@context\":\"https:\\\/\\\/schema.org\",\"@graph\":[{\"@type\":\"WebPage\",\"@id\":\"https:\\\/\\\/farmaciamila.cat\\\/ca\\\/fes-el-teu-encarrec\\\/\",\"url\":\"https:\\\/\\\/farmaciamila.cat\\\/ca\\\/fes-el-teu-encarrec\\\/\",\"name\":\"Fes el teu enc\u00e0rrec | Farm\u00e0cia Mil\u00e0\",\"isPartOf\":{\"@id\":\"https:\\\/\\\/farmaciamila.cat\\\/ca\\\/#website\"},\"datePublished\":\"2020-06-25T21:13:24+00:00\",\"dateModified\":\"2024-09-17T12:09:21+00:00\",\"description\":\"Fes els teus enc\u00e0rrecs de medicaments sense recepta o cosm\u00e8tics de forma r\u00e0pida a trav\u00e9s del nostre tel\u00e8fon o WhatsApp. La teva comoditat \u00e9s la nostra prioritat.\",\"breadcrumb\":{\"@id\":\"https:\\\/\\\/farmaciamila.cat\\\/ca\\\/fes-el-teu-encarrec\\\/#breadcrumb\"},\"inLanguage\":\"ca\",\"potentialAction\":[{\"@type\":\"ReadAction\",\"target\":[\"https:\\\/\\\/farmaciamila.cat\\\/ca\\\/fes-el-teu-encarrec\\\/\"]}]},{\"@type\":\"BreadcrumbList\",\"@id\":\"https:\\\/\\\/farmaciamila.cat\\\/ca\\\/fes-el-teu-encarrec\\\/#breadcrumb\",\"itemListElement\":[{\"@type\":\"ListItem\",\"position\":1,\"name\":\"Home\",\"item\":\"https:\\\/\\\/farmaciamila.cat\\\/ca\\\/\"},{\"@type\":\"ListItem\",\"position\":2,\"name\":\"Fes el teu enc\u00e0rrec\"}]},{\"@type\":\"WebSite\",\"@id\":\"https:\\\/\\\/farmaciamila.cat\\\/ca\\\/#website\",\"url\":\"https:\\\/\\\/farmaciamila.cat\\\/ca\\\/\",\"name\":\"Farmacia Mila | Sempre al teu costat\",\"description\":\"Tenim cura de tu i dels teus\",\"publisher\":{\"@id\":\"https:\\\/\\\/farmaciamila.cat\\\/ca\\\/#organization\"},\"potentialAction\":[{\"@type\":\"SearchAction\",\"target\":{\"@type\":\"EntryPoint\",\"urlTemplate\":\"https:\\\/\\\/farmaciamila.cat\\\/ca\\\/?s={search_term_string}\"},\"query-input\":{\"@type\":\"PropertyValueSpecification\",\"valueRequired\":true,\"valueName\":\"search_term_string\"}}],\"inLanguage\":\"ca\"},{\"@type\":\"Organization\",\"@id\":\"https:\\\/\\\/farmaciamila.cat\\\/ca\\\/#organization\",\"name\":\"Farmacia Mila\",\"url\":\"https:\\\/\\\/farmaciamila.cat\\\/ca\\\/\",\"logo\":{\"@type\":\"ImageObject\",\"inLanguage\":\"ca\",\"@id\":\"https:\\\/\\\/farmaciamila.cat\\\/ca\\\/#\\\/schema\\\/logo\\\/image\\\/\",\"url\":\"https:\\\/\\\/farmaciamila.cat\\\/wp-content\\\/uploads\\\/2020\\\/06\\\/logo_quadrat.png\",\"contentUrl\":\"https:\\\/\\\/farmaciamila.cat\\\/wp-content\\\/uploads\\\/2020\\\/06\\\/logo_quadrat.png\",\"width\":500,\"height\":500,\"caption\":\"Farmacia Mila\"},\"image\":{\"@id\":\"https:\\\/\\\/farmaciamila.cat\\\/ca\\\/#\\\/schema\\\/logo\\\/image\\\/\"},\"sameAs\":[\"https:\\\/\\\/www.facebook.com\\\/farmaciamilagranollers\\\/\",\"https:\\\/\\\/www.instagram.com\\\/farmacia.mila\\\/\"]}]}<\/script>\n<!-- \/ Yoast SEO plugin. -->","yoast_head_json":{"title":"Fes el teu enc\u00e0rrec | Farm\u00e0cia Mil\u00e0","description":"Fes els teus enc\u00e0rrecs de medicaments sense recepta o cosm\u00e8tics de forma r\u00e0pida a trav\u00e9s del nostre tel\u00e8fon o WhatsApp. La teva comoditat \u00e9s la nostra prioritat.","robots":{"index":"index","follow":"follow","max-snippet":"max-snippet:-1","max-image-preview":"max-image-preview:large","max-video-preview":"max-video-preview:-1"},"canonical":"https:\/\/farmaciamila.cat\/ca\/fes-el-teu-encarrec\/","og_locale":"ca_ES","og_type":"article","og_title":"Fes el teu enc\u00e0rrec | Farm\u00e0cia Mil\u00e0","og_description":"Fes els teus enc\u00e0rrecs de medicaments sense recepta o cosm\u00e8tics de forma r\u00e0pida a trav\u00e9s del nostre tel\u00e8fon o WhatsApp. La teva comoditat \u00e9s la nostra prioritat.","og_url":"https:\/\/farmaciamila.cat\/ca\/fes-el-teu-encarrec\/","og_site_name":"Farmacia Mila | Sempre al teu costat","article_publisher":"https:\/\/www.facebook.com\/farmaciamilagranollers\/","article_modified_time":"2024-09-17T12:09:21+00:00","twitter_card":"summary_large_image","twitter_misc":{"Temps estimat de lectura":"2 minuts"},"schema":{"@context":"https:\/\/schema.org","@graph":[{"@type":"WebPage","@id":"https:\/\/farmaciamila.cat\/ca\/fes-el-teu-encarrec\/","url":"https:\/\/farmaciamila.cat\/ca\/fes-el-teu-encarrec\/","name":"Fes el teu enc\u00e0rrec | Farm\u00e0cia Mil\u00e0","isPartOf":{"@id":"https:\/\/farmaciamila.cat\/ca\/#website"},"datePublished":"2020-06-25T21:13:24+00:00","dateModified":"2024-09-17T12:09:21+00:00","description":"Fes els teus enc\u00e0rrecs de medicaments sense recepta o cosm\u00e8tics de forma r\u00e0pida a trav\u00e9s del nostre tel\u00e8fon o WhatsApp. La teva comoditat \u00e9s la nostra prioritat.","breadcrumb":{"@id":"https:\/\/farmaciamila.cat\/ca\/fes-el-teu-encarrec\/#breadcrumb"},"inLanguage":"ca","potentialAction":[{"@type":"ReadAction","target":["https:\/\/farmaciamila.cat\/ca\/fes-el-teu-encarrec\/"]}]},{"@type":"BreadcrumbList","@id":"https:\/\/farmaciamila.cat\/ca\/fes-el-teu-encarrec\/#breadcrumb","itemListElement":[{"@type":"ListItem","position":1,"name":"Home","item":"https:\/\/farmaciamila.cat\/ca\/"},{"@type":"ListItem","position":2,"name":"Fes el teu enc\u00e0rrec"}]},{"@type":"WebSite","@id":"https:\/\/farmaciamila.cat\/ca\/#website","url":"https:\/\/farmaciamila.cat\/ca\/","name":"Farmacia Mila | Sempre al teu costat","description":"Tenim cura de tu i dels teus","publisher":{"@id":"https:\/\/farmaciamila.cat\/ca\/#organization"},"potentialAction":[{"@type":"SearchAction","target":{"@type":"EntryPoint","urlTemplate":"https:\/\/farmaciamila.cat\/ca\/?s={search_term_string}"},"query-input":{"@type":"PropertyValueSpecification","valueRequired":true,"valueName":"search_term_string"}}],"inLanguage":"ca"},{"@type":"Organization","@id":"https:\/\/farmaciamila.cat\/ca\/#organization","name":"Farmacia Mila","url":"https:\/\/farmaciamila.cat\/ca\/","logo":{"@type":"ImageObject","inLanguage":"ca","@id":"https:\/\/farmaciamila.cat\/ca\/#\/schema\/logo\/image\/","url":"https:\/\/farmaciamila.cat\/wp-content\/uploads\/2020\/06\/logo_quadrat.png","contentUrl":"https:\/\/farmaciamila.cat\/wp-content\/uploads\/2020\/06\/logo_quadrat.png","width":500,"height":500,"caption":"Farmacia Mila"},"image":{"@id":"https:\/\/farmaciamila.cat\/ca\/#\/schema\/logo\/image\/"},"sameAs":["https:\/\/www.facebook.com\/farmaciamilagranollers\/","https:\/\/www.instagram.com\/farmacia.mila\/"]}]}},"_links":{"self":[{"href":"https:\/\/farmaciamila.cat\/ca\/wp-json\/wp\/v2\/pages\/587","targetHints":{"allow":["GET"]}}],"collection":[{"href":"https:\/\/farmaciamila.cat\/ca\/wp-json\/wp\/v2\/pages"}],"about":[{"href":"https:\/\/farmaciamila.cat\/ca\/wp-json\/wp\/v2\/types\/page"}],"author":[{"embeddable":true,"href":"https:\/\/farmaciamila.cat\/ca\/wp-json\/wp\/v2\/users\/1"}],"replies":[{"embeddable":true,"href":"https:\/\/farmaciamila.cat\/ca\/wp-json\/wp\/v2\/comments?post=587"}],"version-history":[{"count":27,"href":"https:\/\/farmaciamila.cat\/ca\/wp-json\/wp\/v2\/pages\/587\/revisions"}],"predecessor-version":[{"id":1451,"href":"https:\/\/farmaciamila.cat\/ca\/wp-json\/wp\/v2\/pages\/587\/revisions\/1451"}],"wp:attachment":[{"href":"https:\/\/farmaciamila.cat\/ca\/wp-json\/wp\/v2\/media?parent=587"}],"curies":[{"name":"wp","href":"https:\/\/api.w.org\/{rel}","templated":true}]}}