{"id":499,"date":"2020-06-25T14:12:23","date_gmt":"2020-06-25T12:12:23","guid":{"rendered":"https:\/\/farmaciamila.cat\/?page_id=499"},"modified":"2024-09-17T13:55:19","modified_gmt":"2024-09-17T11:55:19","slug":"nadons-i-mares","status":"publish","type":"page","link":"https:\/\/farmaciamila.cat\/ca\/serveis\/nadons-i-mares\/","title":{"rendered":"Nadons i mares"},"content":{"rendered":"\n\n\t<section class=\"section\" id=\"section_388372122\">\n\t\t<div class=\"section-bg fill\" >\n\t\t\t<img loading=\"lazy\" decoding=\"async\" width=\"2560\" height=\"1787\" src=\"https:\/\/farmaciamila.cat\/wp-content\/uploads\/2024\/07\/nadons-i-mares-farmacia-mila-granollers-scaled-e1720724091185.webp\" class=\"bg attachment- size-\" alt=\"Nadons i mares - Farmacia Mila Granollers\" \/>\t\t\t\t\t\t\n\t\t\t\n\n\t\t<\/div>\n\n\t\t\n\n\t\t<div class=\"section-content relative\">\n\t\t\t\n\n\t<div id=\"gap-1678957262\" class=\"gap-element clearfix\" style=\"display:block; height:auto;\">\n\t\t\n<style>\n#gap-1678957262 {\n  padding-top: 30px;\n}\n<\/style>\n\t<\/div>\n\t\n\n<div class=\"row align-middle\" style=\"max-width:1300px\" id=\"row-211093629\">\n\n\n\t<div id=\"col-2075732303\" class=\"col medium-6 small-12 large-6\"  >\n\t\t\t\t<div class=\"col-inner dark\" style=\"background-color:rgba(255, 255, 255, 0.645);\" >\n\t\t\t\n\t\t\t\n\n\t<div id=\"text-1199358800\" class=\"text\">\n\t\t\n\n<h1>Nadons i mares<\/h1>\n\t\t\n<style>\n#text-1199358800 {\n  font-size: 1.75rem;\n  color: rgb(0,0,0);\n}\n#text-1199358800 > * {\n  color: rgb(0,0,0);\n}\n@media (min-width:550px) {\n  #text-1199358800 {\n    font-size: 2rem;\n  }\n}\n<\/style>\n\t<\/div>\n\t\n\n\t\t<\/div>\n\t\t\t\t\n<style>\n#col-2075732303 > .col-inner {\n  padding: 20px 20px 0px 20px;\n  border-radius: 10px;\n}\n<\/style>\n\t<\/div>\n\n\t\n\n<\/div>\n\n\t\t<\/div>\n\n\t\t\n<style>\n#section_388372122 {\n  padding-top: 30px;\n  padding-bottom: 30px;\n  min-height: 350px;\n}\n@media (min-width:550px) {\n  #section_388372122 {\n    min-height: 500px;\n  }\n}\n@media (min-width:850px) {\n  #section_388372122 {\n    min-height: 500px;\n  }\n}\n<\/style>\n\t<\/section>\n\t\n\n\t<section class=\"section\" id=\"section_472447650\">\n\t\t<div class=\"section-bg fill\" >\n\t\t\t\t\t\t\t\t\t\n\t\t\t\n\n\t\t<\/div>\n\n\t\t\n\n\t\t<div class=\"section-content relative\">\n\t\t\t\n\n<div class=\"row align-center\"  id=\"row-1340935629\">\n\n\n\t<div id=\"col-1871383919\" class=\"col medium-4 small-12 large-4\"  >\n\t\t\t\t<div class=\"col-inner\"  >\n\t\t\t\n\t\t\t\n\n<ul class=\"sidebar-wrapper ul-reset\"><aside id=\"nav_menu-2\" class=\"widget widget_nav_menu\"><span class=\"widget-title \"><span>Llistat de serveis<\/span><\/span><div class=\"is-divider small\"><\/div><div class=\"menu-serveis_menu_cat-container\"><ul id=\"menu-serveis_menu_cat\" class=\"menu\"><li id=\"menu-item-428\" class=\"menu-item menu-item-type-post_type menu-item-object-page menu-item-428\"><a href=\"https:\/\/farmaciamila.cat\/ca\/serveis\/analisi-colesterol-i-sucre\/\">An\u00e0lisi colesterol i sucre<\/a><\/li>\n<li id=\"menu-item-460\" class=\"menu-item menu-item-type-post_type menu-item-object-page menu-item-460\"><a href=\"https:\/\/farmaciamila.cat\/ca\/serveis\/tensio-arterial\/\">Tensi\u00f3 arterial<\/a><\/li>\n<li id=\"menu-item-480\" class=\"menu-item menu-item-type-post_type menu-item-object-page menu-item-480\"><a href=\"https:\/\/farmaciamila.cat\/ca\/serveis\/preparacio-medicacio\/\">Preparaci\u00f3 medicacio<\/a><\/li>\n<li id=\"menu-item-510\" class=\"menu-item menu-item-type-post_type menu-item-object-page menu-item-510\"><a href=\"https:\/\/farmaciamila.cat\/ca\/serveis\/dermocosmetica\/\">Dermocosm\u00e8tica<\/a><\/li>\n<li id=\"menu-item-514\" class=\"menu-item menu-item-type-post_type menu-item-object-page menu-item-514\"><a href=\"https:\/\/farmaciamila.cat\/ca\/serveis\/nutricio\/\">Nutrici\u00f3<\/a><\/li>\n<li id=\"menu-item-509\" class=\"menu-item menu-item-type-post_type menu-item-object-page menu-item-509\"><a href=\"https:\/\/farmaciamila.cat\/ca\/serveis\/formules-magistrals\/\">F\u00f3rmules magistrals<\/a><\/li>\n<li id=\"menu-item-508\" class=\"menu-item menu-item-type-post_type menu-item-object-page menu-item-508\"><a href=\"https:\/\/farmaciamila.cat\/ca\/serveis\/nadons-i-mares\/\">Nadons i mares<\/a><\/li>\n<li id=\"menu-item-507\" class=\"menu-item menu-item-type-post_type menu-item-object-page menu-item-507\"><a href=\"https:\/\/farmaciamila.cat\/ca\/serveis\/suplementacio\/\">Suplementaci\u00f3<\/a><\/li>\n<\/ul><\/div><\/aside><\/ul>\n\n\n\t\t<\/div>\n\t\t\t\t\t<\/div>\n\n\t\n\n\t<div id=\"col-1281013251\" class=\"col medium-8 small-12 large-8\"  >\n\t\t\t\t<div class=\"col-inner text-left\"  >\n\t\t\t\n\t\t\t\n\n\t<div id=\"text-344890363\" class=\"text\">\n\t\t\n\n<p>A la Farm\u00e0cia Mil\u00e0 ens encanten els nadons. \u00c9s per aix\u00f2 que tenim un espai dedicat a les embarassades, mares i nadons. A m\u00e9s, oferim una \u00e0mplia selecci\u00f3 de cistells per regalar a nadons, ideals per sorprendre en aquesta etapa tan especial. La concepci\u00f3, embar\u00e0s, postpart, lact\u00e0ncia i cura del nad\u00f3 s\u00f3n etapes de la dona que requereixen d\u2019una cura especial, molta estima i comprensi\u00f3. Nosaltres estarem al teu costat per acompanyar-te en aquest viatge \u00fanic, oferint tamb\u00e9 <a href=\"https:\/\/farmaciamila.cat\/ca\/serveis\/suplementacio\/\">suplements alimentaris per la dona<\/a> per garantir el seu benestar durant cada etapa.<\/p>\n<p>A la nostra farm\u00e0cia trobar\u00e0s tot el que necessites per a la cura del teu nad\u00f3: alimentaci\u00f3 infantil, suplementaci\u00f3 infantil, accessoris, complements infantils, higiene&#8230; Consulta les nostres activitats i promocions! Tamb\u00e9 preparem cistells per regalar a nadons personalitzats, completament artesanals i adaptats a les necessitats de cada nad\u00f3 i mare. Vine i informa\u2019t de tot el que podem oferir!<\/p>\n\t\t\n<style>\n#text-344890363 {\n  color: rgb(0,0,0);\n}\n#text-344890363 > * {\n  color: rgb(0,0,0);\n}\n<\/style>\n\t<\/div>\n\t\n<a href=\"https:\/\/farmaciamila.cat\/ca\/contacte\/\" class=\"button primary is-large\" style=\"border-radius:10px;padding:5px 20px 5px 20px;\">\n\t\t<span>Contacta amb nosaltres<\/span>\n\t<\/a>\n\n\n\n\t\t<\/div>\n\t\t\t\t\t<\/div>\n\n\t\n\n<\/div>\n\n\t\t<\/div>\n\n\t\t\n<style>\n#section_472447650 {\n  padding-top: 30px;\n  padding-bottom: 30px;\n}\n<\/style>\n\t<\/section>\n\t\n\n\t<section class=\"section\" id=\"section_624500742\">\n\t\t<div class=\"section-bg fill\" >\n\t\t\t\t\t\t\t\t\t\n\t\t\t\n\n\t\t<\/div>\n\n\t\t\n\n\t\t<div class=\"section-content relative\">\n\t\t\t\n\n\t<div id=\"text-3311694993\" class=\"text\">\n\t\t\n\n<h2>Descobreix els cistells per a nadons que tenim a la farm\u00e0cia<\/h2>\n\t\t\n<style>\n#text-3311694993 {\n  line-height: 2;\n  text-align: center;\n}\n<\/style>\n\t<\/div>\n\t\n\t<div id=\"gap-1213288775\" class=\"gap-element clearfix\" style=\"display:block; height:auto;\">\n\t\t\n<style>\n#gap-1213288775 {\n  padding-top: 30px;\n}\n<\/style>\n\t<\/div>\n\t\n\n<div class=\"row\"  id=\"row-451106670\">\n\n\n\t<div id=\"col-1574894791\" class=\"col medium-4 small-12 large-4\"  >\n\t\t\t\t<div class=\"col-inner\"  >\n\t\t\t\n\t\t\t\n\n\t<div class=\"img has-hover x md-x lg-x y md-y lg-y\" id=\"image_1631762173\">\n\t\t\t\t\t\t\t\t<div class=\"img-inner dark\" >\n\t\t\t<img loading=\"lazy\" decoding=\"async\" width=\"1020\" height=\"680\" src=\"https:\/\/farmaciamila.cat\/wp-content\/uploads\/2024\/07\/Cestas-Bebe-Farmacia-Mila-1024x683.webp\" class=\"attachment-large size-large\" alt=\"Cestas Bebe Farmacia Mila\" srcset=\"https:\/\/farmaciamila.cat\/wp-content\/uploads\/2024\/07\/Cestas-Bebe-Farmacia-Mila-1024x683.webp 1024w, https:\/\/farmaciamila.cat\/wp-content\/uploads\/2024\/07\/Cestas-Bebe-Farmacia-Mila-300x200.webp 300w, https:\/\/farmaciamila.cat\/wp-content\/uploads\/2024\/07\/Cestas-Bebe-Farmacia-Mila-768x512.webp 768w, https:\/\/farmaciamila.cat\/wp-content\/uploads\/2024\/07\/Cestas-Bebe-Farmacia-Mila-1536x1024.webp 1536w, https:\/\/farmaciamila.cat\/wp-content\/uploads\/2024\/07\/Cestas-Bebe-Farmacia-Mila-2048x1365.webp 2048w\" sizes=\"auto, (max-width: 1020px) 100vw, 1020px\" \/>\t\t\t\t\t\t\n\t\t\t\t\t<\/div>\n\t\t\t\t\t\t\t\t\n<style>\n#image_1631762173 {\n  width: 100%;\n}\n<\/style>\n\t<\/div>\n\t\n\n\n\t\t<\/div>\n\t\t\t\t\t<\/div>\n\n\t\n\n\t<div id=\"col-1227060618\" class=\"col medium-4 small-12 large-4\"  >\n\t\t\t\t<div class=\"col-inner\"  >\n\t\t\t\n\t\t\t\n\n\t<div class=\"img has-hover x md-x lg-x y md-y lg-y\" id=\"image_685628744\">\n\t\t\t\t\t\t\t\t<div class=\"img-inner dark\" >\n\t\t\t<img loading=\"lazy\" decoding=\"async\" width=\"1020\" height=\"698\" src=\"https:\/\/farmaciamila.cat\/wp-content\/uploads\/2024\/07\/Cestas-Bebe-Farmacia-Mila-3-1024x701.webp\" class=\"attachment-large size-large\" alt=\"Cestas Bebe Farmacia Mila 3\" srcset=\"https:\/\/farmaciamila.cat\/wp-content\/uploads\/2024\/07\/Cestas-Bebe-Farmacia-Mila-3-1024x701.webp 1024w, https:\/\/farmaciamila.cat\/wp-content\/uploads\/2024\/07\/Cestas-Bebe-Farmacia-Mila-3-300x205.webp 300w, https:\/\/farmaciamila.cat\/wp-content\/uploads\/2024\/07\/Cestas-Bebe-Farmacia-Mila-3-768x526.webp 768w, https:\/\/farmaciamila.cat\/wp-content\/uploads\/2024\/07\/Cestas-Bebe-Farmacia-Mila-3-1536x1052.webp 1536w, https:\/\/farmaciamila.cat\/wp-content\/uploads\/2024\/07\/Cestas-Bebe-Farmacia-Mila-3-2048x1402.webp 2048w\" sizes=\"auto, (max-width: 1020px) 100vw, 1020px\" \/>\t\t\t\t\t\t\n\t\t\t\t\t<\/div>\n\t\t\t\t\t\t\t\t\n<style>\n#image_685628744 {\n  width: 100%;\n}\n<\/style>\n\t<\/div>\n\t\n\n\n\t\t<\/div>\n\t\t\t\t\t<\/div>\n\n\t\n\n\t<div id=\"col-585293072\" class=\"col medium-4 small-12 large-4\"  >\n\t\t\t\t<div class=\"col-inner\"  >\n\t\t\t\n\t\t\t\n\n\t<div class=\"img has-hover x md-x lg-x y md-y lg-y\" id=\"image_566125724\">\n\t\t\t\t\t\t\t\t<div class=\"img-inner dark\" >\n\t\t\t<img loading=\"lazy\" decoding=\"async\" width=\"1020\" height=\"692\" src=\"https:\/\/farmaciamila.cat\/wp-content\/uploads\/2024\/07\/Cestas-Bebe-Farmacia-Mila-2-1024x695.webp\" class=\"attachment-large size-large\" alt=\"Cestas Bebe Farmacia Mila 2\" srcset=\"https:\/\/farmaciamila.cat\/wp-content\/uploads\/2024\/07\/Cestas-Bebe-Farmacia-Mila-2-1024x695.webp 1024w, https:\/\/farmaciamila.cat\/wp-content\/uploads\/2024\/07\/Cestas-Bebe-Farmacia-Mila-2-300x204.webp 300w, https:\/\/farmaciamila.cat\/wp-content\/uploads\/2024\/07\/Cestas-Bebe-Farmacia-Mila-2-768x521.webp 768w, https:\/\/farmaciamila.cat\/wp-content\/uploads\/2024\/07\/Cestas-Bebe-Farmacia-Mila-2-1536x1042.webp 1536w, https:\/\/farmaciamila.cat\/wp-content\/uploads\/2024\/07\/Cestas-Bebe-Farmacia-Mila-2-2048x1390.webp 2048w\" sizes=\"auto, (max-width: 1020px) 100vw, 1020px\" \/>\t\t\t\t\t\t\n\t\t\t\t\t<\/div>\n\t\t\t\t\t\t\t\t\n<style>\n#image_566125724 {\n  width: 100%;\n}\n<\/style>\n\t<\/div>\n\t\n\n\n\t\t<\/div>\n\t\t\t\t\t<\/div>\n\n\t\n\n<\/div>\n\n\t\t<\/div>\n\n\t\t\n<style>\n#section_624500742 {\n  padding-top: 30px;\n  padding-bottom: 30px;\n}\n<\/style>\n\t<\/section>\n\t\n\n\t<section class=\"section\" id=\"section_402496395\">\n\t\t<div class=\"section-bg fill\" >\n\t\t\t\t\t\t\t\t\t\n\t\t\t\n\n\t\t<\/div>\n\n\t\t\n\n\t\t<div class=\"section-content relative\">\n\t\t\t\n\n\t<div id=\"text-1656435526\" class=\"text\">\n\t\t\n\n<h2>Marques en les que confiem<\/h2>\n\t\t\n<style>\n#text-1656435526 {\n  line-height: 2;\n  text-align: center;\n}\n<\/style>\n\t<\/div>\n\t\n<div class=\"row\"  id=\"row-703727395\">\n\n\n\t<div id=\"col-1309212754\" class=\"col medium-3 small-12 large-3\"  >\n\t\t\t\t<div class=\"col-inner text-center\"  >\n\t\t\t\n\t\t\t\n\n\t<div class=\"img has-hover x md-x lg-x y md-y lg-y\" id=\"image_147852934\">\n\t\t\t\t\t\t\t\t<div class=\"img-inner dark\" style=\"margin:45px 0px 0px 0px;\">\n\t\t\t<img loading=\"lazy\" decoding=\"async\" width=\"1020\" height=\"574\" src=\"https:\/\/farmaciamila.cat\/wp-content\/uploads\/2024\/07\/Mustela-logo-1024x576.webp\" class=\"attachment-large size-large\" alt=\"Mustela logo\" srcset=\"https:\/\/farmaciamila.cat\/wp-content\/uploads\/2024\/07\/Mustela-logo-1024x576.webp 1024w, https:\/\/farmaciamila.cat\/wp-content\/uploads\/2024\/07\/Mustela-logo-300x169.webp 300w, https:\/\/farmaciamila.cat\/wp-content\/uploads\/2024\/07\/Mustela-logo-768x432.webp 768w, https:\/\/farmaciamila.cat\/wp-content\/uploads\/2024\/07\/Mustela-logo-1536x864.webp 1536w, https:\/\/farmaciamila.cat\/wp-content\/uploads\/2024\/07\/Mustela-logo-2048x1152.webp 2048w\" sizes=\"auto, (max-width: 1020px) 100vw, 1020px\" \/>\t\t\t\t\t\t\n\t\t\t\t\t<\/div>\n\t\t\t\t\t\t\t\t\n<style>\n#image_147852934 {\n  width: 85%;\n}\n<\/style>\n\t<\/div>\n\t\n\n\n\t\t<\/div>\n\t\t\t\t\t<\/div>\n\n\t\n\n\t<div id=\"col-1382425729\" class=\"col medium-3 small-12 large-3\"  >\n\t\t\t\t<div class=\"col-inner text-center\"  >\n\t\t\t\n\t\t\t\n\n\t<div class=\"img has-hover x md-x lg-x y md-y lg-y\" id=\"image_1060366405\">\n\t\t\t\t\t\t\t\t<div class=\"img-inner dark\" style=\"margin:75px 0px 0px 0px;\">\n\t\t\t<img loading=\"lazy\" decoding=\"async\" width=\"1020\" height=\"265\" src=\"https:\/\/farmaciamila.cat\/wp-content\/uploads\/2024\/07\/suavinex-logo-1024x266.jpg\" class=\"attachment-large size-large\" alt=\"suavinex logo\" srcset=\"https:\/\/farmaciamila.cat\/wp-content\/uploads\/2024\/07\/suavinex-logo-1024x266.jpg 1024w, https:\/\/farmaciamila.cat\/wp-content\/uploads\/2024\/07\/suavinex-logo-300x78.jpg 300w, https:\/\/farmaciamila.cat\/wp-content\/uploads\/2024\/07\/suavinex-logo-768x199.jpg 768w, https:\/\/farmaciamila.cat\/wp-content\/uploads\/2024\/07\/suavinex-logo-1536x399.jpg 1536w, https:\/\/farmaciamila.cat\/wp-content\/uploads\/2024\/07\/suavinex-logo.jpg 1629w\" sizes=\"auto, (max-width: 1020px) 100vw, 1020px\" \/>\t\t\t\t\t\t\n\t\t\t\t\t<\/div>\n\t\t\t\t\t\t\t\t\n<style>\n#image_1060366405 {\n  width: 100%;\n}\n<\/style>\n\t<\/div>\n\t\n\n\n\t\t<\/div>\n\t\t\t\t\t<\/div>\n\n\t\n\n\t<div id=\"col-1182807323\" class=\"col medium-3 small-12 large-3\"  >\n\t\t\t\t<div class=\"col-inner text-center\"  >\n\t\t\t\n\t\t\t\n\n\t<div class=\"img has-hover x md-x lg-x y md-y lg-y\" id=\"image_983986202\">\n\t\t\t\t\t\t\t\t<div class=\"img-inner dark\" style=\"margin:10px 0px 0px 0px;\">\n\t\t\t<img loading=\"lazy\" decoding=\"async\" width=\"1020\" height=\"789\" src=\"https:\/\/farmaciamila.cat\/wp-content\/uploads\/2024\/07\/sebamed-baby-logo.webp\" class=\"attachment-large size-large\" alt=\"sebamed baby logo\" srcset=\"https:\/\/farmaciamila.cat\/wp-content\/uploads\/2024\/07\/sebamed-baby-logo.webp 1023w, https:\/\/farmaciamila.cat\/wp-content\/uploads\/2024\/07\/sebamed-baby-logo-300x232.webp 300w, https:\/\/farmaciamila.cat\/wp-content\/uploads\/2024\/07\/sebamed-baby-logo-768x594.webp 768w\" sizes=\"auto, (max-width: 1020px) 100vw, 1020px\" \/>\t\t\t\t\t\t\n\t\t\t\t\t<\/div>\n\t\t\t\t\t\t\t\t\n<style>\n#image_983986202 {\n  width: 80%;\n}\n<\/style>\n\t<\/div>\n\t\n\n\n\t\t<\/div>\n\t\t\t\t\t<\/div>\n\n\t\n\n\t<div id=\"col-293324734\" class=\"col medium-3 small-12 large-3\"  >\n\t\t\t\t<div class=\"col-inner\"  >\n\t\t\t\n\t\t\t\n\n\t<div class=\"img has-hover x md-x lg-x y md-y lg-y\" id=\"image_643046386\">\n\t\t\t\t\t\t\t\t<div class=\"img-inner dark\" style=\"margin:55px 0px 0px 0px;\">\n\t\t\t<img loading=\"lazy\" decoding=\"async\" width=\"200\" height=\"51\" src=\"https:\/\/farmaciamila.cat\/wp-content\/uploads\/2024\/08\/la-orche-posay.webp\" class=\"attachment-large size-large\" alt=\"\" \/>\t\t\t\t\t\t\n\t\t\t\t\t<\/div>\n\t\t\t\t\t\t\t\t\n<style>\n#image_643046386 {\n  width: 100%;\n}\n<\/style>\n\t<\/div>\n\t\n\n\n\t\t<\/div>\n\t\t\t\t\t<\/div>\n\n\t\n\n<\/div>\n\n\t\t<\/div>\n\n\t\t\n<style>\n#section_402496395 {\n  padding-top: 30px;\n  padding-bottom: 30px;\n  background-color: rgb(255, 255, 255);\n}\n<\/style>\n\t<\/section>\n\t\n\n","protected":false},"excerpt":{"rendered":"","protected":false},"author":1,"featured_media":0,"parent":390,"menu_order":0,"comment_status":"closed","ping_status":"closed","template":"","meta":{"footnotes":""},"class_list":["post-499","page","type-page","status-publish","hentry"],"yoast_head":"<!-- This site is optimized with the Yoast SEO plugin v27.4 - https:\/\/yoast.com\/product\/yoast-seo-wordpress\/ -->\n<title>Cistells per a Nad\u00f3 i Mares | Farm\u00e0cia Mil\u00e0<\/title>\n<meta name=\"description\" content=\"Celebra l&#039;arribada de nadons amb les nostres cistelles especialment dissenyades per a mares i nadons. Compra-les a la nostra farm\u00e0cia. Visita&#039;ns!\" \/>\n<meta name=\"robots\" content=\"index, follow, max-snippet:-1, max-image-preview:large, max-video-preview:-1\" \/>\n<link rel=\"canonical\" href=\"https:\/\/farmaciamila.cat\/ca\/serveis\/nadons-i-mares\/\" \/>\n<meta property=\"og:locale\" content=\"ca_ES\" \/>\n<meta property=\"og:type\" content=\"article\" \/>\n<meta property=\"og:title\" content=\"Cistells per a Nad\u00f3 i Mares | Farm\u00e0cia Mil\u00e0\" \/>\n<meta property=\"og:description\" content=\"Celebra l&#039;arribada de nadons amb les nostres cistelles especialment dissenyades per a mares i nadons. Compra-les a la nostra farm\u00e0cia. Visita&#039;ns!\" \/>\n<meta property=\"og:url\" content=\"https:\/\/farmaciamila.cat\/ca\/serveis\/nadons-i-mares\/\" \/>\n<meta property=\"og:site_name\" content=\"Farmacia Mila | Sempre al teu costat\" \/>\n<meta property=\"article:publisher\" content=\"https:\/\/www.facebook.com\/farmaciamilagranollers\/\" \/>\n<meta property=\"article:modified_time\" content=\"2024-09-17T11:55:19+00:00\" \/>\n<meta name=\"twitter:card\" content=\"summary_large_image\" \/>\n<meta name=\"twitter:label1\" content=\"Temps estimat de lectura\" \/>\n\t<meta name=\"twitter:data1\" content=\"2 minuts\" \/>\n<script type=\"application\/ld+json\" class=\"yoast-schema-graph\">{\"@context\":\"https:\\\/\\\/schema.org\",\"@graph\":[{\"@type\":\"WebPage\",\"@id\":\"https:\\\/\\\/farmaciamila.cat\\\/ca\\\/serveis\\\/nadons-i-mares\\\/\",\"url\":\"https:\\\/\\\/farmaciamila.cat\\\/ca\\\/serveis\\\/nadons-i-mares\\\/\",\"name\":\"Cistells per a Nad\u00f3 i Mares | Farm\u00e0cia Mil\u00e0\",\"isPartOf\":{\"@id\":\"https:\\\/\\\/farmaciamila.cat\\\/ca\\\/#website\"},\"datePublished\":\"2020-06-25T12:12:23+00:00\",\"dateModified\":\"2024-09-17T11:55:19+00:00\",\"description\":\"Celebra l'arribada de nadons amb les nostres cistelles especialment dissenyades per a mares i nadons. Compra-les a la nostra farm\u00e0cia. Visita'ns!\",\"breadcrumb\":{\"@id\":\"https:\\\/\\\/farmaciamila.cat\\\/ca\\\/serveis\\\/nadons-i-mares\\\/#breadcrumb\"},\"inLanguage\":\"ca\",\"potentialAction\":[{\"@type\":\"ReadAction\",\"target\":[\"https:\\\/\\\/farmaciamila.cat\\\/ca\\\/serveis\\\/nadons-i-mares\\\/\"]}]},{\"@type\":\"BreadcrumbList\",\"@id\":\"https:\\\/\\\/farmaciamila.cat\\\/ca\\\/serveis\\\/nadons-i-mares\\\/#breadcrumb\",\"itemListElement\":[{\"@type\":\"ListItem\",\"position\":1,\"name\":\"Home\",\"item\":\"https:\\\/\\\/farmaciamila.cat\\\/ca\\\/\"},{\"@type\":\"ListItem\",\"position\":2,\"name\":\"Serveis\",\"item\":\"https:\\\/\\\/farmaciamila.cat\\\/ca\\\/serveis\\\/\"},{\"@type\":\"ListItem\",\"position\":3,\"name\":\"Nadons i mares\"}]},{\"@type\":\"WebSite\",\"@id\":\"https:\\\/\\\/farmaciamila.cat\\\/ca\\\/#website\",\"url\":\"https:\\\/\\\/farmaciamila.cat\\\/ca\\\/\",\"name\":\"Farmacia Mila | Sempre al teu costat\",\"description\":\"Tenim cura de tu i dels teus\",\"publisher\":{\"@id\":\"https:\\\/\\\/farmaciamila.cat\\\/ca\\\/#organization\"},\"potentialAction\":[{\"@type\":\"SearchAction\",\"target\":{\"@type\":\"EntryPoint\",\"urlTemplate\":\"https:\\\/\\\/farmaciamila.cat\\\/ca\\\/?s={search_term_string}\"},\"query-input\":{\"@type\":\"PropertyValueSpecification\",\"valueRequired\":true,\"valueName\":\"search_term_string\"}}],\"inLanguage\":\"ca\"},{\"@type\":\"Organization\",\"@id\":\"https:\\\/\\\/farmaciamila.cat\\\/ca\\\/#organization\",\"name\":\"Farmacia Mila\",\"url\":\"https:\\\/\\\/farmaciamila.cat\\\/ca\\\/\",\"logo\":{\"@type\":\"ImageObject\",\"inLanguage\":\"ca\",\"@id\":\"https:\\\/\\\/farmaciamila.cat\\\/ca\\\/#\\\/schema\\\/logo\\\/image\\\/\",\"url\":\"https:\\\/\\\/farmaciamila.cat\\\/wp-content\\\/uploads\\\/2020\\\/06\\\/logo_quadrat.png\",\"contentUrl\":\"https:\\\/\\\/farmaciamila.cat\\\/wp-content\\\/uploads\\\/2020\\\/06\\\/logo_quadrat.png\",\"width\":500,\"height\":500,\"caption\":\"Farmacia Mila\"},\"image\":{\"@id\":\"https:\\\/\\\/farmaciamila.cat\\\/ca\\\/#\\\/schema\\\/logo\\\/image\\\/\"},\"sameAs\":[\"https:\\\/\\\/www.facebook.com\\\/farmaciamilagranollers\\\/\",\"https:\\\/\\\/www.instagram.com\\\/farmacia.mila\\\/\"]}]}<\/script>\n<!-- \/ Yoast SEO plugin. -->","yoast_head_json":{"title":"Cistells per a Nad\u00f3 i Mares | Farm\u00e0cia Mil\u00e0","description":"Celebra l'arribada de nadons amb les nostres cistelles especialment dissenyades per a mares i nadons. Compra-les a la nostra farm\u00e0cia. Visita'ns!","robots":{"index":"index","follow":"follow","max-snippet":"max-snippet:-1","max-image-preview":"max-image-preview:large","max-video-preview":"max-video-preview:-1"},"canonical":"https:\/\/farmaciamila.cat\/ca\/serveis\/nadons-i-mares\/","og_locale":"ca_ES","og_type":"article","og_title":"Cistells per a Nad\u00f3 i Mares | Farm\u00e0cia Mil\u00e0","og_description":"Celebra l'arribada de nadons amb les nostres cistelles especialment dissenyades per a mares i nadons. Compra-les a la nostra farm\u00e0cia. Visita'ns!","og_url":"https:\/\/farmaciamila.cat\/ca\/serveis\/nadons-i-mares\/","og_site_name":"Farmacia Mila | Sempre al teu costat","article_publisher":"https:\/\/www.facebook.com\/farmaciamilagranollers\/","article_modified_time":"2024-09-17T11:55:19+00:00","twitter_card":"summary_large_image","twitter_misc":{"Temps estimat de lectura":"2 minuts"},"schema":{"@context":"https:\/\/schema.org","@graph":[{"@type":"WebPage","@id":"https:\/\/farmaciamila.cat\/ca\/serveis\/nadons-i-mares\/","url":"https:\/\/farmaciamila.cat\/ca\/serveis\/nadons-i-mares\/","name":"Cistells per a Nad\u00f3 i Mares | Farm\u00e0cia Mil\u00e0","isPartOf":{"@id":"https:\/\/farmaciamila.cat\/ca\/#website"},"datePublished":"2020-06-25T12:12:23+00:00","dateModified":"2024-09-17T11:55:19+00:00","description":"Celebra l'arribada de nadons amb les nostres cistelles especialment dissenyades per a mares i nadons. Compra-les a la nostra farm\u00e0cia. Visita'ns!","breadcrumb":{"@id":"https:\/\/farmaciamila.cat\/ca\/serveis\/nadons-i-mares\/#breadcrumb"},"inLanguage":"ca","potentialAction":[{"@type":"ReadAction","target":["https:\/\/farmaciamila.cat\/ca\/serveis\/nadons-i-mares\/"]}]},{"@type":"BreadcrumbList","@id":"https:\/\/farmaciamila.cat\/ca\/serveis\/nadons-i-mares\/#breadcrumb","itemListElement":[{"@type":"ListItem","position":1,"name":"Home","item":"https:\/\/farmaciamila.cat\/ca\/"},{"@type":"ListItem","position":2,"name":"Serveis","item":"https:\/\/farmaciamila.cat\/ca\/serveis\/"},{"@type":"ListItem","position":3,"name":"Nadons i mares"}]},{"@type":"WebSite","@id":"https:\/\/farmaciamila.cat\/ca\/#website","url":"https:\/\/farmaciamila.cat\/ca\/","name":"Farmacia Mila | Sempre al teu costat","description":"Tenim cura de tu i dels teus","publisher":{"@id":"https:\/\/farmaciamila.cat\/ca\/#organization"},"potentialAction":[{"@type":"SearchAction","target":{"@type":"EntryPoint","urlTemplate":"https:\/\/farmaciamila.cat\/ca\/?s={search_term_string}"},"query-input":{"@type":"PropertyValueSpecification","valueRequired":true,"valueName":"search_term_string"}}],"inLanguage":"ca"},{"@type":"Organization","@id":"https:\/\/farmaciamila.cat\/ca\/#organization","name":"Farmacia Mila","url":"https:\/\/farmaciamila.cat\/ca\/","logo":{"@type":"ImageObject","inLanguage":"ca","@id":"https:\/\/farmaciamila.cat\/ca\/#\/schema\/logo\/image\/","url":"https:\/\/farmaciamila.cat\/wp-content\/uploads\/2020\/06\/logo_quadrat.png","contentUrl":"https:\/\/farmaciamila.cat\/wp-content\/uploads\/2020\/06\/logo_quadrat.png","width":500,"height":500,"caption":"Farmacia Mila"},"image":{"@id":"https:\/\/farmaciamila.cat\/ca\/#\/schema\/logo\/image\/"},"sameAs":["https:\/\/www.facebook.com\/farmaciamilagranollers\/","https:\/\/www.instagram.com\/farmacia.mila\/"]}]}},"_links":{"self":[{"href":"https:\/\/farmaciamila.cat\/ca\/wp-json\/wp\/v2\/pages\/499","targetHints":{"allow":["GET"]}}],"collection":[{"href":"https:\/\/farmaciamila.cat\/ca\/wp-json\/wp\/v2\/pages"}],"about":[{"href":"https:\/\/farmaciamila.cat\/ca\/wp-json\/wp\/v2\/types\/page"}],"author":[{"embeddable":true,"href":"https:\/\/farmaciamila.cat\/ca\/wp-json\/wp\/v2\/users\/1"}],"replies":[{"embeddable":true,"href":"https:\/\/farmaciamila.cat\/ca\/wp-json\/wp\/v2\/comments?post=499"}],"version-history":[{"count":22,"href":"https:\/\/farmaciamila.cat\/ca\/wp-json\/wp\/v2\/pages\/499\/revisions"}],"predecessor-version":[{"id":1441,"href":"https:\/\/farmaciamila.cat\/ca\/wp-json\/wp\/v2\/pages\/499\/revisions\/1441"}],"up":[{"embeddable":true,"href":"https:\/\/farmaciamila.cat\/ca\/wp-json\/wp\/v2\/pages\/390"}],"wp:attachment":[{"href":"https:\/\/farmaciamila.cat\/ca\/wp-json\/wp\/v2\/media?parent=499"}],"curies":[{"name":"wp","href":"https:\/\/api.w.org\/{rel}","templated":true}]}}