{"id":496,"date":"2020-06-25T14:10:05","date_gmt":"2020-06-25T12:10:05","guid":{"rendered":"https:\/\/farmaciamila.cat\/?page_id=496"},"modified":"2024-09-17T13:52:51","modified_gmt":"2024-09-17T11:52:51","slug":"formules-magistrals","status":"publish","type":"page","link":"https:\/\/farmaciamila.cat\/ca\/serveis\/formules-magistrals\/","title":{"rendered":"F\u00f3rmules magistrals"},"content":{"rendered":"\n\n\t<section class=\"section\" id=\"section_1992334709\">\n\t\t<div class=\"section-bg fill\" >\n\t\t\t<img loading=\"lazy\" decoding=\"async\" width=\"2560\" height=\"1707\" src=\"https:\/\/farmaciamila.cat\/wp-content\/uploads\/2024\/04\/farmacia-mila-servei-medicaments-scaled.webp\" class=\"bg attachment- size-\" alt=\"medicaments - Farmacia Mila Granollers\" \/>\t\t\t\t\t\t\n\t\t\t\n\n\t\t<\/div>\n\n\t\t\n\n\t\t<div class=\"section-content relative\">\n\t\t\t\n\n\t<div id=\"gap-1869829174\" class=\"gap-element clearfix\" style=\"display:block; height:auto;\">\n\t\t\n<style>\n#gap-1869829174 {\n  padding-top: 30px;\n}\n<\/style>\n\t<\/div>\n\t\n\n<div class=\"row align-middle\" style=\"max-width:1300px\" id=\"row-100351781\">\n\n\n\t<div id=\"col-2045927053\" class=\"col medium-7 small-12 large-7\"  >\n\t\t\t\t<div class=\"col-inner dark\" style=\"background-color:rgba(255, 255, 255, 0.645);\" >\n\t\t\t\n\t\t\t\n\n\t<div id=\"text-1194112903\" class=\"text\">\n\t\t\n\n<h1>F\u00f3rmules magistrals<\/h1>\n\t\t\n<style>\n#text-1194112903 {\n  font-size: 1.75rem;\n  color: rgb(0,0,0);\n}\n#text-1194112903 > * {\n  color: rgb(0,0,0);\n}\n@media (min-width:550px) {\n  #text-1194112903 {\n    font-size: 2rem;\n  }\n}\n<\/style>\n\t<\/div>\n\t\n\n\t\t<\/div>\n\t\t\t\t\n<style>\n#col-2045927053 > .col-inner {\n  padding: 20px 20px 0px 20px;\n  border-radius: 10px;\n}\n<\/style>\n\t<\/div>\n\n\t\n\n<\/div>\n\n\t\t<\/div>\n\n\t\t\n<style>\n#section_1992334709 {\n  padding-top: 30px;\n  padding-bottom: 30px;\n  min-height: 350px;\n}\n@media (min-width:550px) {\n  #section_1992334709 {\n    min-height: 500px;\n  }\n}\n@media (min-width:850px) {\n  #section_1992334709 {\n    min-height: 500px;\n  }\n}\n<\/style>\n\t<\/section>\n\t\n\n\t<section class=\"section\" id=\"section_747034969\">\n\t\t<div class=\"section-bg fill\" >\n\t\t\t\t\t\t\t\t\t\n\t\t\t\n\n\t\t<\/div>\n\n\t\t\n\n\t\t<div class=\"section-content relative\">\n\t\t\t\n\n<div class=\"row align-center\"  id=\"row-901499383\">\n\n\n\t<div id=\"col-1316115231\" class=\"col medium-4 small-12 large-4\"  >\n\t\t\t\t<div class=\"col-inner\"  >\n\t\t\t\n\t\t\t\n\n<ul class=\"sidebar-wrapper ul-reset\"><aside id=\"nav_menu-2\" class=\"widget widget_nav_menu\"><span class=\"widget-title \"><span>Llistat de serveis<\/span><\/span><div class=\"is-divider small\"><\/div><div class=\"menu-serveis_menu_cat-container\"><ul id=\"menu-serveis_menu_cat\" class=\"menu\"><li id=\"menu-item-428\" class=\"menu-item menu-item-type-post_type menu-item-object-page menu-item-428\"><a href=\"https:\/\/farmaciamila.cat\/ca\/serveis\/analisi-colesterol-i-sucre\/\">An\u00e0lisi colesterol i sucre<\/a><\/li>\n<li id=\"menu-item-460\" class=\"menu-item menu-item-type-post_type menu-item-object-page menu-item-460\"><a href=\"https:\/\/farmaciamila.cat\/ca\/serveis\/tensio-arterial\/\">Tensi\u00f3 arterial<\/a><\/li>\n<li id=\"menu-item-480\" class=\"menu-item menu-item-type-post_type menu-item-object-page menu-item-480\"><a href=\"https:\/\/farmaciamila.cat\/ca\/serveis\/preparacio-medicacio\/\">Preparaci\u00f3 medicacio<\/a><\/li>\n<li id=\"menu-item-510\" class=\"menu-item menu-item-type-post_type menu-item-object-page menu-item-510\"><a href=\"https:\/\/farmaciamila.cat\/ca\/serveis\/dermocosmetica\/\">Dermocosm\u00e8tica<\/a><\/li>\n<li id=\"menu-item-514\" class=\"menu-item menu-item-type-post_type menu-item-object-page menu-item-514\"><a href=\"https:\/\/farmaciamila.cat\/ca\/serveis\/nutricio\/\">Nutrici\u00f3<\/a><\/li>\n<li id=\"menu-item-509\" class=\"menu-item menu-item-type-post_type menu-item-object-page menu-item-509\"><a href=\"https:\/\/farmaciamila.cat\/ca\/serveis\/formules-magistrals\/\">F\u00f3rmules magistrals<\/a><\/li>\n<li id=\"menu-item-508\" class=\"menu-item menu-item-type-post_type menu-item-object-page menu-item-508\"><a href=\"https:\/\/farmaciamila.cat\/ca\/serveis\/nadons-i-mares\/\">Nadons i mares<\/a><\/li>\n<li id=\"menu-item-507\" class=\"menu-item menu-item-type-post_type menu-item-object-page menu-item-507\"><a href=\"https:\/\/farmaciamila.cat\/ca\/serveis\/suplementacio\/\">Suplementaci\u00f3<\/a><\/li>\n<\/ul><\/div><\/aside><\/ul>\n\n\n\t\t<\/div>\n\t\t\t\t\t<\/div>\n\n\t\n\n\t<div id=\"col-84603327\" class=\"col medium-8 small-12 large-8\"  >\n\t\t\t\t<div class=\"col-inner text-left\"  >\n\t\t\t\n\t\t\t\n\n\t<div id=\"text-3354075156\" class=\"text\">\n\t\t\n\n<p>A la nostra farm\u00e0cia, comptem amb un laboratori especialitzat on elaborem f\u00f3rmules magistrals i preparats oficials. Aquest laboratori ens permet oferir serveis personalitzats de salut als nostres clients, adaptant els tractaments a les seves necessitats espec\u00edfiques. El nostre equip de professionals altament capacitats s&#8217;encarrega de garantir la qualitat i seguretat de cada preparat.<\/p>\n<p>A m\u00e9s, en disposar d&#8217;aquest laboratori propi, podem oferir una \u00e0mplia varietat de productes personalitzats que no es troben a les farm\u00e0cies convencionals. Aix\u00f2 ens permet brindar solucions \u00faniques a problemes de salut particulars, oferint alternatives eficaces per millorar la qualitat de vida dels nostres pacients.<\/p>\n<p>Ens esforcem per mantenir-nos actualitzats en les \u00faltimes tecnologies i tend\u00e8ncies del sector farmac\u00e8utic per poder seguir oferint els millors serveis i productes a la nostra comunitat. La possibilitat d&#8217;elaborar f\u00f3rmules magistrals ens permet abordar casos especials que requereixin tractaments personalitzats i adaptats a les necessitats individuals.<\/p>\n<p>En resum, el nostre laboratori propi \u00e9s una eina fonamental que ens diferencia i ens permet mantenir un alt est\u00e0ndard de qualitat en els nostres serveis farmac\u00e8utics, oferint solucions innovadores i efectives per cuidar la salut dels nostres clients.<\/p>\n\t\t\n<style>\n#text-3354075156 {\n  color: rgb(0,0,0);\n}\n#text-3354075156 > * {\n  color: rgb(0,0,0);\n}\n<\/style>\n\t<\/div>\n\t\n<a href=\"https:\/\/farmaciamila.cat\/ca\/contacte\/\" class=\"button primary is-large\" style=\"border-radius:10px;padding:5px 20px 5px 20px;\">\n\t\t<span>Contacta amb nosaltres<\/span>\n\t<\/a>\n\n\n\n\t\t<\/div>\n\t\t\t\t\t<\/div>\n\n\t\n\n<\/div>\n\n\t\t<\/div>\n\n\t\t\n<style>\n#section_747034969 {\n  padding-top: 30px;\n  padding-bottom: 30px;\n}\n<\/style>\n\t<\/section>\n\t\n\n","protected":false},"excerpt":{"rendered":"","protected":false},"author":1,"featured_media":0,"parent":390,"menu_order":0,"comment_status":"closed","ping_status":"closed","template":"","meta":{"footnotes":""},"class_list":["post-496","page","type-page","status-publish","hentry"],"yoast_head":"<!-- This site is optimized with the Yoast SEO plugin v27.5 - https:\/\/yoast.com\/product\/yoast-seo-wordpress\/ -->\n<title>Formules magistrals | Farm\u00e0cia Mil\u00e0<\/title>\n<meta name=\"description\" content=\"Creem f\u00f3rmules magistrals \u00faniques per a tu. Des de medicaments personalitzats fins a cosm\u00e8tics adaptats, som aqu\u00ed per cuidar-te. Visita&#039;ns!\" \/>\n<meta name=\"robots\" content=\"index, follow, max-snippet:-1, max-image-preview:large, max-video-preview:-1\" \/>\n<link rel=\"canonical\" href=\"https:\/\/farmaciamila.cat\/ca\/serveis\/formules-magistrals\/\" \/>\n<meta property=\"og:locale\" content=\"ca_ES\" \/>\n<meta property=\"og:type\" content=\"article\" \/>\n<meta property=\"og:title\" content=\"Formules magistrals | Farm\u00e0cia Mil\u00e0\" \/>\n<meta property=\"og:description\" content=\"Creem f\u00f3rmules magistrals \u00faniques per a tu. Des de medicaments personalitzats fins a cosm\u00e8tics adaptats, som aqu\u00ed per cuidar-te. Visita&#039;ns!\" \/>\n<meta property=\"og:url\" content=\"https:\/\/farmaciamila.cat\/ca\/serveis\/formules-magistrals\/\" \/>\n<meta property=\"og:site_name\" content=\"Farmacia Mila | Sempre al teu costat\" \/>\n<meta property=\"article:publisher\" content=\"https:\/\/www.facebook.com\/farmaciamilagranollers\/\" \/>\n<meta property=\"article:modified_time\" content=\"2024-09-17T11:52:51+00:00\" \/>\n<meta name=\"twitter:card\" content=\"summary_large_image\" \/>\n<meta name=\"twitter:label1\" content=\"Temps estimat de lectura\" \/>\n\t<meta name=\"twitter:data1\" content=\"2 minuts\" \/>\n<script type=\"application\/ld+json\" class=\"yoast-schema-graph\">{\"@context\":\"https:\\\/\\\/schema.org\",\"@graph\":[{\"@type\":\"WebPage\",\"@id\":\"https:\\\/\\\/farmaciamila.cat\\\/ca\\\/serveis\\\/formules-magistrals\\\/\",\"url\":\"https:\\\/\\\/farmaciamila.cat\\\/ca\\\/serveis\\\/formules-magistrals\\\/\",\"name\":\"Formules magistrals | Farm\u00e0cia Mil\u00e0\",\"isPartOf\":{\"@id\":\"https:\\\/\\\/farmaciamila.cat\\\/ca\\\/#website\"},\"datePublished\":\"2020-06-25T12:10:05+00:00\",\"dateModified\":\"2024-09-17T11:52:51+00:00\",\"description\":\"Creem f\u00f3rmules magistrals \u00faniques per a tu. Des de medicaments personalitzats fins a cosm\u00e8tics adaptats, som aqu\u00ed per cuidar-te. Visita'ns!\",\"breadcrumb\":{\"@id\":\"https:\\\/\\\/farmaciamila.cat\\\/ca\\\/serveis\\\/formules-magistrals\\\/#breadcrumb\"},\"inLanguage\":\"ca\",\"potentialAction\":[{\"@type\":\"ReadAction\",\"target\":[\"https:\\\/\\\/farmaciamila.cat\\\/ca\\\/serveis\\\/formules-magistrals\\\/\"]}]},{\"@type\":\"BreadcrumbList\",\"@id\":\"https:\\\/\\\/farmaciamila.cat\\\/ca\\\/serveis\\\/formules-magistrals\\\/#breadcrumb\",\"itemListElement\":[{\"@type\":\"ListItem\",\"position\":1,\"name\":\"Home\",\"item\":\"https:\\\/\\\/farmaciamila.cat\\\/ca\\\/\"},{\"@type\":\"ListItem\",\"position\":2,\"name\":\"Serveis\",\"item\":\"https:\\\/\\\/farmaciamila.cat\\\/ca\\\/serveis\\\/\"},{\"@type\":\"ListItem\",\"position\":3,\"name\":\"F\u00f3rmules magistrals\"}]},{\"@type\":\"WebSite\",\"@id\":\"https:\\\/\\\/farmaciamila.cat\\\/ca\\\/#website\",\"url\":\"https:\\\/\\\/farmaciamila.cat\\\/ca\\\/\",\"name\":\"Farmacia Mila | Sempre al teu costat\",\"description\":\"Tenim cura de tu i dels teus\",\"publisher\":{\"@id\":\"https:\\\/\\\/farmaciamila.cat\\\/ca\\\/#organization\"},\"potentialAction\":[{\"@type\":\"SearchAction\",\"target\":{\"@type\":\"EntryPoint\",\"urlTemplate\":\"https:\\\/\\\/farmaciamila.cat\\\/ca\\\/?s={search_term_string}\"},\"query-input\":{\"@type\":\"PropertyValueSpecification\",\"valueRequired\":true,\"valueName\":\"search_term_string\"}}],\"inLanguage\":\"ca\"},{\"@type\":\"Organization\",\"@id\":\"https:\\\/\\\/farmaciamila.cat\\\/ca\\\/#organization\",\"name\":\"Farmacia Mila\",\"url\":\"https:\\\/\\\/farmaciamila.cat\\\/ca\\\/\",\"logo\":{\"@type\":\"ImageObject\",\"inLanguage\":\"ca\",\"@id\":\"https:\\\/\\\/farmaciamila.cat\\\/ca\\\/#\\\/schema\\\/logo\\\/image\\\/\",\"url\":\"https:\\\/\\\/farmaciamila.cat\\\/wp-content\\\/uploads\\\/2020\\\/06\\\/logo_quadrat.png\",\"contentUrl\":\"https:\\\/\\\/farmaciamila.cat\\\/wp-content\\\/uploads\\\/2020\\\/06\\\/logo_quadrat.png\",\"width\":500,\"height\":500,\"caption\":\"Farmacia Mila\"},\"image\":{\"@id\":\"https:\\\/\\\/farmaciamila.cat\\\/ca\\\/#\\\/schema\\\/logo\\\/image\\\/\"},\"sameAs\":[\"https:\\\/\\\/www.facebook.com\\\/farmaciamilagranollers\\\/\",\"https:\\\/\\\/www.instagram.com\\\/farmacia.mila\\\/\"]}]}<\/script>\n<!-- \/ Yoast SEO plugin. -->","yoast_head_json":{"title":"Formules magistrals | Farm\u00e0cia Mil\u00e0","description":"Creem f\u00f3rmules magistrals \u00faniques per a tu. Des de medicaments personalitzats fins a cosm\u00e8tics adaptats, som aqu\u00ed per cuidar-te. Visita'ns!","robots":{"index":"index","follow":"follow","max-snippet":"max-snippet:-1","max-image-preview":"max-image-preview:large","max-video-preview":"max-video-preview:-1"},"canonical":"https:\/\/farmaciamila.cat\/ca\/serveis\/formules-magistrals\/","og_locale":"ca_ES","og_type":"article","og_title":"Formules magistrals | Farm\u00e0cia Mil\u00e0","og_description":"Creem f\u00f3rmules magistrals \u00faniques per a tu. Des de medicaments personalitzats fins a cosm\u00e8tics adaptats, som aqu\u00ed per cuidar-te. Visita'ns!","og_url":"https:\/\/farmaciamila.cat\/ca\/serveis\/formules-magistrals\/","og_site_name":"Farmacia Mila | Sempre al teu costat","article_publisher":"https:\/\/www.facebook.com\/farmaciamilagranollers\/","article_modified_time":"2024-09-17T11:52:51+00:00","twitter_card":"summary_large_image","twitter_misc":{"Temps estimat de lectura":"2 minuts"},"schema":{"@context":"https:\/\/schema.org","@graph":[{"@type":"WebPage","@id":"https:\/\/farmaciamila.cat\/ca\/serveis\/formules-magistrals\/","url":"https:\/\/farmaciamila.cat\/ca\/serveis\/formules-magistrals\/","name":"Formules magistrals | Farm\u00e0cia Mil\u00e0","isPartOf":{"@id":"https:\/\/farmaciamila.cat\/ca\/#website"},"datePublished":"2020-06-25T12:10:05+00:00","dateModified":"2024-09-17T11:52:51+00:00","description":"Creem f\u00f3rmules magistrals \u00faniques per a tu. Des de medicaments personalitzats fins a cosm\u00e8tics adaptats, som aqu\u00ed per cuidar-te. Visita'ns!","breadcrumb":{"@id":"https:\/\/farmaciamila.cat\/ca\/serveis\/formules-magistrals\/#breadcrumb"},"inLanguage":"ca","potentialAction":[{"@type":"ReadAction","target":["https:\/\/farmaciamila.cat\/ca\/serveis\/formules-magistrals\/"]}]},{"@type":"BreadcrumbList","@id":"https:\/\/farmaciamila.cat\/ca\/serveis\/formules-magistrals\/#breadcrumb","itemListElement":[{"@type":"ListItem","position":1,"name":"Home","item":"https:\/\/farmaciamila.cat\/ca\/"},{"@type":"ListItem","position":2,"name":"Serveis","item":"https:\/\/farmaciamila.cat\/ca\/serveis\/"},{"@type":"ListItem","position":3,"name":"F\u00f3rmules magistrals"}]},{"@type":"WebSite","@id":"https:\/\/farmaciamila.cat\/ca\/#website","url":"https:\/\/farmaciamila.cat\/ca\/","name":"Farmacia Mila | Sempre al teu costat","description":"Tenim cura de tu i dels teus","publisher":{"@id":"https:\/\/farmaciamila.cat\/ca\/#organization"},"potentialAction":[{"@type":"SearchAction","target":{"@type":"EntryPoint","urlTemplate":"https:\/\/farmaciamila.cat\/ca\/?s={search_term_string}"},"query-input":{"@type":"PropertyValueSpecification","valueRequired":true,"valueName":"search_term_string"}}],"inLanguage":"ca"},{"@type":"Organization","@id":"https:\/\/farmaciamila.cat\/ca\/#organization","name":"Farmacia Mila","url":"https:\/\/farmaciamila.cat\/ca\/","logo":{"@type":"ImageObject","inLanguage":"ca","@id":"https:\/\/farmaciamila.cat\/ca\/#\/schema\/logo\/image\/","url":"https:\/\/farmaciamila.cat\/wp-content\/uploads\/2020\/06\/logo_quadrat.png","contentUrl":"https:\/\/farmaciamila.cat\/wp-content\/uploads\/2020\/06\/logo_quadrat.png","width":500,"height":500,"caption":"Farmacia Mila"},"image":{"@id":"https:\/\/farmaciamila.cat\/ca\/#\/schema\/logo\/image\/"},"sameAs":["https:\/\/www.facebook.com\/farmaciamilagranollers\/","https:\/\/www.instagram.com\/farmacia.mila\/"]}]}},"_links":{"self":[{"href":"https:\/\/farmaciamila.cat\/ca\/wp-json\/wp\/v2\/pages\/496","targetHints":{"allow":["GET"]}}],"collection":[{"href":"https:\/\/farmaciamila.cat\/ca\/wp-json\/wp\/v2\/pages"}],"about":[{"href":"https:\/\/farmaciamila.cat\/ca\/wp-json\/wp\/v2\/types\/page"}],"author":[{"embeddable":true,"href":"https:\/\/farmaciamila.cat\/ca\/wp-json\/wp\/v2\/users\/1"}],"replies":[{"embeddable":true,"href":"https:\/\/farmaciamila.cat\/ca\/wp-json\/wp\/v2\/comments?post=496"}],"version-history":[{"count":11,"href":"https:\/\/farmaciamila.cat\/ca\/wp-json\/wp\/v2\/pages\/496\/revisions"}],"predecessor-version":[{"id":1439,"href":"https:\/\/farmaciamila.cat\/ca\/wp-json\/wp\/v2\/pages\/496\/revisions\/1439"}],"up":[{"embeddable":true,"href":"https:\/\/farmaciamila.cat\/ca\/wp-json\/wp\/v2\/pages\/390"}],"wp:attachment":[{"href":"https:\/\/farmaciamila.cat\/ca\/wp-json\/wp\/v2\/media?parent=496"}],"curies":[{"name":"wp","href":"https:\/\/api.w.org\/{rel}","templated":true}]}}