{"id":487,"date":"2020-06-25T13:57:35","date_gmt":"2020-06-25T11:57:35","guid":{"rendered":"https:\/\/farmaciamila.cat\/?page_id=487"},"modified":"2024-09-17T13:51:57","modified_gmt":"2024-09-17T11:51:57","slug":"dermocosmetica","status":"publish","type":"page","link":"https:\/\/farmaciamila.cat\/ca\/serveis\/dermocosmetica\/","title":{"rendered":"Dermocosm\u00e8tica"},"content":{"rendered":"\n\n\t<section class=\"section\" id=\"section_510244445\">\n\t\t<div class=\"section-bg fill\" >\n\t\t\t<img loading=\"lazy\" decoding=\"async\" width=\"2560\" height=\"1707\" src=\"https:\/\/farmaciamila.cat\/wp-content\/uploads\/2024\/07\/dermocosmetica-farmacia-mila-granollers-scaled.webp\" class=\"bg attachment- size-\" alt=\"dermocosmetica - Farmacia Mila Granollers\" \/>\t\t\t\t\t\t\n\t\t\t\n\n\t\t<\/div>\n\n\t\t\n\n\t\t<div class=\"section-content relative\">\n\t\t\t\n\n\t<div id=\"gap-1486398702\" class=\"gap-element clearfix\" style=\"display:block; height:auto;\">\n\t\t\n<style>\n#gap-1486398702 {\n  padding-top: 30px;\n}\n<\/style>\n\t<\/div>\n\t\n\n<div class=\"row align-middle\" style=\"max-width:1300px\" id=\"row-37824766\">\n\n\n\t<div id=\"col-73443751\" class=\"col medium-6 small-12 large-6\"  >\n\t\t\t\t<div class=\"col-inner dark\" style=\"background-color:rgba(255, 255, 255, 0.645);\" >\n\t\t\t\n\t\t\t\n\n\t<div id=\"text-177505033\" class=\"text\">\n\t\t\n\n<h1>Dermocosm\u00e8tica<\/h1>\n\t\t\n<style>\n#text-177505033 {\n  font-size: 1.75rem;\n  color: #181c1e;\n}\n#text-177505033 > * {\n  color: #181c1e;\n}\n@media (min-width:550px) {\n  #text-177505033 {\n    font-size: 2rem;\n  }\n}\n<\/style>\n\t<\/div>\n\t\n\n\t\t<\/div>\n\t\t\t\t\n<style>\n#col-73443751 > .col-inner {\n  padding: 20px 20px 0px 20px;\n  border-radius: 10px;\n}\n<\/style>\n\t<\/div>\n\n\t\n\n<\/div>\n\n\t\t<\/div>\n\n\t\t\n<style>\n#section_510244445 {\n  padding-top: 30px;\n  padding-bottom: 30px;\n  min-height: 350px;\n}\n@media (min-width:550px) {\n  #section_510244445 {\n    min-height: 500px;\n  }\n}\n@media (min-width:850px) {\n  #section_510244445 {\n    min-height: 500px;\n  }\n}\n<\/style>\n\t<\/section>\n\t\n\n\t<section class=\"section\" id=\"section_544827347\">\n\t\t<div class=\"section-bg fill\" >\n\t\t\t\t\t\t\t\t\t\n\t\t\t\n\n\t\t<\/div>\n\n\t\t\n\n\t\t<div class=\"section-content relative\">\n\t\t\t\n\n<div class=\"row align-center\"  id=\"row-1463012153\">\n\n\n\t<div id=\"col-1224998350\" class=\"col medium-4 small-12 large-4\"  >\n\t\t\t\t<div class=\"col-inner\"  >\n\t\t\t\n\t\t\t\n\n<ul class=\"sidebar-wrapper ul-reset\"><aside id=\"nav_menu-2\" class=\"widget widget_nav_menu\"><span class=\"widget-title \"><span>Llistat de serveis<\/span><\/span><div class=\"is-divider small\"><\/div><div class=\"menu-serveis_menu_cat-container\"><ul id=\"menu-serveis_menu_cat\" class=\"menu\"><li id=\"menu-item-428\" class=\"menu-item menu-item-type-post_type menu-item-object-page menu-item-428\"><a href=\"https:\/\/farmaciamila.cat\/ca\/serveis\/analisi-colesterol-i-sucre\/\">An\u00e0lisi colesterol i sucre<\/a><\/li>\n<li id=\"menu-item-460\" class=\"menu-item menu-item-type-post_type menu-item-object-page menu-item-460\"><a href=\"https:\/\/farmaciamila.cat\/ca\/serveis\/tensio-arterial\/\">Tensi\u00f3 arterial<\/a><\/li>\n<li id=\"menu-item-480\" class=\"menu-item menu-item-type-post_type menu-item-object-page menu-item-480\"><a href=\"https:\/\/farmaciamila.cat\/ca\/serveis\/preparacio-medicacio\/\">Preparaci\u00f3 medicacio<\/a><\/li>\n<li id=\"menu-item-510\" class=\"menu-item menu-item-type-post_type menu-item-object-page menu-item-510\"><a href=\"https:\/\/farmaciamila.cat\/ca\/serveis\/dermocosmetica\/\">Dermocosm\u00e8tica<\/a><\/li>\n<li id=\"menu-item-514\" class=\"menu-item menu-item-type-post_type menu-item-object-page menu-item-514\"><a href=\"https:\/\/farmaciamila.cat\/ca\/serveis\/nutricio\/\">Nutrici\u00f3<\/a><\/li>\n<li id=\"menu-item-509\" class=\"menu-item menu-item-type-post_type menu-item-object-page menu-item-509\"><a href=\"https:\/\/farmaciamila.cat\/ca\/serveis\/formules-magistrals\/\">F\u00f3rmules magistrals<\/a><\/li>\n<li id=\"menu-item-508\" class=\"menu-item menu-item-type-post_type menu-item-object-page menu-item-508\"><a href=\"https:\/\/farmaciamila.cat\/ca\/serveis\/nadons-i-mares\/\">Nadons i mares<\/a><\/li>\n<li id=\"menu-item-507\" class=\"menu-item menu-item-type-post_type menu-item-object-page menu-item-507\"><a href=\"https:\/\/farmaciamila.cat\/ca\/serveis\/suplementacio\/\">Suplementaci\u00f3<\/a><\/li>\n<\/ul><\/div><\/aside><\/ul>\n\n\n\t\t<\/div>\n\t\t\t\t\t<\/div>\n\n\t\n\n\t<div id=\"col-1876901479\" class=\"col medium-8 small-12 large-8\"  >\n\t\t\t\t<div class=\"col-inner text-left\"  >\n\t\t\t\n\t\t\t\n\n\t<div id=\"text-1624118852\" class=\"text\">\n\t\t\n\n<p>A la Farm\u00e0cia Mil\u00e0 entenem que totes les pells s\u00f3n diferents i tenen necessitats espec\u00edfiques. Per aix\u00f2, oferim els millors tractaments de dermocosm\u00e8tica per a cada tipus de pell: normal, mixta, grassa, seca, entre d&#8217;altres. Treballem amb laboratoris dermatol\u00f2gics i de dermocosm\u00e8tica naturals per tractar i embelleir la pell, oferint solucions adaptades a cada tipologia com pell de nad\u00f3, sensible o amb problemes com sequedat o picor o pells madures amb altres necessitats. A m\u00e9s, disposem d&#8217;una \u00e0mplia selecci\u00f3 de <a href=\"https:\/\/farmaciamila.cat\/ca\/serveis\/suplementacio\/fotoprotectors\/\">cremes solars i fotoprotectors<\/a> per protegir la teva pell dels danys del sol durant tot l&#8217;any.<\/p>\n<p>Els nostres experts en salut dermatol\u00f2gica estan disponibles per resoldre qualsevol dubte que tinguis sobre la cura de la pell. Tamb\u00e9 t&#8217;oferim productes espec\u00edfics per a la <a href=\"https:\/\/farmaciamila.cat\/ca\/serveis\/suplementacio\/salut-capilar\/\">salut i vitamines pels cabells<\/a>, ajudant-te a mantenir-los forts i brillants. A la Farm\u00e0cia Mil\u00e0 ens preocupem pel teu benestar i t&#8217;ajudem a trobar els productes ideals per mantenir la teva pell sana i bonica.<\/p>\n<p>Visita&#8217;ns i descobreix la nostra \u00e0mplia gamma de serveis enfocats en el cuidat dermatol\u00f2gic personalitzat. Confia en nosaltres per lluir una pell radiant i saludable!<\/p>\n\t\t\n<style>\n#text-1624118852 {\n  color: rgb(0,0,0);\n}\n#text-1624118852 > * {\n  color: rgb(0,0,0);\n}\n<\/style>\n\t<\/div>\n\t\n<a href=\"https:\/\/farmaciamila.cat\/ca\/contacte\/\" class=\"button primary is-large\" style=\"border-radius:10px;padding:5px 20px 5px 20px;\">\n\t\t<span>Contacta amb nosaltres<\/span>\n\t<\/a>\n\n\n\n\t\t<\/div>\n\t\t\t\t\t<\/div>\n\n\t\n\n<\/div>\n\n\t\t<\/div>\n\n\t\t\n<style>\n#section_544827347 {\n  padding-top: 30px;\n  padding-bottom: 30px;\n}\n<\/style>\n\t<\/section>\n\t\n\n\t<section class=\"section\" id=\"section_1094137474\">\n\t\t<div class=\"section-bg fill\" >\n\t\t\t\t\t\t\t\t\t\n\t\t\t\n\n\t\t<\/div>\n\n\t\t\n\n\t\t<div class=\"section-content relative\">\n\t\t\t\n\n\t<div id=\"text-2692268099\" class=\"text\">\n\t\t\n\n<h2>Marques en les que confiem<\/h2>\n\t\t\n<style>\n#text-2692268099 {\n  text-align: center;\n}\n<\/style>\n\t<\/div>\n\t\n<div class=\"row\"  id=\"row-2028152402\">\n\n\n\t<div id=\"col-1450845319\" class=\"col medium-2 small-12 large-2\"  >\n\t\t\t\t<div class=\"col-inner\"  >\n\t\t\t\n\t\t\t\n\n\t<div class=\"img has-hover x md-x lg-x y md-y lg-y\" id=\"image_652438410\">\n\t\t\t\t\t\t\t\t<div class=\"img-inner dark\" style=\"margin:45px 0px 0px 0px;\">\n\t\t\t<img loading=\"lazy\" decoding=\"async\" width=\"900\" height=\"500\" src=\"https:\/\/farmaciamila.cat\/wp-content\/uploads\/2024\/08\/Caudalie-logo.webp\" class=\"attachment-large size-large\" alt=\"Caudalie logo\" srcset=\"https:\/\/farmaciamila.cat\/wp-content\/uploads\/2024\/08\/Caudalie-logo.webp 900w, https:\/\/farmaciamila.cat\/wp-content\/uploads\/2024\/08\/Caudalie-logo-300x167.webp 300w, https:\/\/farmaciamila.cat\/wp-content\/uploads\/2024\/08\/Caudalie-logo-768x427.webp 768w\" sizes=\"auto, (max-width: 900px) 100vw, 900px\" \/>\t\t\t\t\t\t\n\t\t\t\t\t<\/div>\n\t\t\t\t\t\t\t\t\n<style>\n#image_652438410 {\n  width: 100%;\n}\n<\/style>\n\t<\/div>\n\t\n\n\n\t\t<\/div>\n\t\t\t\t\t<\/div>\n\n\t\n\n\t<div id=\"col-629504739\" class=\"col medium-2 small-12 large-2\"  >\n\t\t\t\t<div class=\"col-inner text-center\"  >\n\t\t\t\n\t\t\t\n\n\t<div class=\"img has-hover x md-x lg-x y md-y lg-y\" id=\"image_1800886568\">\n\t\t\t\t\t\t\t\t<div class=\"img-inner dark\" style=\"margin:45px 0px 0px 0px;\">\n\t\t\t<img loading=\"lazy\" decoding=\"async\" width=\"600\" height=\"338\" src=\"https:\/\/farmaciamila.cat\/wp-content\/uploads\/2024\/08\/Avene-Logo-1.webp\" class=\"attachment-large size-large\" alt=\"Avene-Logo\" srcset=\"https:\/\/farmaciamila.cat\/wp-content\/uploads\/2024\/08\/Avene-Logo-1.webp 600w, https:\/\/farmaciamila.cat\/wp-content\/uploads\/2024\/08\/Avene-Logo-1-300x169.webp 300w\" sizes=\"auto, (max-width: 600px) 100vw, 600px\" \/>\t\t\t\t\t\t\n\t\t\t\t\t<\/div>\n\t\t\t\t\t\t\t\t\n<style>\n#image_1800886568 {\n  width: 100%;\n}\n<\/style>\n\t<\/div>\n\t\n\n\n\t\t<\/div>\n\t\t\t\t\t<\/div>\n\n\t\n\n\t<div id=\"col-1317558529\" class=\"col medium-2 small-12 large-2\"  >\n\t\t\t\t<div class=\"col-inner text-center\"  >\n\t\t\t\n\t\t\t\n\n\t<div class=\"img has-hover x md-x lg-x y md-y lg-y\" id=\"image_1130154129\">\n\t\t\t\t\t\t\t\t<div class=\"img-inner dark\" style=\"margin:20px 0px 0px 0px;\">\n\t\t\t<img loading=\"lazy\" decoding=\"async\" width=\"1020\" height=\"1020\" src=\"https:\/\/farmaciamila.cat\/wp-content\/uploads\/2024\/08\/Eucerin-logo-1024x1024.webp\" class=\"attachment-large size-large\" alt=\"\" srcset=\"https:\/\/farmaciamila.cat\/wp-content\/uploads\/2024\/08\/Eucerin-logo-1024x1024.webp 1024w, https:\/\/farmaciamila.cat\/wp-content\/uploads\/2024\/08\/Eucerin-logo-300x300.webp 300w, https:\/\/farmaciamila.cat\/wp-content\/uploads\/2024\/08\/Eucerin-logo-150x150.webp 150w, https:\/\/farmaciamila.cat\/wp-content\/uploads\/2024\/08\/Eucerin-logo-768x768.webp 768w, https:\/\/farmaciamila.cat\/wp-content\/uploads\/2024\/08\/Eucerin-logo-1536x1536.webp 1536w, https:\/\/farmaciamila.cat\/wp-content\/uploads\/2024\/08\/Eucerin-logo-2048x2048.webp 2048w\" sizes=\"auto, (max-width: 1020px) 100vw, 1020px\" \/>\t\t\t\t\t\t\n\t\t\t\t\t<\/div>\n\t\t\t\t\t\t\t\t\n<style>\n#image_1130154129 {\n  width: 100%;\n}\n<\/style>\n\t<\/div>\n\t\n\n\n\t\t<\/div>\n\t\t\t\t\t<\/div>\n\n\t\n\n\t<div id=\"col-2111756542\" class=\"col medium-2 small-12 large-2\"  >\n\t\t\t\t<div class=\"col-inner\"  >\n\t\t\t\n\t\t\t\n\n\t<div class=\"img has-hover x md-x lg-x y md-y lg-y\" id=\"image_450312274\">\n\t\t\t\t\t\t\t\t<div class=\"img-inner dark\" style=\"margin:15px 0px 0px 0px;\">\n\t\t\t<img loading=\"lazy\" decoding=\"async\" width=\"400\" height=\"400\" src=\"https:\/\/farmaciamila.cat\/wp-content\/uploads\/2024\/08\/logo-isdin.webp\" class=\"attachment-large size-large\" alt=\"\" srcset=\"https:\/\/farmaciamila.cat\/wp-content\/uploads\/2024\/08\/logo-isdin.webp 400w, https:\/\/farmaciamila.cat\/wp-content\/uploads\/2024\/08\/logo-isdin-300x300.webp 300w, https:\/\/farmaciamila.cat\/wp-content\/uploads\/2024\/08\/logo-isdin-150x150.webp 150w\" sizes=\"auto, (max-width: 400px) 100vw, 400px\" \/>\t\t\t\t\t\t\n\t\t\t\t\t<\/div>\n\t\t\t\t\t\t\t\t\n<style>\n#image_450312274 {\n  width: 100%;\n}\n<\/style>\n\t<\/div>\n\t\n\n\n\t\t<\/div>\n\t\t\t\t\t<\/div>\n\n\t\n\n\t<div id=\"col-177111911\" class=\"col medium-2 small-12 large-2\"  >\n\t\t\t\t<div class=\"col-inner\"  >\n\t\t\t\n\t\t\t\n\n\t<div class=\"img has-hover x md-x lg-x y md-y lg-y\" id=\"image_1150774719\">\n\t\t\t\t\t\t\t\t<div class=\"img-inner dark\" style=\"margin:45px 0px 0px 0px;\">\n\t\t\t<img loading=\"lazy\" decoding=\"async\" width=\"172\" height=\"66\" src=\"https:\/\/farmaciamila.cat\/wp-content\/uploads\/2024\/08\/Sesderma-Logo.webp\" class=\"attachment-large size-large\" alt=\"\" \/>\t\t\t\t\t\t\n\t\t\t\t\t<\/div>\n\t\t\t\t\t\t\t\t\n<style>\n#image_1150774719 {\n  width: 100%;\n}\n<\/style>\n\t<\/div>\n\t\n\n\n\t\t<\/div>\n\t\t\t\t\t<\/div>\n\n\t\n\n<\/div>\n\n\t\t<\/div>\n\n\t\t\n<style>\n#section_1094137474 {\n  padding-top: 30px;\n  padding-bottom: 30px;\n}\n<\/style>\n\t<\/section>\n\t\n\n","protected":false},"excerpt":{"rendered":"","protected":false},"author":1,"featured_media":0,"parent":390,"menu_order":0,"comment_status":"closed","ping_status":"closed","template":"","meta":{"footnotes":""},"class_list":["post-487","page","type-page","status-publish","hentry"],"yoast_head":"<!-- This site is optimized with the Yoast SEO plugin v27.6 - https:\/\/yoast.com\/product\/yoast-seo-wordpress\/ -->\n<title>Dermocosm\u00e8tica - Marques | Farm\u00e0cia Mil\u00e0<\/title>\n<meta name=\"description\" content=\"Descobreix els nostres productes de dermocosm\u00e8tica per a una pell sana i radiant. Troba les millors marques a la nostra farm\u00e0cia. Visita&#039;ns!\" \/>\n<meta name=\"robots\" content=\"index, follow, max-snippet:-1, max-image-preview:large, max-video-preview:-1\" \/>\n<link rel=\"canonical\" href=\"https:\/\/farmaciamila.cat\/ca\/serveis\/dermocosmetica\/\" \/>\n<meta property=\"og:locale\" content=\"ca_ES\" \/>\n<meta property=\"og:type\" content=\"article\" \/>\n<meta property=\"og:title\" content=\"Dermocosm\u00e8tica - Marques | Farm\u00e0cia Mil\u00e0\" \/>\n<meta property=\"og:description\" content=\"Descobreix els nostres productes de dermocosm\u00e8tica per a una pell sana i radiant. Troba les millors marques a la nostra farm\u00e0cia. Visita&#039;ns!\" \/>\n<meta property=\"og:url\" content=\"https:\/\/farmaciamila.cat\/ca\/serveis\/dermocosmetica\/\" \/>\n<meta property=\"og:site_name\" content=\"Farmacia Mila | Sempre al teu costat\" \/>\n<meta property=\"article:publisher\" content=\"https:\/\/www.facebook.com\/farmaciamilagranollers\/\" \/>\n<meta property=\"article:modified_time\" content=\"2024-09-17T11:51:57+00:00\" \/>\n<meta name=\"twitter:card\" content=\"summary_large_image\" \/>\n<meta name=\"twitter:label1\" content=\"Temps estimat de lectura\" \/>\n\t<meta name=\"twitter:data1\" content=\"1 minut\" \/>\n<script type=\"application\/ld+json\" class=\"yoast-schema-graph\">{\"@context\":\"https:\\\/\\\/schema.org\",\"@graph\":[{\"@type\":\"WebPage\",\"@id\":\"https:\\\/\\\/farmaciamila.cat\\\/ca\\\/serveis\\\/dermocosmetica\\\/\",\"url\":\"https:\\\/\\\/farmaciamila.cat\\\/ca\\\/serveis\\\/dermocosmetica\\\/\",\"name\":\"Dermocosm\u00e8tica - Marques | Farm\u00e0cia Mil\u00e0\",\"isPartOf\":{\"@id\":\"https:\\\/\\\/farmaciamila.cat\\\/ca\\\/#website\"},\"datePublished\":\"2020-06-25T11:57:35+00:00\",\"dateModified\":\"2024-09-17T11:51:57+00:00\",\"description\":\"Descobreix els nostres productes de dermocosm\u00e8tica per a una pell sana i radiant. Troba les millors marques a la nostra farm\u00e0cia. Visita'ns!\",\"breadcrumb\":{\"@id\":\"https:\\\/\\\/farmaciamila.cat\\\/ca\\\/serveis\\\/dermocosmetica\\\/#breadcrumb\"},\"inLanguage\":\"ca\",\"potentialAction\":[{\"@type\":\"ReadAction\",\"target\":[\"https:\\\/\\\/farmaciamila.cat\\\/ca\\\/serveis\\\/dermocosmetica\\\/\"]}]},{\"@type\":\"BreadcrumbList\",\"@id\":\"https:\\\/\\\/farmaciamila.cat\\\/ca\\\/serveis\\\/dermocosmetica\\\/#breadcrumb\",\"itemListElement\":[{\"@type\":\"ListItem\",\"position\":1,\"name\":\"Home\",\"item\":\"https:\\\/\\\/farmaciamila.cat\\\/ca\\\/\"},{\"@type\":\"ListItem\",\"position\":2,\"name\":\"Serveis\",\"item\":\"https:\\\/\\\/farmaciamila.cat\\\/ca\\\/serveis\\\/\"},{\"@type\":\"ListItem\",\"position\":3,\"name\":\"Dermocosm\u00e8tica\"}]},{\"@type\":\"WebSite\",\"@id\":\"https:\\\/\\\/farmaciamila.cat\\\/ca\\\/#website\",\"url\":\"https:\\\/\\\/farmaciamila.cat\\\/ca\\\/\",\"name\":\"Farmacia Mila | Sempre al teu costat\",\"description\":\"Tenim cura de tu i dels teus\",\"publisher\":{\"@id\":\"https:\\\/\\\/farmaciamila.cat\\\/ca\\\/#organization\"},\"potentialAction\":[{\"@type\":\"SearchAction\",\"target\":{\"@type\":\"EntryPoint\",\"urlTemplate\":\"https:\\\/\\\/farmaciamila.cat\\\/ca\\\/?s={search_term_string}\"},\"query-input\":{\"@type\":\"PropertyValueSpecification\",\"valueRequired\":true,\"valueName\":\"search_term_string\"}}],\"inLanguage\":\"ca\"},{\"@type\":\"Organization\",\"@id\":\"https:\\\/\\\/farmaciamila.cat\\\/ca\\\/#organization\",\"name\":\"Farmacia Mila\",\"url\":\"https:\\\/\\\/farmaciamila.cat\\\/ca\\\/\",\"logo\":{\"@type\":\"ImageObject\",\"inLanguage\":\"ca\",\"@id\":\"https:\\\/\\\/farmaciamila.cat\\\/ca\\\/#\\\/schema\\\/logo\\\/image\\\/\",\"url\":\"https:\\\/\\\/farmaciamila.cat\\\/wp-content\\\/uploads\\\/2020\\\/06\\\/logo_quadrat.png\",\"contentUrl\":\"https:\\\/\\\/farmaciamila.cat\\\/wp-content\\\/uploads\\\/2020\\\/06\\\/logo_quadrat.png\",\"width\":500,\"height\":500,\"caption\":\"Farmacia Mila\"},\"image\":{\"@id\":\"https:\\\/\\\/farmaciamila.cat\\\/ca\\\/#\\\/schema\\\/logo\\\/image\\\/\"},\"sameAs\":[\"https:\\\/\\\/www.facebook.com\\\/farmaciamilagranollers\\\/\",\"https:\\\/\\\/www.instagram.com\\\/farmacia.mila\\\/\"]}]}<\/script>\n<!-- \/ Yoast SEO plugin. -->","yoast_head_json":{"title":"Dermocosm\u00e8tica - Marques | Farm\u00e0cia Mil\u00e0","description":"Descobreix els nostres productes de dermocosm\u00e8tica per a una pell sana i radiant. Troba les millors marques a la nostra farm\u00e0cia. Visita'ns!","robots":{"index":"index","follow":"follow","max-snippet":"max-snippet:-1","max-image-preview":"max-image-preview:large","max-video-preview":"max-video-preview:-1"},"canonical":"https:\/\/farmaciamila.cat\/ca\/serveis\/dermocosmetica\/","og_locale":"ca_ES","og_type":"article","og_title":"Dermocosm\u00e8tica - Marques | Farm\u00e0cia Mil\u00e0","og_description":"Descobreix els nostres productes de dermocosm\u00e8tica per a una pell sana i radiant. Troba les millors marques a la nostra farm\u00e0cia. Visita'ns!","og_url":"https:\/\/farmaciamila.cat\/ca\/serveis\/dermocosmetica\/","og_site_name":"Farmacia Mila | Sempre al teu costat","article_publisher":"https:\/\/www.facebook.com\/farmaciamilagranollers\/","article_modified_time":"2024-09-17T11:51:57+00:00","twitter_card":"summary_large_image","twitter_misc":{"Temps estimat de lectura":"1 minut"},"schema":{"@context":"https:\/\/schema.org","@graph":[{"@type":"WebPage","@id":"https:\/\/farmaciamila.cat\/ca\/serveis\/dermocosmetica\/","url":"https:\/\/farmaciamila.cat\/ca\/serveis\/dermocosmetica\/","name":"Dermocosm\u00e8tica - Marques | Farm\u00e0cia Mil\u00e0","isPartOf":{"@id":"https:\/\/farmaciamila.cat\/ca\/#website"},"datePublished":"2020-06-25T11:57:35+00:00","dateModified":"2024-09-17T11:51:57+00:00","description":"Descobreix els nostres productes de dermocosm\u00e8tica per a una pell sana i radiant. Troba les millors marques a la nostra farm\u00e0cia. Visita'ns!","breadcrumb":{"@id":"https:\/\/farmaciamila.cat\/ca\/serveis\/dermocosmetica\/#breadcrumb"},"inLanguage":"ca","potentialAction":[{"@type":"ReadAction","target":["https:\/\/farmaciamila.cat\/ca\/serveis\/dermocosmetica\/"]}]},{"@type":"BreadcrumbList","@id":"https:\/\/farmaciamila.cat\/ca\/serveis\/dermocosmetica\/#breadcrumb","itemListElement":[{"@type":"ListItem","position":1,"name":"Home","item":"https:\/\/farmaciamila.cat\/ca\/"},{"@type":"ListItem","position":2,"name":"Serveis","item":"https:\/\/farmaciamila.cat\/ca\/serveis\/"},{"@type":"ListItem","position":3,"name":"Dermocosm\u00e8tica"}]},{"@type":"WebSite","@id":"https:\/\/farmaciamila.cat\/ca\/#website","url":"https:\/\/farmaciamila.cat\/ca\/","name":"Farmacia Mila | Sempre al teu costat","description":"Tenim cura de tu i dels teus","publisher":{"@id":"https:\/\/farmaciamila.cat\/ca\/#organization"},"potentialAction":[{"@type":"SearchAction","target":{"@type":"EntryPoint","urlTemplate":"https:\/\/farmaciamila.cat\/ca\/?s={search_term_string}"},"query-input":{"@type":"PropertyValueSpecification","valueRequired":true,"valueName":"search_term_string"}}],"inLanguage":"ca"},{"@type":"Organization","@id":"https:\/\/farmaciamila.cat\/ca\/#organization","name":"Farmacia Mila","url":"https:\/\/farmaciamila.cat\/ca\/","logo":{"@type":"ImageObject","inLanguage":"ca","@id":"https:\/\/farmaciamila.cat\/ca\/#\/schema\/logo\/image\/","url":"https:\/\/farmaciamila.cat\/wp-content\/uploads\/2020\/06\/logo_quadrat.png","contentUrl":"https:\/\/farmaciamila.cat\/wp-content\/uploads\/2020\/06\/logo_quadrat.png","width":500,"height":500,"caption":"Farmacia Mila"},"image":{"@id":"https:\/\/farmaciamila.cat\/ca\/#\/schema\/logo\/image\/"},"sameAs":["https:\/\/www.facebook.com\/farmaciamilagranollers\/","https:\/\/www.instagram.com\/farmacia.mila\/"]}]}},"_links":{"self":[{"href":"https:\/\/farmaciamila.cat\/ca\/wp-json\/wp\/v2\/pages\/487","targetHints":{"allow":["GET"]}}],"collection":[{"href":"https:\/\/farmaciamila.cat\/ca\/wp-json\/wp\/v2\/pages"}],"about":[{"href":"https:\/\/farmaciamila.cat\/ca\/wp-json\/wp\/v2\/types\/page"}],"author":[{"embeddable":true,"href":"https:\/\/farmaciamila.cat\/ca\/wp-json\/wp\/v2\/users\/1"}],"replies":[{"embeddable":true,"href":"https:\/\/farmaciamila.cat\/ca\/wp-json\/wp\/v2\/comments?post=487"}],"version-history":[{"count":15,"href":"https:\/\/farmaciamila.cat\/ca\/wp-json\/wp\/v2\/pages\/487\/revisions"}],"predecessor-version":[{"id":1437,"href":"https:\/\/farmaciamila.cat\/ca\/wp-json\/wp\/v2\/pages\/487\/revisions\/1437"}],"up":[{"embeddable":true,"href":"https:\/\/farmaciamila.cat\/ca\/wp-json\/wp\/v2\/pages\/390"}],"wp:attachment":[{"href":"https:\/\/farmaciamila.cat\/ca\/wp-json\/wp\/v2\/media?parent=487"}],"curies":[{"name":"wp","href":"https:\/\/api.w.org\/{rel}","templated":true}]}}