{"id":1333,"date":"2024-07-12T12:09:15","date_gmt":"2024-07-12T10:09:15","guid":{"rendered":"https:\/\/farmaciamila.cat\/?page_id=1333"},"modified":"2024-09-17T13:51:20","modified_gmt":"2024-09-17T11:51:20","slug":"petjada","status":"publish","type":"page","link":"https:\/\/farmaciamila.cat\/ca\/serveis\/movilitat\/petjada\/","title":{"rendered":"Plantilles per a peus"},"content":{"rendered":"\n\n\t<section class=\"section\" id=\"section_245341406\">\n\t\t<div class=\"section-bg fill\" >\n\t\t\t<img loading=\"lazy\" decoding=\"async\" width=\"2560\" height=\"1707\" src=\"https:\/\/farmaciamila.cat\/wp-content\/uploads\/2024\/07\/plantilles-peus-Farmacia-Mila-scaled.webp\" class=\"bg attachment- size-\" alt=\"plantilles peus Farmacia Mila\" \/>\t\t\t\t\t\t\n\t\t\t\n\n\t\t<\/div>\n\n\t\t\n\n\t\t<div class=\"section-content relative\">\n\t\t\t\n\n\t<div id=\"gap-1557675133\" class=\"gap-element clearfix\" style=\"display:block; height:auto;\">\n\t\t\n<style>\n#gap-1557675133 {\n  padding-top: 30px;\n}\n<\/style>\n\t<\/div>\n\t\n\n<div class=\"row align-middle\" style=\"max-width:1300px\" id=\"row-231591842\">\n\n\n\t<div id=\"col-1164000544\" class=\"col medium-7 small-12 large-7\"  >\n\t\t\t\t<div class=\"col-inner dark\" style=\"background-color:rgba(255, 255, 255, 0.645);\" >\n\t\t\t\n\t\t\t\n\n\t<div id=\"text-3975620058\" class=\"text\">\n\t\t\n\n<h1>Plantilles per a peus<\/h1>\n\t\t\n<style>\n#text-3975620058 {\n  font-size: 1.75rem;\n  color: #181c1e;\n}\n#text-3975620058 > * {\n  color: #181c1e;\n}\n@media (min-width:550px) {\n  #text-3975620058 {\n    font-size: 2rem;\n  }\n}\n<\/style>\n\t<\/div>\n\t\n\n\t\t<\/div>\n\t\t\t\t\n<style>\n#col-1164000544 > .col-inner {\n  padding: 20px 20px 0px 20px;\n  border-radius: 10px;\n}\n<\/style>\n\t<\/div>\n\n\t\n\n<\/div>\n\n\t\t<\/div>\n\n\t\t\n<style>\n#section_245341406 {\n  padding-top: 30px;\n  padding-bottom: 30px;\n  min-height: 350px;\n}\n#section_245341406 .section-bg img {\n  object-position: 0% 51%;\n}\n@media (min-width:550px) {\n  #section_245341406 {\n    min-height: 500px;\n  }\n}\n@media (min-width:850px) {\n  #section_245341406 {\n    min-height: 500px;\n  }\n}\n<\/style>\n\t<\/section>\n\t\n\n\t<section class=\"section\" id=\"section_109781517\">\n\t\t<div class=\"section-bg fill\" >\n\t\t\t\t\t\t\t\t\t\n\t\t\t\n\n\t\t<\/div>\n\n\t\t\n\n\t\t<div class=\"section-content relative\">\n\t\t\t\n\n<div class=\"row align-center\"  id=\"row-1713950271\">\n\n\n\t<div id=\"col-605677796\" class=\"col medium-4 small-12 large-4\"  >\n\t\t\t\t<div class=\"col-inner\"  >\n\t\t\t\n\t\t\t\n\n<ul class=\"sidebar-wrapper ul-reset\"><aside id=\"nav_menu-2\" class=\"widget widget_nav_menu\"><span class=\"widget-title \"><span>Llistat de serveis<\/span><\/span><div class=\"is-divider small\"><\/div><div class=\"menu-serveis_menu_cat-container\"><ul id=\"menu-serveis_menu_cat\" class=\"menu\"><li id=\"menu-item-428\" class=\"menu-item menu-item-type-post_type menu-item-object-page menu-item-428\"><a href=\"https:\/\/farmaciamila.cat\/ca\/serveis\/analisi-colesterol-i-sucre\/\">An\u00e0lisi colesterol i sucre<\/a><\/li>\n<li id=\"menu-item-460\" class=\"menu-item menu-item-type-post_type menu-item-object-page menu-item-460\"><a href=\"https:\/\/farmaciamila.cat\/ca\/serveis\/tensio-arterial\/\">Tensi\u00f3 arterial<\/a><\/li>\n<li id=\"menu-item-480\" class=\"menu-item menu-item-type-post_type menu-item-object-page menu-item-480\"><a href=\"https:\/\/farmaciamila.cat\/ca\/serveis\/preparacio-medicacio\/\">Preparaci\u00f3 medicacio<\/a><\/li>\n<li id=\"menu-item-510\" class=\"menu-item menu-item-type-post_type menu-item-object-page menu-item-510\"><a href=\"https:\/\/farmaciamila.cat\/ca\/serveis\/dermocosmetica\/\">Dermocosm\u00e8tica<\/a><\/li>\n<li id=\"menu-item-514\" class=\"menu-item menu-item-type-post_type menu-item-object-page menu-item-514\"><a href=\"https:\/\/farmaciamila.cat\/ca\/serveis\/nutricio\/\">Nutrici\u00f3<\/a><\/li>\n<li id=\"menu-item-509\" class=\"menu-item menu-item-type-post_type menu-item-object-page menu-item-509\"><a href=\"https:\/\/farmaciamila.cat\/ca\/serveis\/formules-magistrals\/\">F\u00f3rmules magistrals<\/a><\/li>\n<li id=\"menu-item-508\" class=\"menu-item menu-item-type-post_type menu-item-object-page menu-item-508\"><a href=\"https:\/\/farmaciamila.cat\/ca\/serveis\/nadons-i-mares\/\">Nadons i mares<\/a><\/li>\n<li id=\"menu-item-507\" class=\"menu-item menu-item-type-post_type menu-item-object-page menu-item-507\"><a href=\"https:\/\/farmaciamila.cat\/ca\/serveis\/suplementacio\/\">Suplementaci\u00f3<\/a><\/li>\n<\/ul><\/div><\/aside><\/ul>\n\n\n\t\t<\/div>\n\t\t\t\t\t<\/div>\n\n\t\n\n\t<div id=\"col-322481917\" class=\"col medium-8 small-12 large-8\"  >\n\t\t\t\t<div class=\"col-inner text-left\"  >\n\t\t\t\n\t\t\t\n\n\t<div id=\"text-3592445881\" class=\"text\">\n\t\t\n\n<p>A la nostra farm\u00e0cia, oferim una extensa gamma de productes per a la cura i el confort dels teus peus. Entenem que la salut dels peus \u00e9s fonamental per al teu benestar general i per aix\u00f2 posem a la teva disposici\u00f3 les millors solucions per a les teves necessitats di\u00e0ries.<\/p>\n<p>Les nostres plantilles per a peus, protectors per a juanetes i coixinets plantars estan dissenyats amb materials de qualitat per oferir-te el m\u00e0xim confort i alleugeriment. El nostre personal qualificat est\u00e0 sempre disponible per assessorar-te sobre el producte que millor s\u2019adapti a les teves necessitats espec\u00edfiques.<\/p>\n<p>Cada producte est\u00e0 creat per proporcionar suport i alleujament sense comprometre la funcionalitat. Ja sigui que necessitis una plantilla ortop\u00e8dica per corregir la postura, un protector per a juanetes per evitar el dolor, o coixinets plantars per reduir la pressi\u00f3, tenim la soluci\u00f3 perfecta per a tu.<\/p>\n<p>Vine a la nostra farm\u00e0cia per explorar la nostra col\u00b7lecci\u00f3 completa de productes per a la cura dels peus. Estem aqu\u00ed per ajudar-te a trobar la millor opci\u00f3 per al teu benestar f\u00edsic. No dubtis en preguntar al nostre personal expert per obtenir m\u00e9s informaci\u00f3 sobre els nostres productes i com poden beneficiar-te.<\/p>\n<p>Amb nosaltres, la teva salut i comoditat s\u00f3n la nostra prioritat. Descobreix com els nostres productes per a la cura dels peus poden millorar la teva qualitat de vida. T&#8217;esperem a la nostra farm\u00e0cia per proporcionar-te el suport que necessites.<\/p>\n\t\t\n<style>\n#text-3592445881 {\n  color: rgb(0,0,0);\n}\n#text-3592445881 > * {\n  color: rgb(0,0,0);\n}\n<\/style>\n\t<\/div>\n\t\n<a href=\"https:\/\/farmaciamila.cat\/ca\/contacte\/\" class=\"button primary is-large\" style=\"border-radius:10px;padding:5px 20px 5px 20px;\">\n\t\t<span>Contacta amb nosaltres<\/span>\n\t<\/a>\n\n\n\n\t\t<\/div>\n\t\t\t\t\t<\/div>\n\n\t\n\n<\/div>\n\n\t\t<\/div>\n\n\t\t\n<style>\n#section_109781517 {\n  padding-top: 30px;\n  padding-bottom: 30px;\n}\n<\/style>\n\t<\/section>\n\t\n\n","protected":false},"excerpt":{"rendered":"","protected":false},"author":2,"featured_media":0,"parent":1284,"menu_order":0,"comment_status":"closed","ping_status":"closed","template":"","meta":{"footnotes":""},"class_list":["post-1333","page","type-page","status-publish","hentry"],"yoast_head":"<!-- This site is optimized with the Yoast SEO plugin v27.5 - https:\/\/yoast.com\/product\/yoast-seo-wordpress\/ -->\n<title>Plantilles per a peus | Farm\u00e0cia Mil\u00e0<\/title>\n<meta name=\"description\" content=\"Millora la salut dels teus peus amb les nostres plantilles d\u00b4alta qualitat. Dissenyades per proporcionar confort i suport, disponibles a la nostra farm\u00e0cia. Visita&#039;ns!\" \/>\n<meta name=\"robots\" content=\"index, follow, max-snippet:-1, max-image-preview:large, max-video-preview:-1\" \/>\n<link rel=\"canonical\" href=\"https:\/\/farmaciamila.cat\/ca\/serveis\/movilitat\/petjada\/\" \/>\n<meta property=\"og:locale\" content=\"ca_ES\" \/>\n<meta property=\"og:type\" content=\"article\" \/>\n<meta property=\"og:title\" content=\"Plantilles per a peus | Farm\u00e0cia Mil\u00e0\" \/>\n<meta property=\"og:description\" content=\"Millora la salut dels teus peus amb les nostres plantilles d\u00b4alta qualitat. Dissenyades per proporcionar confort i suport, disponibles a la nostra farm\u00e0cia. Visita&#039;ns!\" \/>\n<meta property=\"og:url\" content=\"https:\/\/farmaciamila.cat\/ca\/serveis\/movilitat\/petjada\/\" \/>\n<meta property=\"og:site_name\" content=\"Farmacia Mila | Sempre al teu costat\" \/>\n<meta property=\"article:publisher\" content=\"https:\/\/www.facebook.com\/farmaciamilagranollers\/\" \/>\n<meta property=\"article:modified_time\" content=\"2024-09-17T11:51:20+00:00\" \/>\n<meta name=\"twitter:card\" content=\"summary_large_image\" \/>\n<meta name=\"twitter:label1\" content=\"Temps estimat de lectura\" \/>\n\t<meta name=\"twitter:data1\" content=\"2 minuts\" \/>\n<script type=\"application\/ld+json\" class=\"yoast-schema-graph\">{\"@context\":\"https:\\\/\\\/schema.org\",\"@graph\":[{\"@type\":\"WebPage\",\"@id\":\"https:\\\/\\\/farmaciamila.cat\\\/ca\\\/serveis\\\/movilitat\\\/petjada\\\/\",\"url\":\"https:\\\/\\\/farmaciamila.cat\\\/ca\\\/serveis\\\/movilitat\\\/petjada\\\/\",\"name\":\"Plantilles per a peus | Farm\u00e0cia Mil\u00e0\",\"isPartOf\":{\"@id\":\"https:\\\/\\\/farmaciamila.cat\\\/ca\\\/#website\"},\"datePublished\":\"2024-07-12T10:09:15+00:00\",\"dateModified\":\"2024-09-17T11:51:20+00:00\",\"description\":\"Millora la salut dels teus peus amb les nostres plantilles d\u00b4alta qualitat. Dissenyades per proporcionar confort i suport, disponibles a la nostra farm\u00e0cia. Visita'ns!\",\"breadcrumb\":{\"@id\":\"https:\\\/\\\/farmaciamila.cat\\\/ca\\\/serveis\\\/movilitat\\\/petjada\\\/#breadcrumb\"},\"inLanguage\":\"ca\",\"potentialAction\":[{\"@type\":\"ReadAction\",\"target\":[\"https:\\\/\\\/farmaciamila.cat\\\/ca\\\/serveis\\\/movilitat\\\/petjada\\\/\"]}]},{\"@type\":\"BreadcrumbList\",\"@id\":\"https:\\\/\\\/farmaciamila.cat\\\/ca\\\/serveis\\\/movilitat\\\/petjada\\\/#breadcrumb\",\"itemListElement\":[{\"@type\":\"ListItem\",\"position\":1,\"name\":\"Home\",\"item\":\"https:\\\/\\\/farmaciamila.cat\\\/ca\\\/\"},{\"@type\":\"ListItem\",\"position\":2,\"name\":\"Serveis\",\"item\":\"https:\\\/\\\/farmaciamila.cat\\\/ca\\\/serveis\\\/\"},{\"@type\":\"ListItem\",\"position\":3,\"name\":\"Articles d&#8217;ortop\u00e8dia\",\"item\":\"https:\\\/\\\/farmaciamila.cat\\\/ca\\\/serveis\\\/movilitat\\\/\"},{\"@type\":\"ListItem\",\"position\":4,\"name\":\"Plantilles per a peus\"}]},{\"@type\":\"WebSite\",\"@id\":\"https:\\\/\\\/farmaciamila.cat\\\/ca\\\/#website\",\"url\":\"https:\\\/\\\/farmaciamila.cat\\\/ca\\\/\",\"name\":\"Farmacia Mila | Sempre al teu costat\",\"description\":\"Tenim cura de tu i dels teus\",\"publisher\":{\"@id\":\"https:\\\/\\\/farmaciamila.cat\\\/ca\\\/#organization\"},\"potentialAction\":[{\"@type\":\"SearchAction\",\"target\":{\"@type\":\"EntryPoint\",\"urlTemplate\":\"https:\\\/\\\/farmaciamila.cat\\\/ca\\\/?s={search_term_string}\"},\"query-input\":{\"@type\":\"PropertyValueSpecification\",\"valueRequired\":true,\"valueName\":\"search_term_string\"}}],\"inLanguage\":\"ca\"},{\"@type\":\"Organization\",\"@id\":\"https:\\\/\\\/farmaciamila.cat\\\/ca\\\/#organization\",\"name\":\"Farmacia Mila\",\"url\":\"https:\\\/\\\/farmaciamila.cat\\\/ca\\\/\",\"logo\":{\"@type\":\"ImageObject\",\"inLanguage\":\"ca\",\"@id\":\"https:\\\/\\\/farmaciamila.cat\\\/ca\\\/#\\\/schema\\\/logo\\\/image\\\/\",\"url\":\"https:\\\/\\\/farmaciamila.cat\\\/wp-content\\\/uploads\\\/2020\\\/06\\\/logo_quadrat.png\",\"contentUrl\":\"https:\\\/\\\/farmaciamila.cat\\\/wp-content\\\/uploads\\\/2020\\\/06\\\/logo_quadrat.png\",\"width\":500,\"height\":500,\"caption\":\"Farmacia Mila\"},\"image\":{\"@id\":\"https:\\\/\\\/farmaciamila.cat\\\/ca\\\/#\\\/schema\\\/logo\\\/image\\\/\"},\"sameAs\":[\"https:\\\/\\\/www.facebook.com\\\/farmaciamilagranollers\\\/\",\"https:\\\/\\\/www.instagram.com\\\/farmacia.mila\\\/\"]}]}<\/script>\n<!-- \/ Yoast SEO plugin. -->","yoast_head_json":{"title":"Plantilles per a peus | Farm\u00e0cia Mil\u00e0","description":"Millora la salut dels teus peus amb les nostres plantilles d\u00b4alta qualitat. Dissenyades per proporcionar confort i suport, disponibles a la nostra farm\u00e0cia. Visita'ns!","robots":{"index":"index","follow":"follow","max-snippet":"max-snippet:-1","max-image-preview":"max-image-preview:large","max-video-preview":"max-video-preview:-1"},"canonical":"https:\/\/farmaciamila.cat\/ca\/serveis\/movilitat\/petjada\/","og_locale":"ca_ES","og_type":"article","og_title":"Plantilles per a peus | Farm\u00e0cia Mil\u00e0","og_description":"Millora la salut dels teus peus amb les nostres plantilles d\u00b4alta qualitat. Dissenyades per proporcionar confort i suport, disponibles a la nostra farm\u00e0cia. Visita'ns!","og_url":"https:\/\/farmaciamila.cat\/ca\/serveis\/movilitat\/petjada\/","og_site_name":"Farmacia Mila | Sempre al teu costat","article_publisher":"https:\/\/www.facebook.com\/farmaciamilagranollers\/","article_modified_time":"2024-09-17T11:51:20+00:00","twitter_card":"summary_large_image","twitter_misc":{"Temps estimat de lectura":"2 minuts"},"schema":{"@context":"https:\/\/schema.org","@graph":[{"@type":"WebPage","@id":"https:\/\/farmaciamila.cat\/ca\/serveis\/movilitat\/petjada\/","url":"https:\/\/farmaciamila.cat\/ca\/serveis\/movilitat\/petjada\/","name":"Plantilles per a peus | Farm\u00e0cia Mil\u00e0","isPartOf":{"@id":"https:\/\/farmaciamila.cat\/ca\/#website"},"datePublished":"2024-07-12T10:09:15+00:00","dateModified":"2024-09-17T11:51:20+00:00","description":"Millora la salut dels teus peus amb les nostres plantilles d\u00b4alta qualitat. Dissenyades per proporcionar confort i suport, disponibles a la nostra farm\u00e0cia. Visita'ns!","breadcrumb":{"@id":"https:\/\/farmaciamila.cat\/ca\/serveis\/movilitat\/petjada\/#breadcrumb"},"inLanguage":"ca","potentialAction":[{"@type":"ReadAction","target":["https:\/\/farmaciamila.cat\/ca\/serveis\/movilitat\/petjada\/"]}]},{"@type":"BreadcrumbList","@id":"https:\/\/farmaciamila.cat\/ca\/serveis\/movilitat\/petjada\/#breadcrumb","itemListElement":[{"@type":"ListItem","position":1,"name":"Home","item":"https:\/\/farmaciamila.cat\/ca\/"},{"@type":"ListItem","position":2,"name":"Serveis","item":"https:\/\/farmaciamila.cat\/ca\/serveis\/"},{"@type":"ListItem","position":3,"name":"Articles d&#8217;ortop\u00e8dia","item":"https:\/\/farmaciamila.cat\/ca\/serveis\/movilitat\/"},{"@type":"ListItem","position":4,"name":"Plantilles per a peus"}]},{"@type":"WebSite","@id":"https:\/\/farmaciamila.cat\/ca\/#website","url":"https:\/\/farmaciamila.cat\/ca\/","name":"Farmacia Mila | Sempre al teu costat","description":"Tenim cura de tu i dels teus","publisher":{"@id":"https:\/\/farmaciamila.cat\/ca\/#organization"},"potentialAction":[{"@type":"SearchAction","target":{"@type":"EntryPoint","urlTemplate":"https:\/\/farmaciamila.cat\/ca\/?s={search_term_string}"},"query-input":{"@type":"PropertyValueSpecification","valueRequired":true,"valueName":"search_term_string"}}],"inLanguage":"ca"},{"@type":"Organization","@id":"https:\/\/farmaciamila.cat\/ca\/#organization","name":"Farmacia Mila","url":"https:\/\/farmaciamila.cat\/ca\/","logo":{"@type":"ImageObject","inLanguage":"ca","@id":"https:\/\/farmaciamila.cat\/ca\/#\/schema\/logo\/image\/","url":"https:\/\/farmaciamila.cat\/wp-content\/uploads\/2020\/06\/logo_quadrat.png","contentUrl":"https:\/\/farmaciamila.cat\/wp-content\/uploads\/2020\/06\/logo_quadrat.png","width":500,"height":500,"caption":"Farmacia Mila"},"image":{"@id":"https:\/\/farmaciamila.cat\/ca\/#\/schema\/logo\/image\/"},"sameAs":["https:\/\/www.facebook.com\/farmaciamilagranollers\/","https:\/\/www.instagram.com\/farmacia.mila\/"]}]}},"_links":{"self":[{"href":"https:\/\/farmaciamila.cat\/ca\/wp-json\/wp\/v2\/pages\/1333","targetHints":{"allow":["GET"]}}],"collection":[{"href":"https:\/\/farmaciamila.cat\/ca\/wp-json\/wp\/v2\/pages"}],"about":[{"href":"https:\/\/farmaciamila.cat\/ca\/wp-json\/wp\/v2\/types\/page"}],"author":[{"embeddable":true,"href":"https:\/\/farmaciamila.cat\/ca\/wp-json\/wp\/v2\/users\/2"}],"replies":[{"embeddable":true,"href":"https:\/\/farmaciamila.cat\/ca\/wp-json\/wp\/v2\/comments?post=1333"}],"version-history":[{"count":4,"href":"https:\/\/farmaciamila.cat\/ca\/wp-json\/wp\/v2\/pages\/1333\/revisions"}],"predecessor-version":[{"id":1436,"href":"https:\/\/farmaciamila.cat\/ca\/wp-json\/wp\/v2\/pages\/1333\/revisions\/1436"}],"up":[{"embeddable":true,"href":"https:\/\/farmaciamila.cat\/ca\/wp-json\/wp\/v2\/pages\/1284"}],"wp:attachment":[{"href":"https:\/\/farmaciamila.cat\/ca\/wp-json\/wp\/v2\/media?parent=1333"}],"curies":[{"name":"wp","href":"https:\/\/api.w.org\/{rel}","templated":true}]}}