{"id":1302,"date":"2024-07-11T20:16:31","date_gmt":"2024-07-11T18:16:31","guid":{"rendered":"https:\/\/farmaciamila.cat\/?page_id=1302"},"modified":"2025-04-17T17:35:00","modified_gmt":"2025-04-17T15:35:00","slug":"salut-capilar","status":"publish","type":"page","link":"https:\/\/farmaciamila.cat\/ca\/serveis\/suplementacio\/salut-capilar\/","title":{"rendered":"Salut i Vitamines pels cabells"},"content":{"rendered":"\n\n\t<section class=\"section\" id=\"section_9353428\">\n\t\t<div class=\"section-bg fill\" >\n\t\t\t<img loading=\"lazy\" decoding=\"async\" width=\"2560\" height=\"1702\" src=\"https:\/\/farmaciamila.cat\/wp-content\/uploads\/2024\/07\/cuidado-capilar-Farmacia-Mil-Granollers-scaled.webp\" class=\"bg attachment- size-\" alt=\"cuidado capilar Farmacia Mil Granollers\" \/>\t\t\t\t\t\t\n\t\t\t\n\n\t\t<\/div>\n\n\t\t\n\n\t\t<div class=\"section-content relative\">\n\t\t\t\n\n\t<div id=\"gap-197803286\" class=\"gap-element clearfix\" style=\"display:block; height:auto;\">\n\t\t\n<style>\n#gap-197803286 {\n  padding-top: 30px;\n}\n<\/style>\n\t<\/div>\n\t\n\n<div class=\"row align-middle\" style=\"max-width:1300px\" id=\"row-1759073582\">\n\n\n\t<div id=\"col-105045847\" class=\"col medium-9 small-12 large-9\"  >\n\t\t\t\t<div class=\"col-inner dark\" style=\"background-color:rgba(255, 255, 255, 0.645);\" >\n\t\t\t\n\t\t\t\n\n\t<div id=\"text-428551722\" class=\"text\">\n\t\t\n\n<h1>Salut i Vitamines pels cabells<\/h1>\n\t\t\n<style>\n#text-428551722 {\n  font-size: 1.75rem;\n  color: rgb(0,0,0);\n}\n#text-428551722 > * {\n  color: rgb(0,0,0);\n}\n@media (min-width:550px) {\n  #text-428551722 {\n    font-size: 2rem;\n  }\n}\n<\/style>\n\t<\/div>\n\t\n\n\t\t<\/div>\n\t\t\t\t\n<style>\n#col-105045847 > .col-inner {\n  padding: 20px 20px 0px 20px;\n  border-radius: 10px;\n}\n<\/style>\n\t<\/div>\n\n\t\n\n<\/div>\n\n\t\t<\/div>\n\n\t\t\n<style>\n#section_9353428 {\n  padding-top: 30px;\n  padding-bottom: 30px;\n  min-height: 350px;\n}\n#section_9353428 .section-bg img {\n  object-position: 0% 38%;\n}\n@media (min-width:550px) {\n  #section_9353428 {\n    min-height: 500px;\n  }\n}\n@media (min-width:850px) {\n  #section_9353428 {\n    min-height: 500px;\n  }\n}\n<\/style>\n\t<\/section>\n\t\n\n\t<section class=\"section\" id=\"section_1470217690\">\n\t\t<div class=\"section-bg fill\" >\n\t\t\t\t\t\t\t\t\t\n\t\t\t\n\n\t\t<\/div>\n\n\t\t\n\n\t\t<div class=\"section-content relative\">\n\t\t\t\n\n<div class=\"row align-center\"  id=\"row-2069581634\">\n\n\n\t<div id=\"col-838310136\" class=\"col medium-4 small-12 large-4\"  >\n\t\t\t\t<div class=\"col-inner\"  >\n\t\t\t\n\t\t\t\n\n<ul class=\"sidebar-wrapper ul-reset\"><aside id=\"nav_menu-2\" class=\"widget widget_nav_menu\"><span class=\"widget-title \"><span>Llistat de serveis<\/span><\/span><div class=\"is-divider small\"><\/div><div class=\"menu-serveis_menu_cat-container\"><ul id=\"menu-serveis_menu_cat\" class=\"menu\"><li id=\"menu-item-428\" class=\"menu-item menu-item-type-post_type menu-item-object-page menu-item-428\"><a href=\"https:\/\/farmaciamila.cat\/ca\/serveis\/analisi-colesterol-i-sucre\/\">An\u00e0lisi colesterol i sucre<\/a><\/li>\n<li id=\"menu-item-460\" class=\"menu-item menu-item-type-post_type menu-item-object-page menu-item-460\"><a href=\"https:\/\/farmaciamila.cat\/ca\/serveis\/tensio-arterial\/\">Tensi\u00f3 arterial<\/a><\/li>\n<li id=\"menu-item-480\" class=\"menu-item menu-item-type-post_type menu-item-object-page menu-item-480\"><a href=\"https:\/\/farmaciamila.cat\/ca\/serveis\/preparacio-medicacio\/\">Preparaci\u00f3 medicacio<\/a><\/li>\n<li id=\"menu-item-510\" class=\"menu-item menu-item-type-post_type menu-item-object-page menu-item-510\"><a href=\"https:\/\/farmaciamila.cat\/ca\/serveis\/dermocosmetica\/\">Dermocosm\u00e8tica<\/a><\/li>\n<li id=\"menu-item-514\" class=\"menu-item menu-item-type-post_type menu-item-object-page menu-item-514\"><a href=\"https:\/\/farmaciamila.cat\/ca\/serveis\/nutricio\/\">Nutrici\u00f3<\/a><\/li>\n<li id=\"menu-item-509\" class=\"menu-item menu-item-type-post_type menu-item-object-page menu-item-509\"><a href=\"https:\/\/farmaciamila.cat\/ca\/serveis\/formules-magistrals\/\">F\u00f3rmules magistrals<\/a><\/li>\n<li id=\"menu-item-508\" class=\"menu-item menu-item-type-post_type menu-item-object-page menu-item-508\"><a href=\"https:\/\/farmaciamila.cat\/ca\/serveis\/nadons-i-mares\/\">Nadons i mares<\/a><\/li>\n<li id=\"menu-item-507\" class=\"menu-item menu-item-type-post_type menu-item-object-page menu-item-507\"><a href=\"https:\/\/farmaciamila.cat\/ca\/serveis\/suplementacio\/\">Suplementaci\u00f3<\/a><\/li>\n<\/ul><\/div><\/aside><\/ul>\n\n\n\t\t<\/div>\n\t\t\t\t\t<\/div>\n\n\t\n\n\t<div id=\"col-2093373017\" class=\"col medium-8 small-12 large-8\"  >\n\t\t\t\t<div class=\"col-inner text-left\"  >\n\t\t\t\n\t\t\t\n\n\t<div id=\"text-1805021688\" class=\"text\">\n\t\t\n\n<p>A la nostra farm\u00e0cia, ens preocupem per la cura del teu cabell en qualsevol moment de la teva vida. Oferim una \u00e0mplia gamma de productes especialitzats en la cura capil\u00b7lar, dissenyats per mantenir la salut i la bellesa del teu cabell, tant per a homes com per a dones, incloent solucions espec\u00edfiques per a la salut i vitamines pels cabells. A m\u00e9s, disposem de <a href=\"https:\/\/farmaciamila.cat\/ca\/serveis\/suplementacio\/\">suplements alimentaris<\/a> que poden ajudar a potenciar els resultats dels nostres tractaments capil\u00b7lars.<\/p>\n<p>Els nostres productes inclouen xamp\u00fas revitalitzants, tractaments nutritius i solucions espec\u00edfiques per a diferents necessitats capil\u00b7lars. Recomanem ingredients d&#8217;alta qualitat per proporcionar resultats efectius i duradors, especialment aquells que afavoreixen la salut i vitamines pels cabells.<\/p>\n<p>El nostre personal est\u00e0 preparat per assessorar-te sobre el producte adequat segons el tipus de cabell i les teves necessitats personals. Ja sigui que busquis fortificar el teu cabell, reduir la caspa, augmentar-ne la densitat o millorar el seu aspecte general, tenim la soluci\u00f3 per a tu.<\/p>\n<p>Vine a la nostra farm\u00e0cia per explorar la nostra selecci\u00f3 completa de productes de cura capil\u00b7lar. Estem aqu\u00ed per ajudar-te a trobar el millor tractament per a les teves necessitats espec\u00edfiques. No dubtis en preguntar-nos sobre com millorar la salut i l&#8217;aparen\u00e7a del teu cabell.<\/p>\n<p>Amb nosaltres, la salut del teu cabell est\u00e0 en bones mans. Descobreix com els nostres productes de qualitat poden fer una difer\u00e8ncia real en el teu aspecte capil\u00b7lar. T&#8217;esperem a la nostra farm\u00e0cia per proporcionar-te els millors consells i productes per a la cura del teu cabell.<\/p>\n\t\t\n<style>\n#text-1805021688 {\n  color: rgb(0,0,0);\n}\n#text-1805021688 > * {\n  color: rgb(0,0,0);\n}\n<\/style>\n\t<\/div>\n\t\n<a href=\"https:\/\/farmaciamila.cat\/ca\/contacte\/\" class=\"button primary is-large\" style=\"border-radius:10px;padding:5px 20px 5px 20px;\">\n\t\t<span>Contacta amb nosaltres<\/span>\n\t<\/a>\n\n\n\n\t\t<\/div>\n\t\t\t\t\t<\/div>\n\n\t\n\n<\/div>\n\n\t\t<\/div>\n\n\t\t\n<style>\n#section_1470217690 {\n  padding-top: 30px;\n  padding-bottom: 30px;\n}\n<\/style>\n\t<\/section>\n\t\n\n\t<section class=\"section\" id=\"section_2045707313\">\n\t\t<div class=\"section-bg fill\" >\n\t\t\t\t\t\t\t\t\t\n\t\t\t\n\n\t\t<\/div>\n\n\t\t\n\n\t\t<div class=\"section-content relative\">\n\t\t\t\n\n\t<div id=\"text-1549754188\" class=\"text\">\n\t\t\n\n<h2>Marques en les que confiem<\/h2>\n\t\t\n<style>\n#text-1549754188 {\n  text-align: center;\n}\n<\/style>\n\t<\/div>\n\t\n<div class=\"row\"  id=\"row-635374404\">\n\n\n\t<div id=\"col-265126494\" class=\"col medium-4 small-12 large-4\"  >\n\t\t\t\t<div class=\"col-inner\"  >\n\t\t\t\n\t\t\t\n\n\t<div class=\"img has-hover x md-x lg-x y md-y lg-y\" id=\"image_1058573142\">\n\t\t\t\t\t\t\t\t<div class=\"img-inner dark\" >\n\t\t\t<img loading=\"lazy\" decoding=\"async\" width=\"300\" height=\"82\" src=\"https:\/\/farmaciamila.cat\/wp-content\/uploads\/2024\/08\/rene-furterer-logo-e1744903582214.webp\" class=\"attachment-large size-large\" alt=\"\" \/>\t\t\t\t\t\t\n\t\t\t\t\t<\/div>\n\t\t\t\t\t\t\t\t\n<style>\n#image_1058573142 {\n  width: 100%;\n}\n<\/style>\n\t<\/div>\n\t\n\n\n\t\t<\/div>\n\t\t\t\t\t<\/div>\n\n\t\n\n\t<div id=\"col-1358510319\" class=\"col medium-4 small-12 large-4\"  >\n\t\t\t\t<div class=\"col-inner\"  >\n\t\t\t\n\t\t\t\n\n\t<div class=\"img has-hover x md-x lg-x y md-y lg-y\" id=\"image_450441482\">\n\t\t\t\t\t\t\t\t<div class=\"img-inner dark\" >\n\t\t\t<img loading=\"lazy\" decoding=\"async\" width=\"1020\" height=\"340\" src=\"https:\/\/farmaciamila.cat\/wp-content\/uploads\/2025\/04\/Olistic-logo-e1723571627569-1024x341.webp\" class=\"attachment-large size-large\" alt=\"\" srcset=\"https:\/\/farmaciamila.cat\/wp-content\/uploads\/2025\/04\/Olistic-logo-e1723571627569-1024x341.webp 1024w, https:\/\/farmaciamila.cat\/wp-content\/uploads\/2025\/04\/Olistic-logo-e1723571627569-300x100.webp 300w, https:\/\/farmaciamila.cat\/wp-content\/uploads\/2025\/04\/Olistic-logo-e1723571627569-768x256.webp 768w, https:\/\/farmaciamila.cat\/wp-content\/uploads\/2025\/04\/Olistic-logo-e1723571627569.webp 1092w\" sizes=\"auto, (max-width: 1020px) 100vw, 1020px\" \/>\t\t\t\t\t\t\n\t\t\t\t\t<\/div>\n\t\t\t\t\t\t\t\t\n<style>\n#image_450441482 {\n  width: 100%;\n}\n<\/style>\n\t<\/div>\n\t\n\n\n\t\t<\/div>\n\t\t\t\t\t<\/div>\n\n\t\n\n\t<div id=\"col-1431991639\" class=\"col medium-4 small-12 large-4\"  >\n\t\t\t\t<div class=\"col-inner\"  >\n\t\t\t\n\t\t\t\n\n\t<div class=\"img has-hover x md-x lg-x y md-y lg-y\" id=\"image_911330318\">\n\t\t\t\t\t\t\t\t<div class=\"img-inner dark\" >\n\t\t\t<img loading=\"lazy\" decoding=\"async\" width=\"290\" height=\"82\" src=\"https:\/\/farmaciamila.cat\/wp-content\/uploads\/2024\/08\/pilexil-logo-e1744903558392.webp\" class=\"attachment-large size-large\" alt=\"\" \/>\t\t\t\t\t\t\n\t\t\t\t\t<\/div>\n\t\t\t\t\t\t\t\t\n<style>\n#image_911330318 {\n  width: 100%;\n}\n<\/style>\n\t<\/div>\n\t\n\n\n\t\t<\/div>\n\t\t\t\t\t<\/div>\n\n\t\n\n<\/div>\n\n\t\t<\/div>\n\n\t\t\n<style>\n#section_2045707313 {\n  padding-top: 30px;\n  padding-bottom: 30px;\n}\n<\/style>\n\t<\/section>\n\t\n\n","protected":false},"excerpt":{"rendered":"","protected":false},"author":2,"featured_media":0,"parent":503,"menu_order":0,"comment_status":"closed","ping_status":"closed","template":"","meta":{"footnotes":""},"class_list":["post-1302","page","type-page","status-publish","hentry"],"yoast_head":"<!-- This site is optimized with the Yoast SEO plugin v27.5 - https:\/\/yoast.com\/product\/yoast-seo-wordpress\/ -->\n<title>Salut i Vitamines per als cabells | Farm\u00e0cia Mil\u00e0<\/title>\n<meta name=\"description\" content=\"Cuida el teu cabell amb els nostres productes de salut capil\u00b7lar. Les millors marques per hidratar, enfortir i revitalitzar el teu cabell a la nostra farm\u00e0cia. Visita&#039;ns!\" \/>\n<meta name=\"robots\" content=\"index, follow, max-snippet:-1, max-image-preview:large, max-video-preview:-1\" \/>\n<link rel=\"canonical\" href=\"https:\/\/farmaciamila.cat\/ca\/serveis\/suplementacio\/salut-capilar\/\" \/>\n<meta property=\"og:locale\" content=\"ca_ES\" \/>\n<meta property=\"og:type\" content=\"article\" \/>\n<meta property=\"og:title\" content=\"Salut i Vitamines per als cabells | Farm\u00e0cia Mil\u00e0\" \/>\n<meta property=\"og:description\" content=\"Cuida el teu cabell amb els nostres productes de salut capil\u00b7lar. Les millors marques per hidratar, enfortir i revitalitzar el teu cabell a la nostra farm\u00e0cia. Visita&#039;ns!\" \/>\n<meta property=\"og:url\" content=\"https:\/\/farmaciamila.cat\/ca\/serveis\/suplementacio\/salut-capilar\/\" \/>\n<meta property=\"og:site_name\" content=\"Farmacia Mila | Sempre al teu costat\" \/>\n<meta property=\"article:publisher\" content=\"https:\/\/www.facebook.com\/farmaciamilagranollers\/\" \/>\n<meta property=\"article:modified_time\" content=\"2025-04-17T15:35:00+00:00\" \/>\n<meta name=\"twitter:card\" content=\"summary_large_image\" \/>\n<meta name=\"twitter:label1\" content=\"Temps estimat de lectura\" \/>\n\t<meta name=\"twitter:data1\" content=\"2 minuts\" \/>\n<script type=\"application\/ld+json\" class=\"yoast-schema-graph\">{\"@context\":\"https:\\\/\\\/schema.org\",\"@graph\":[{\"@type\":\"WebPage\",\"@id\":\"https:\\\/\\\/farmaciamila.cat\\\/ca\\\/serveis\\\/suplementacio\\\/salut-capilar\\\/\",\"url\":\"https:\\\/\\\/farmaciamila.cat\\\/ca\\\/serveis\\\/suplementacio\\\/salut-capilar\\\/\",\"name\":\"Salut i Vitamines per als cabells | Farm\u00e0cia Mil\u00e0\",\"isPartOf\":{\"@id\":\"https:\\\/\\\/farmaciamila.cat\\\/ca\\\/#website\"},\"datePublished\":\"2024-07-11T18:16:31+00:00\",\"dateModified\":\"2025-04-17T15:35:00+00:00\",\"description\":\"Cuida el teu cabell amb els nostres productes de salut capil\u00b7lar. Les millors marques per hidratar, enfortir i revitalitzar el teu cabell a la nostra farm\u00e0cia. Visita'ns!\",\"breadcrumb\":{\"@id\":\"https:\\\/\\\/farmaciamila.cat\\\/ca\\\/serveis\\\/suplementacio\\\/salut-capilar\\\/#breadcrumb\"},\"inLanguage\":\"ca\",\"potentialAction\":[{\"@type\":\"ReadAction\",\"target\":[\"https:\\\/\\\/farmaciamila.cat\\\/ca\\\/serveis\\\/suplementacio\\\/salut-capilar\\\/\"]}]},{\"@type\":\"BreadcrumbList\",\"@id\":\"https:\\\/\\\/farmaciamila.cat\\\/ca\\\/serveis\\\/suplementacio\\\/salut-capilar\\\/#breadcrumb\",\"itemListElement\":[{\"@type\":\"ListItem\",\"position\":1,\"name\":\"Home\",\"item\":\"https:\\\/\\\/farmaciamila.cat\\\/ca\\\/\"},{\"@type\":\"ListItem\",\"position\":2,\"name\":\"Serveis\",\"item\":\"https:\\\/\\\/farmaciamila.cat\\\/ca\\\/serveis\\\/\"},{\"@type\":\"ListItem\",\"position\":3,\"name\":\"Suplementaci\u00f3\",\"item\":\"https:\\\/\\\/farmaciamila.cat\\\/ca\\\/serveis\\\/suplementacio\\\/\"},{\"@type\":\"ListItem\",\"position\":4,\"name\":\"Salut i Vitamines pels cabells\"}]},{\"@type\":\"WebSite\",\"@id\":\"https:\\\/\\\/farmaciamila.cat\\\/ca\\\/#website\",\"url\":\"https:\\\/\\\/farmaciamila.cat\\\/ca\\\/\",\"name\":\"Farmacia Mila | Sempre al teu costat\",\"description\":\"Tenim cura de tu i dels teus\",\"publisher\":{\"@id\":\"https:\\\/\\\/farmaciamila.cat\\\/ca\\\/#organization\"},\"potentialAction\":[{\"@type\":\"SearchAction\",\"target\":{\"@type\":\"EntryPoint\",\"urlTemplate\":\"https:\\\/\\\/farmaciamila.cat\\\/ca\\\/?s={search_term_string}\"},\"query-input\":{\"@type\":\"PropertyValueSpecification\",\"valueRequired\":true,\"valueName\":\"search_term_string\"}}],\"inLanguage\":\"ca\"},{\"@type\":\"Organization\",\"@id\":\"https:\\\/\\\/farmaciamila.cat\\\/ca\\\/#organization\",\"name\":\"Farmacia Mila\",\"url\":\"https:\\\/\\\/farmaciamila.cat\\\/ca\\\/\",\"logo\":{\"@type\":\"ImageObject\",\"inLanguage\":\"ca\",\"@id\":\"https:\\\/\\\/farmaciamila.cat\\\/ca\\\/#\\\/schema\\\/logo\\\/image\\\/\",\"url\":\"https:\\\/\\\/farmaciamila.cat\\\/wp-content\\\/uploads\\\/2020\\\/06\\\/logo_quadrat.png\",\"contentUrl\":\"https:\\\/\\\/farmaciamila.cat\\\/wp-content\\\/uploads\\\/2020\\\/06\\\/logo_quadrat.png\",\"width\":500,\"height\":500,\"caption\":\"Farmacia Mila\"},\"image\":{\"@id\":\"https:\\\/\\\/farmaciamila.cat\\\/ca\\\/#\\\/schema\\\/logo\\\/image\\\/\"},\"sameAs\":[\"https:\\\/\\\/www.facebook.com\\\/farmaciamilagranollers\\\/\",\"https:\\\/\\\/www.instagram.com\\\/farmacia.mila\\\/\"]}]}<\/script>\n<!-- \/ Yoast SEO plugin. -->","yoast_head_json":{"title":"Salut i Vitamines per als cabells | Farm\u00e0cia Mil\u00e0","description":"Cuida el teu cabell amb els nostres productes de salut capil\u00b7lar. Les millors marques per hidratar, enfortir i revitalitzar el teu cabell a la nostra farm\u00e0cia. Visita'ns!","robots":{"index":"index","follow":"follow","max-snippet":"max-snippet:-1","max-image-preview":"max-image-preview:large","max-video-preview":"max-video-preview:-1"},"canonical":"https:\/\/farmaciamila.cat\/ca\/serveis\/suplementacio\/salut-capilar\/","og_locale":"ca_ES","og_type":"article","og_title":"Salut i Vitamines per als cabells | Farm\u00e0cia Mil\u00e0","og_description":"Cuida el teu cabell amb els nostres productes de salut capil\u00b7lar. Les millors marques per hidratar, enfortir i revitalitzar el teu cabell a la nostra farm\u00e0cia. Visita'ns!","og_url":"https:\/\/farmaciamila.cat\/ca\/serveis\/suplementacio\/salut-capilar\/","og_site_name":"Farmacia Mila | Sempre al teu costat","article_publisher":"https:\/\/www.facebook.com\/farmaciamilagranollers\/","article_modified_time":"2025-04-17T15:35:00+00:00","twitter_card":"summary_large_image","twitter_misc":{"Temps estimat de lectura":"2 minuts"},"schema":{"@context":"https:\/\/schema.org","@graph":[{"@type":"WebPage","@id":"https:\/\/farmaciamila.cat\/ca\/serveis\/suplementacio\/salut-capilar\/","url":"https:\/\/farmaciamila.cat\/ca\/serveis\/suplementacio\/salut-capilar\/","name":"Salut i Vitamines per als cabells | Farm\u00e0cia Mil\u00e0","isPartOf":{"@id":"https:\/\/farmaciamila.cat\/ca\/#website"},"datePublished":"2024-07-11T18:16:31+00:00","dateModified":"2025-04-17T15:35:00+00:00","description":"Cuida el teu cabell amb els nostres productes de salut capil\u00b7lar. Les millors marques per hidratar, enfortir i revitalitzar el teu cabell a la nostra farm\u00e0cia. Visita'ns!","breadcrumb":{"@id":"https:\/\/farmaciamila.cat\/ca\/serveis\/suplementacio\/salut-capilar\/#breadcrumb"},"inLanguage":"ca","potentialAction":[{"@type":"ReadAction","target":["https:\/\/farmaciamila.cat\/ca\/serveis\/suplementacio\/salut-capilar\/"]}]},{"@type":"BreadcrumbList","@id":"https:\/\/farmaciamila.cat\/ca\/serveis\/suplementacio\/salut-capilar\/#breadcrumb","itemListElement":[{"@type":"ListItem","position":1,"name":"Home","item":"https:\/\/farmaciamila.cat\/ca\/"},{"@type":"ListItem","position":2,"name":"Serveis","item":"https:\/\/farmaciamila.cat\/ca\/serveis\/"},{"@type":"ListItem","position":3,"name":"Suplementaci\u00f3","item":"https:\/\/farmaciamila.cat\/ca\/serveis\/suplementacio\/"},{"@type":"ListItem","position":4,"name":"Salut i Vitamines pels cabells"}]},{"@type":"WebSite","@id":"https:\/\/farmaciamila.cat\/ca\/#website","url":"https:\/\/farmaciamila.cat\/ca\/","name":"Farmacia Mila | Sempre al teu costat","description":"Tenim cura de tu i dels teus","publisher":{"@id":"https:\/\/farmaciamila.cat\/ca\/#organization"},"potentialAction":[{"@type":"SearchAction","target":{"@type":"EntryPoint","urlTemplate":"https:\/\/farmaciamila.cat\/ca\/?s={search_term_string}"},"query-input":{"@type":"PropertyValueSpecification","valueRequired":true,"valueName":"search_term_string"}}],"inLanguage":"ca"},{"@type":"Organization","@id":"https:\/\/farmaciamila.cat\/ca\/#organization","name":"Farmacia Mila","url":"https:\/\/farmaciamila.cat\/ca\/","logo":{"@type":"ImageObject","inLanguage":"ca","@id":"https:\/\/farmaciamila.cat\/ca\/#\/schema\/logo\/image\/","url":"https:\/\/farmaciamila.cat\/wp-content\/uploads\/2020\/06\/logo_quadrat.png","contentUrl":"https:\/\/farmaciamila.cat\/wp-content\/uploads\/2020\/06\/logo_quadrat.png","width":500,"height":500,"caption":"Farmacia Mila"},"image":{"@id":"https:\/\/farmaciamila.cat\/ca\/#\/schema\/logo\/image\/"},"sameAs":["https:\/\/www.facebook.com\/farmaciamilagranollers\/","https:\/\/www.instagram.com\/farmacia.mila\/"]}]}},"_links":{"self":[{"href":"https:\/\/farmaciamila.cat\/ca\/wp-json\/wp\/v2\/pages\/1302","targetHints":{"allow":["GET"]}}],"collection":[{"href":"https:\/\/farmaciamila.cat\/ca\/wp-json\/wp\/v2\/pages"}],"about":[{"href":"https:\/\/farmaciamila.cat\/ca\/wp-json\/wp\/v2\/types\/page"}],"author":[{"embeddable":true,"href":"https:\/\/farmaciamila.cat\/ca\/wp-json\/wp\/v2\/users\/2"}],"replies":[{"embeddable":true,"href":"https:\/\/farmaciamila.cat\/ca\/wp-json\/wp\/v2\/comments?post=1302"}],"version-history":[{"count":12,"href":"https:\/\/farmaciamila.cat\/ca\/wp-json\/wp\/v2\/pages\/1302\/revisions"}],"predecessor-version":[{"id":1624,"href":"https:\/\/farmaciamila.cat\/ca\/wp-json\/wp\/v2\/pages\/1302\/revisions\/1624"}],"up":[{"embeddable":true,"href":"https:\/\/farmaciamila.cat\/ca\/wp-json\/wp\/v2\/pages\/503"}],"wp:attachment":[{"href":"https:\/\/farmaciamila.cat\/ca\/wp-json\/wp\/v2\/media?parent=1302"}],"curies":[{"name":"wp","href":"https:\/\/api.w.org\/{rel}","templated":true}]}}