{"id":114,"date":"2019-01-28T01:42:06","date_gmt":"2019-01-27T23:42:06","guid":{"rendered":"https:\/\/cento2.jakson.co\/demo-1\/?page_id=114"},"modified":"2025-04-17T09:03:33","modified_gmt":"2025-04-17T07:03:33","slug":"contacte","status":"publish","type":"page","link":"https:\/\/farmaciamila.cat\/ca\/contacte\/","title":{"rendered":"Contacte"},"content":{"rendered":"\n<div class=\"row row-collapse row-full-width\"  id=\"row-1087281253\">\n\n\n\t<div id=\"col-1999533314\" class=\"col small-12 large-12\"  >\n\t\t\t\t<div class=\"col-inner\"  >\n\t\t\t\n\t\t\t\n\n\n\t<section class=\"section\" id=\"section_1894704488\">\n\t\t<div class=\"section-bg fill\" >\n\t\t\t<img loading=\"lazy\" decoding=\"async\" width=\"2560\" height=\"1707\" src=\"https:\/\/farmaciamila.cat\/wp-content\/uploads\/2024\/07\/Consultes-farmacia-mila-Granollers-scaled.webp\" class=\"bg attachment- size-\" alt=\"Consultes - Farmacia Mila Granollers\" \/>\t\t\t\t\t\t<div class=\"section-bg-overlay absolute fill\"><\/div>\n\t\t\t\n\n\t\t<\/div>\n\n\t\t\n\n\t\t<div class=\"section-content relative\">\n\t\t\t\n\n<div class=\"row row-collapse align-center\" style=\"max-width:\" id=\"row-1631236184\">\n\n\n\t<div id=\"col-937588430\" class=\"col small-12 large-12\"  >\n\t\t\t\t<div class=\"col-inner text-center dark\"  >\n\t\t\t\n\t\t\t\n\n<h1><span style=\"font-size: 250%;\">Al teu costat<\/span><\/h1>\n<p class=\"lead\"><span style=\"font-size: 120%;\">La teva farmacia de tota la vida amb el servei m\u00e9s modern<\/p>\n<p><\/span><\/p>\n\n\t\t<\/div>\n\t\t\t\t\n<style>\n#col-937588430 > .col-inner {\n  padding: 100px 20px 200px 0px;\n}\n@media (min-width:550px) {\n  #col-937588430 > .col-inner {\n    padding: 100px 0px 200px 0px;\n  }\n}\n<\/style>\n\t<\/div>\n\n\t\n\n<\/div>\n\n\t\t<\/div>\n\n\t\t\n<style>\n#section_1894704488 {\n  padding-top: 0px;\n  padding-bottom: 0px;\n  min-height: 0px;\n}\n#section_1894704488 .section-bg-overlay {\n  background-color: rgba(0, 0, 0, 0.12);\n}\n#section_1894704488 .section-bg img {\n  object-position: 55% 100%;\n}\n@media (min-width:550px) {\n  #section_1894704488 {\n    padding-top: 0px;\n    padding-bottom: 0px;\n  }\n  #section_1894704488 .section-bg-overlay {\n    background-color: rgba(0, 0, 0, 0.21);\n  }\n}\n@media (min-width:850px) {\n  #section_1894704488 {\n    padding-top: 100px;\n    padding-bottom: 100px;\n  }\n  #section_1894704488 .section-bg-overlay {\n    background-color: rgba(0, 0, 0, 0.12);\n  }\n}\n<\/style>\n\t<\/section>\n\t\n\n\t\t<\/div>\n\t\t\t\t\n<style>\n#col-1999533314 > .col-inner {\n  padding: 0px 30px 0px 30px;\n}\n<\/style>\n\t<\/div>\n\n\t\n\n<\/div>\n<div class=\"row row-large align-center\" style=\"max-width:1400px\" id=\"row-1843101203\">\n\n\n\t<div id=\"col-1334286269\" class=\"col medium-12 small-12 large-10\"  >\n\t\t\t\t<div class=\"col-inner\" style=\"background-color:rgb(255,255,255);\" >\n\t\t\t\n\t\t\t\n\n<div class=\"row\"  id=\"row-1596056582\">\n\n\n\t<div id=\"col-1727035522\" class=\"col small-12 large-12\"  >\n\t\t\t\t<div class=\"col-inner\"  >\n\t\t\t\n\t\t\t\n\n<h2><span style=\"font-size: 120%;\">Posa&#8217;t en contacte<\/span><\/h2>\n<p>Tens alguna pregunta? Vols informaci\u00f3 addicional dels nostres serveis?<br \/>\nPosa&#8217;t en contacte amb nosaltres a trav\u00e9s d\u2019alguna d\u2019aquestes vies i et contestarem el m\u00e9s aviat possible.<\/p>\n\n<div class=\"row align-center\"  id=\"row-1999837129\">\n\n\n\t<div id=\"col-856441315\" class=\"col medium-5 small-12 large-5\"  >\n\t\t\t\t<div class=\"col-inner\"  >\n\t\t\t\n\t\t\t\n\n\n\t\t<div class=\"icon-box featured-box icon-box-top text-left is-small\"  >\n\t\t\t\t\t<div class=\"icon-box-img\" style=\"width: 40px\">\n\t\t\t\t<div class=\"icon\">\n\t\t\t\t\t<div class=\"icon-inner\" style=\"color:rgb(7, 65, 115);\">\n\t\t\t\t\t\t<?xml version=\"1.0\" standalone=\"no\"?>\n<!DOCTYPE svg PUBLIC \"-\/\/W3C\/\/DTD SVG 20010904\/\/EN\"\n \"http:\/\/www.w3.org\/TR\/2001\/REC-SVG-20010904\/DTD\/svg10.dtd\">\n<svg version=\"1.0\" xmlns=\"http:\/\/www.w3.org\/2000\/svg\"\n width=\"240.000000pt\" height=\"240.000000pt\" viewBox=\"0 0 240.000000 240.000000\"\n preserveAspectRatio=\"xMidYMid meet\">\n\n<g transform=\"translate(0.000000,240.000000) scale(0.100000,-0.100000)\"\nfill=\"#000000\" stroke=\"none\">\n<path d=\"M1060 2184 c-78 -15 -201 -56 -260 -87 -186 -98 -309 -222 -398 -402\n-69 -139 -86 -216 -86 -395 0 -132 3 -167 23 -235 27 -93 85 -215 138 -289 50\n-70 703 -726 723 -726 16 0 652 634 713 712 46 58 120 205 140 278 45 165 47\n343 7 495 -52 192 -186 386 -340 492 -85 57 -197 109 -300 139 -54 15 -308 28\n-360 18z m225 -699 c88 -42 123 -109 115 -220 -6 -87 -108 -174 -203 -175 -16\n0 -52 11 -81 25 -158 75 -160 292 -3 370 64 32 104 32 172 0z\"\/>\n<\/g>\n<\/svg>\n\t\t\t\t\t<\/div>\n\t\t\t\t<\/div>\n\t\t\t<\/div>\n\t\t\t\t<div class=\"icon-box-text last-reset\">\n\t\t\t\t\t\t\t\t\t\n\n<h3 class=\"uppercase\">Adre\u00e7a<\/h3>\n<p>Passeig de la muntanya, 74<br \/>Granollers &#8211; 08402<\/p>\n\n\t\t<\/div>\n\t<\/div>\n\t\n\t\n\n\t\t<\/div>\n\t\t\t\t\t<\/div>\n\n\t\n\n\t<div id=\"col-1222102438\" class=\"col medium-5 small-12 large-5\"  >\n\t\t\t\t<div class=\"col-inner\"  >\n\t\t\t\n\t\t\t\n\n\n\t\t<div class=\"icon-box featured-box icon-box-top text-left is-small\"  >\n\t\t\t\t\t<div class=\"icon-box-img\" style=\"width: 40px\">\n\t\t\t\t<div class=\"icon\">\n\t\t\t\t\t<div class=\"icon-inner\" style=\"color:rgb(7, 65, 115);\">\n\t\t\t\t\t\t<?xml version=\"1.0\" standalone=\"no\"?>\n<!DOCTYPE svg PUBLIC \"-\/\/W3C\/\/DTD SVG 20010904\/\/EN\"\n \"http:\/\/www.w3.org\/TR\/2001\/REC-SVG-20010904\/DTD\/svg10.dtd\">\n<svg version=\"1.0\" xmlns=\"http:\/\/www.w3.org\/2000\/svg\"\n width=\"240.000000pt\" height=\"240.000000pt\" viewBox=\"0 0 240.000000 240.000000\"\n preserveAspectRatio=\"xMidYMid meet\">\n\n<g transform=\"translate(0.000000,240.000000) scale(0.100000,-0.100000)\"\nfill=\"#000000\" stroke=\"none\">\n<path d=\"M1029 2174 c-159 -25 -324 -98 -452 -202 -135 -109 -220 -223 -295\n-392 -104 -234 -96 -552 18 -797 167 -357 505 -573 897 -573 274 0 512 98 704\n289 262 263 355 645 242 996 -154 482 -608 758 -1114 679z m269 -476 c9 -9 12\n-78 12 -250 l0 -238 198 -2 197 -3 0 -105 0 -105 -305 0 -305 0 -3 335 c-1\n184 0 345 3 358 5 21 10 22 98 22 59 0 97 -4 105 -12z\"\/>\n<\/g>\n<\/svg>\n\t\t\t\t\t<\/div>\n\t\t\t\t<\/div>\n\t\t\t<\/div>\n\t\t\t\t<div class=\"icon-box-text last-reset\">\n\t\t\t\t\t\t\t\t\t\n\n<h3 class=\"uppercase\">Horari<\/h3>\n<p>Dill a Div: 9:00 &#8211; 13.30 i 16.30 &#8211; 20:00<br \/>Diss: 9:00 &#8211; 13:30<br \/>Dium: Tancat<\/p>\n\n\t\t<\/div>\n\t<\/div>\n\t\n\t\n\n\t\t<\/div>\n\t\t\t\t\t<\/div>\n\n\t\n\n<\/div>\n<div class=\"row align-center\"  id=\"row-1735101838\">\n\n\n\t<div id=\"col-1501868073\" class=\"col medium-5 small-12 large-5\"  >\n\t\t\t\t<div class=\"col-inner\"  >\n\t\t\t\n\t\t\t\n\n\n\t\t<div class=\"icon-box featured-box icon-box-top text-left is-small\"  >\n\t\t\t\t\t<div class=\"icon-box-img\" style=\"width: 40px\">\n\t\t\t\t<div class=\"icon\">\n\t\t\t\t\t<div class=\"icon-inner\" style=\"color:rgb(7, 65, 115);\">\n\t\t\t\t\t\t<?xml version=\"1.0\" standalone=\"no\"?>\n<!DOCTYPE svg PUBLIC \"-\/\/W3C\/\/DTD SVG 20010904\/\/EN\"\n \"http:\/\/www.w3.org\/TR\/2001\/REC-SVG-20010904\/DTD\/svg10.dtd\">\n<svg version=\"1.0\" xmlns=\"http:\/\/www.w3.org\/2000\/svg\"\n width=\"240.000000pt\" height=\"240.000000pt\" viewBox=\"0 0 240.000000 240.000000\"\n preserveAspectRatio=\"xMidYMid meet\">\n\n<g transform=\"translate(0.000000,240.000000) scale(0.100000,-0.100000)\"\nfill=\"#000000\" stroke=\"none\">\n<path d=\"M1155 2263 c-65 -34 -882 -527 -912 -550 l-33 -24 0 -654 c0 -458 3\n-661 11 -678 6 -14 22 -30 36 -36 34 -16 1852 -16 1886 0 14 6 30 22 36 36 8\n17 11 220 11 677 l0 653 -22 19 c-13 11 -172 110 -355 220 -183 109 -372 223\n-420 252 -95 57 -182 102 -198 102 -5 -1 -23 -8 -40 -17z m-563 -702 c27 -22\n240 -203 407 -344 183 -155 197 -167 208 -167 5 0 52 37 104 83 52 45 172 150\n268 232 96 83 193 166 214 184 l40 35 68 -75 c38 -40 68 -78 68 -84 0 -5 -22\n-28 -48 -50 -26 -22 -141 -121 -256 -220 -465 -403 -456 -396 -473 -383 -21\n18 -208 176 -316 268 -402 343 -446 382 -439 395 15 24 118 144 125 144 5 1\n18 -8 30 -18z\"\/>\n<\/g>\n<\/svg>\n\t\t\t\t\t<\/div>\n\t\t\t\t<\/div>\n\t\t\t<\/div>\n\t\t\t\t<div class=\"icon-box-text last-reset\">\n\t\t\t\t\t\t\t\t\t\n\n<h3 class=\"uppercase\">Correu<\/h3>\n<p><a href=\"mailto:info@farmaciamila.cat\">info@farmaciamila.cat<\/a><\/p>\n\n\t\t<\/div>\n\t<\/div>\n\t\n\t\n\n\t\t<\/div>\n\t\t\t\t\t<\/div>\n\n\t\n\n\t<div id=\"col-1658420943\" class=\"col medium-5 small-12 large-5\"  >\n\t\t\t\t<div class=\"col-inner\"  >\n\t\t\t\n\t\t\t\n\n\n\t\t<div class=\"icon-box featured-box icon-box-top text-left is-small\"  >\n\t\t\t\t\t<div class=\"icon-box-img\" style=\"width: 40px\">\n\t\t\t\t<div class=\"icon\">\n\t\t\t\t\t<div class=\"icon-inner\" style=\"color:rgb(7, 65, 115);\">\n\t\t\t\t\t\t<?xml version=\"1.0\" standalone=\"no\"?>\n<!DOCTYPE svg PUBLIC \"-\/\/W3C\/\/DTD SVG 20010904\/\/EN\"\n \"http:\/\/www.w3.org\/TR\/2001\/REC-SVG-20010904\/DTD\/svg10.dtd\">\n<svg version=\"1.0\" xmlns=\"http:\/\/www.w3.org\/2000\/svg\"\n width=\"240.000000pt\" height=\"240.000000pt\" viewBox=\"0 0 240.000000 240.000000\"\n preserveAspectRatio=\"xMidYMid meet\">\n\n<g transform=\"translate(0.000000,240.000000) scale(0.100000,-0.100000)\"\nfill=\"#000000\" stroke=\"none\">\n<path d=\"M357 2079 c-33 -19 -47 -72 -47 -176 0 -443 163 -830 478 -1140 124\n-123 240 -205 397 -283 246 -122 419 -163 693 -164 l164 -1 24 28 c24 28 24\n31 24 231 0 151 -3 206 -12 214 -7 6 -31 13 -53 17 -129 21 -252 53 -335 86\n-52 22 -102 39 -111 39 -10 0 -50 -45 -100 -112 -45 -62 -83 -114 -84 -116 -8\n-9 -121 49 -205 104 -203 133 -357 306 -461 517 -33 66 -33 67 -14 82 11 8 64\n47 118 85 53 39 97 78 97 86 0 8 -16 54 -36 101 -36 89 -65 198 -84 318 -6 38\n-16 75 -22 82 -14 17 -403 18 -431 2z\"\/>\n<\/g>\n<\/svg>\n\t\t\t\t\t<\/div>\n\t\t\t\t<\/div>\n\t\t\t<\/div>\n\t\t\t\t<div class=\"icon-box-text last-reset\">\n\t\t\t\t\t\t\t\t\t\n\n<h3 class=\"uppercase\">Tel\u00e8fon<\/h3>\n<p style=\"text-align: left;\"><a href=\"tel:+34938703596\">+34 93 870 35 96<\/a><\/p>\n\n\t\t<\/div>\n\t<\/div>\n\t\n\t\n\n\t\t<\/div>\n\t\t\t\t\t<\/div>\n\n\t\n\n<\/div>\n\t<div id=\"gap-549928991\" class=\"gap-element clearfix\" style=\"display:block; height:auto;\">\n\t\t\n<style>\n#gap-549928991 {\n  padding-top: 20px;\n}\n@media (min-width:550px) {\n  #gap-549928991 {\n    padding-top: 20px;\n  }\n}\n@media (min-width:850px) {\n  #gap-549928991 {\n    padding-top: 30px;\n  }\n}\n<\/style>\n\t<\/div>\n\t\n\n<h2><span style=\"font-size: 120%;\">Envia&#8217;ns una consulta<\/span><\/h2>\n<div class=\"row align-center\"  id=\"row-740009594\">\n\n\n\t<div id=\"col-2113809988\" class=\"col small-11 large-12\"  >\n\t\t\t\t<div class=\"col-inner\"  >\n\t\t\t\n\t\t\t\n\n\t<div id=\"gap-958407209\" class=\"gap-element clearfix\" style=\"display:block; height:auto;\">\n\t\t\n<style>\n#gap-958407209 {\n  padding-top: 20px;\n}\n@media (min-width:550px) {\n  #gap-958407209 {\n    padding-top: 20px;\n  }\n}\n@media (min-width:850px) {\n  #gap-958407209 {\n    padding-top: 10px;\n  }\n}\n<\/style>\n\t<\/div>\n\t\n\n\n<div class=\"wpcf7 no-js\" id=\"wpcf7-f372-o1\" lang=\"ca\" dir=\"ltr\" data-wpcf7-id=\"372\">\n<div class=\"screen-reader-response\"><p role=\"status\" aria-live=\"polite\" aria-atomic=\"true\"><\/p> <ul><\/ul><\/div>\n<form action=\"\/ca\/wp-json\/wp\/v2\/pages\/114#wpcf7-f372-o1\" method=\"post\" class=\"wpcf7-form init wpcf7-acceptance-as-validation\" aria-label=\"Formulari de contacte\" novalidate=\"novalidate\" data-status=\"init\">\n<fieldset class=\"hidden-fields-container\"><input type=\"hidden\" name=\"_wpcf7\" value=\"372\" \/><input type=\"hidden\" name=\"_wpcf7_version\" value=\"6.1.5\" \/><input type=\"hidden\" name=\"_wpcf7_locale\" value=\"ca\" \/><input type=\"hidden\" name=\"_wpcf7_unit_tag\" value=\"wpcf7-f372-o1\" \/><input type=\"hidden\" name=\"_wpcf7_container_post\" value=\"0\" \/><input type=\"hidden\" name=\"_wpcf7_posted_data_hash\" value=\"\" \/><input type=\"hidden\" name=\"_wpcf7_recaptcha_response\" value=\"\" \/>\n<\/fieldset>\n<p><span class=\"wpcf7-form-control-wrap\" data-name=\"nom\"><input size=\"40\" maxlength=\"400\" class=\"wpcf7-form-control wpcf7-text wpcf7-validates-as-required\" aria-required=\"true\" aria-invalid=\"false\" placeholder=\"Nom i cognoms *\" value=\"\" type=\"text\" name=\"nom\" \/><\/span>\n<\/p>\n<p><span class=\"wpcf7-form-control-wrap\" data-name=\"email\"><input size=\"40\" maxlength=\"400\" class=\"wpcf7-form-control wpcf7-email wpcf7-validates-as-required wpcf7-text wpcf7-validates-as-email\" aria-required=\"true\" aria-invalid=\"false\" placeholder=\"Correu *\" value=\"\" type=\"email\" name=\"email\" \/><\/span>\n<\/p>\n<p><span class=\"wpcf7-form-control-wrap\" data-name=\"assumpte\"><select class=\"wpcf7-form-control wpcf7-select wpcf7-validates-as-required\" aria-required=\"true\" aria-invalid=\"false\" name=\"assumpte\"><option value=\"\">&#8212;Trieu una opci\u00f3&#8212;<\/option><option value=\"Consulta\">Consulta<\/option><option value=\"Enc\u00e0rrec\">Enc\u00e0rrec<\/option><option value=\"Altres\">Altres<\/option><\/select><\/span>\n<\/p>\n<p><span class=\"wpcf7-form-control-wrap\" data-name=\"missatge\"><textarea cols=\"40\" rows=\"3\" maxlength=\"2000\" class=\"wpcf7-form-control wpcf7-textarea wpcf7-validates-as-required\" aria-required=\"true\" aria-invalid=\"false\" placeholder=\"Missatge *\" name=\"missatge\"><\/textarea><\/span>\n<\/p>\n<p><label class=\"consent\"><br \/>\n<span class=\"wpcf7-form-control-wrap\" data-name=\"acceptance-423\"><span class=\"wpcf7-form-control wpcf7-acceptance\"><span class=\"wpcf7-list-item\"><label><input type=\"checkbox\" name=\"acceptance-423\" value=\"1\" aria-invalid=\"false\" \/><span class=\"wpcf7-list-item-label\">He llegit y acepto la <a rel=\"nofollow\" target=\"_blank\" rel=\"noopener noreferrer\" href=\"https:\/\/farmaciamila.cat\/ca\/politica-de-privacitat\/\">Pol\u00edtica de Privacitat<\/a><\/span><\/label><\/span><\/span><\/span><br \/>\n<\/label>\n<\/p>\n<p><input class=\"wpcf7-form-control wpcf7-submit has-spinner\" type=\"submit\" value=\"Envia\" \/>\n<\/p><p style=\"display: none !important;\" class=\"akismet-fields-container\" data-prefix=\"_wpcf7_ak_\"><label>&#916;<textarea name=\"_wpcf7_ak_hp_textarea\" cols=\"45\" rows=\"8\" maxlength=\"100\"><\/textarea><\/label><input type=\"hidden\" id=\"ak_js_1\" name=\"_wpcf7_ak_js\" value=\"235\"\/><script>document.getElementById( \"ak_js_1\" ).setAttribute( \"value\", ( new Date() ).getTime() );<\/script><\/p><div class=\"wpcf7-response-output\" aria-hidden=\"true\"><\/div>\n<\/form>\n<\/div>\n\n\n\n\t\t<\/div>\n\t\t\t\t\n<style>\n#col-2113809988 > .col-inner {\n  padding: 30px 30px 0px 30px;\n}\n<\/style>\n\t<\/div>\n\n\t\n\n<\/div>\n\n\t\t<\/div>\n\t\t\t\t\n<style>\n#col-1727035522 > .col-inner {\n  padding: 5% 5% 5% 5%;\n}\n<\/style>\n\t<\/div>\n\n\t\n\n<\/div>\n\n\t\t<\/div>\n\t\t\t\t\n<style>\n#col-1334286269 > .col-inner {\n  padding: 10px 20px 0px 20px;\n  margin: -70px 0px 0px 0px;\n}\n<\/style>\n\t<\/div>\n\n\t\n\n<\/div>\n\n\t<script type=\"text\/javascript\">\n  jQuery( document ).ready(function() {\n    function initialize() {\n        var styles = {\n            'flatsome':  [{\n            \"featureType\": \"administrative\",\n            \"stylers\": [\n              { \"visibility\": \"on\" }\n            ]\n          },\n          {\n            \"featureType\": \"road\",\n            \"stylers\": [\n              { \"visibility\": \"on\" },\n              { \"hue\": \"\" }\n            ]\n          },\n          {\n            \"stylers\": [\n\t\t\t  { \"visibility\": \"on\" },\n\t\t\t  { \"hue\": \"\" },\n\t\t\t  { \"saturation\": -30 }\n            ]\n          }\n        ]};\n\n        var myLatlng = new google.maps.LatLng(41.607547152657, 2.2934522444397);\n        var myOptions = {\n            zoom: 17,\n            center: myLatlng,\n            mapTypeId: google.maps.MapTypeId.ROADMAP,\n            disableDefaultUI: true,\n            mapTypeId: 'flatsome',\n            draggable: true,\n            zoomControl: false,\n            zoomControlOptions: {\n              position: google.maps.ControlPosition.TOP_LEFT\n            },\n      \t\t\tmapTypeControl: false,\n            mapTypeControlOptions: {\n              position: google.maps.ControlPosition.TOP_LEFT\n            },\n      \t\t\tstreetViewControl: false,\n            streetViewControlOptions: {\n              position: google.maps.ControlPosition.TOP_LEFT\n            },\n            scrollwheel: false,\n            disableDoubleClickZoom: true\n        }\n        var map = new google.maps.Map(document.getElementById(\"map-560067757-inner\"), myOptions);\n        var styledMapType = new google.maps.StyledMapType(styles['flatsome'], {name: 'flatsome'});\n        map.mapTypes.set('flatsome', styledMapType);\n\n        var marker = new google.maps.Marker({\n            position: myLatlng,\n            map: map,\n            title:\"\"\n        });\n    }\n\n    \/\/ Required to proceed\n    if (!(typeof google === 'object' && typeof google.maps === 'object')) {\n      return\n    }\n\n    initialize()\n    google.maps.event.addDomListener(window, 'resize', initialize);\n    });\n    <\/script>\n\n    <div class=\"google-map relative mb\" id=\"map-560067757\">\n        <div class=\"map-height\" id=\"map-560067757-inner\"><\/div>\n        <div id=\"map_overlay_top\"><\/div>\n        <div id=\"map_overlay_bottom\"><\/div>\n                  <div class=\"map_inner map-inner last-reset absolute x100 md-x95 lg-x95 y100 md-y95 lg-y95\">\n              \n\n\n         <\/div>\n       \n       \n<style>\n#map-560067757 .map-inner {\n  background-color: rgba(255, 255, 255, 0);\n  max-width: 100%;\n}\n#map-560067757 .map-height {\n  height: 500px;\n}\n@media (min-width:550px) {\n  #map-560067757 .map-inner {\n    max-width: 40%;\n  }\n}\n@media (min-width:850px) {\n  #map-560067757 .map-inner {\n    max-width: 30%;\n  }\n}\n<\/style>\n    <\/div>\n\n\t\n\n","protected":false},"excerpt":{"rendered":"","protected":false},"author":1,"featured_media":0,"parent":0,"menu_order":0,"comment_status":"closed","ping_status":"closed","template":"","meta":{"footnotes":""},"class_list":["post-114","page","type-page","status-publish","hentry"],"yoast_head":"<!-- This site is optimized with the Yoast SEO plugin v27.5 - https:\/\/yoast.com\/product\/yoast-seo-wordpress\/ -->\n<title>Contacte | Farm\u00e0cia Mil\u00e0<\/title>\n<meta name=\"description\" content=\"Tens alguna pregunta o necessites assist\u00e8ncia? Contacta&#039;ns! Som aqu\u00ed per ajudar-te en tot all\u00f2 que necessitis. Troba la nostra informaci\u00f3 de contacte aqu\u00ed.\" \/>\n<meta name=\"robots\" content=\"index, follow, max-snippet:-1, max-image-preview:large, max-video-preview:-1\" \/>\n<link rel=\"canonical\" href=\"https:\/\/farmaciamila.cat\/ca\/contacte\/\" \/>\n<meta property=\"og:locale\" content=\"ca_ES\" \/>\n<meta property=\"og:type\" content=\"article\" \/>\n<meta property=\"og:title\" content=\"Contacte | Farm\u00e0cia Mil\u00e0\" \/>\n<meta property=\"og:description\" content=\"Tens alguna pregunta o necessites assist\u00e8ncia? Contacta&#039;ns! Som aqu\u00ed per ajudar-te en tot all\u00f2 que necessitis. Troba la nostra informaci\u00f3 de contacte aqu\u00ed.\" \/>\n<meta property=\"og:url\" content=\"https:\/\/farmaciamila.cat\/ca\/contacte\/\" \/>\n<meta property=\"og:site_name\" content=\"Farmacia Mila | Sempre al teu costat\" \/>\n<meta property=\"article:publisher\" content=\"https:\/\/www.facebook.com\/farmaciamilagranollers\/\" \/>\n<meta property=\"article:modified_time\" content=\"2025-04-17T07:03:33+00:00\" \/>\n<meta name=\"twitter:card\" content=\"summary_large_image\" \/>\n<meta name=\"twitter:label1\" content=\"Temps estimat de lectura\" \/>\n\t<meta name=\"twitter:data1\" content=\"2 minuts\" \/>\n<script type=\"application\/ld+json\" class=\"yoast-schema-graph\">{\"@context\":\"https:\\\/\\\/schema.org\",\"@graph\":[{\"@type\":\"WebPage\",\"@id\":\"https:\\\/\\\/farmaciamila.cat\\\/ca\\\/contacte\\\/\",\"url\":\"https:\\\/\\\/farmaciamila.cat\\\/ca\\\/contacte\\\/\",\"name\":\"Contacte | Farm\u00e0cia Mil\u00e0\",\"isPartOf\":{\"@id\":\"https:\\\/\\\/farmaciamila.cat\\\/ca\\\/#website\"},\"datePublished\":\"2019-01-27T23:42:06+00:00\",\"dateModified\":\"2025-04-17T07:03:33+00:00\",\"description\":\"Tens alguna pregunta o necessites assist\u00e8ncia? Contacta'ns! Som aqu\u00ed per ajudar-te en tot all\u00f2 que necessitis. Troba la nostra informaci\u00f3 de contacte aqu\u00ed.\",\"breadcrumb\":{\"@id\":\"https:\\\/\\\/farmaciamila.cat\\\/ca\\\/contacte\\\/#breadcrumb\"},\"inLanguage\":\"ca\",\"potentialAction\":[{\"@type\":\"ReadAction\",\"target\":[\"https:\\\/\\\/farmaciamila.cat\\\/ca\\\/contacte\\\/\"]}]},{\"@type\":\"BreadcrumbList\",\"@id\":\"https:\\\/\\\/farmaciamila.cat\\\/ca\\\/contacte\\\/#breadcrumb\",\"itemListElement\":[{\"@type\":\"ListItem\",\"position\":1,\"name\":\"Home\",\"item\":\"https:\\\/\\\/farmaciamila.cat\\\/ca\\\/\"},{\"@type\":\"ListItem\",\"position\":2,\"name\":\"Contacte\"}]},{\"@type\":\"WebSite\",\"@id\":\"https:\\\/\\\/farmaciamila.cat\\\/ca\\\/#website\",\"url\":\"https:\\\/\\\/farmaciamila.cat\\\/ca\\\/\",\"name\":\"Farmacia Mila | Sempre al teu costat\",\"description\":\"Tenim cura de tu i dels teus\",\"publisher\":{\"@id\":\"https:\\\/\\\/farmaciamila.cat\\\/ca\\\/#organization\"},\"potentialAction\":[{\"@type\":\"SearchAction\",\"target\":{\"@type\":\"EntryPoint\",\"urlTemplate\":\"https:\\\/\\\/farmaciamila.cat\\\/ca\\\/?s={search_term_string}\"},\"query-input\":{\"@type\":\"PropertyValueSpecification\",\"valueRequired\":true,\"valueName\":\"search_term_string\"}}],\"inLanguage\":\"ca\"},{\"@type\":\"Organization\",\"@id\":\"https:\\\/\\\/farmaciamila.cat\\\/ca\\\/#organization\",\"name\":\"Farmacia Mila\",\"url\":\"https:\\\/\\\/farmaciamila.cat\\\/ca\\\/\",\"logo\":{\"@type\":\"ImageObject\",\"inLanguage\":\"ca\",\"@id\":\"https:\\\/\\\/farmaciamila.cat\\\/ca\\\/#\\\/schema\\\/logo\\\/image\\\/\",\"url\":\"https:\\\/\\\/farmaciamila.cat\\\/wp-content\\\/uploads\\\/2020\\\/06\\\/logo_quadrat.png\",\"contentUrl\":\"https:\\\/\\\/farmaciamila.cat\\\/wp-content\\\/uploads\\\/2020\\\/06\\\/logo_quadrat.png\",\"width\":500,\"height\":500,\"caption\":\"Farmacia Mila\"},\"image\":{\"@id\":\"https:\\\/\\\/farmaciamila.cat\\\/ca\\\/#\\\/schema\\\/logo\\\/image\\\/\"},\"sameAs\":[\"https:\\\/\\\/www.facebook.com\\\/farmaciamilagranollers\\\/\",\"https:\\\/\\\/www.instagram.com\\\/farmacia.mila\\\/\"]}]}<\/script>\n<!-- \/ Yoast SEO plugin. -->","yoast_head_json":{"title":"Contacte | Farm\u00e0cia Mil\u00e0","description":"Tens alguna pregunta o necessites assist\u00e8ncia? Contacta'ns! Som aqu\u00ed per ajudar-te en tot all\u00f2 que necessitis. Troba la nostra informaci\u00f3 de contacte aqu\u00ed.","robots":{"index":"index","follow":"follow","max-snippet":"max-snippet:-1","max-image-preview":"max-image-preview:large","max-video-preview":"max-video-preview:-1"},"canonical":"https:\/\/farmaciamila.cat\/ca\/contacte\/","og_locale":"ca_ES","og_type":"article","og_title":"Contacte | Farm\u00e0cia Mil\u00e0","og_description":"Tens alguna pregunta o necessites assist\u00e8ncia? Contacta'ns! Som aqu\u00ed per ajudar-te en tot all\u00f2 que necessitis. Troba la nostra informaci\u00f3 de contacte aqu\u00ed.","og_url":"https:\/\/farmaciamila.cat\/ca\/contacte\/","og_site_name":"Farmacia Mila | Sempre al teu costat","article_publisher":"https:\/\/www.facebook.com\/farmaciamilagranollers\/","article_modified_time":"2025-04-17T07:03:33+00:00","twitter_card":"summary_large_image","twitter_misc":{"Temps estimat de lectura":"2 minuts"},"schema":{"@context":"https:\/\/schema.org","@graph":[{"@type":"WebPage","@id":"https:\/\/farmaciamila.cat\/ca\/contacte\/","url":"https:\/\/farmaciamila.cat\/ca\/contacte\/","name":"Contacte | Farm\u00e0cia Mil\u00e0","isPartOf":{"@id":"https:\/\/farmaciamila.cat\/ca\/#website"},"datePublished":"2019-01-27T23:42:06+00:00","dateModified":"2025-04-17T07:03:33+00:00","description":"Tens alguna pregunta o necessites assist\u00e8ncia? Contacta'ns! Som aqu\u00ed per ajudar-te en tot all\u00f2 que necessitis. Troba la nostra informaci\u00f3 de contacte aqu\u00ed.","breadcrumb":{"@id":"https:\/\/farmaciamila.cat\/ca\/contacte\/#breadcrumb"},"inLanguage":"ca","potentialAction":[{"@type":"ReadAction","target":["https:\/\/farmaciamila.cat\/ca\/contacte\/"]}]},{"@type":"BreadcrumbList","@id":"https:\/\/farmaciamila.cat\/ca\/contacte\/#breadcrumb","itemListElement":[{"@type":"ListItem","position":1,"name":"Home","item":"https:\/\/farmaciamila.cat\/ca\/"},{"@type":"ListItem","position":2,"name":"Contacte"}]},{"@type":"WebSite","@id":"https:\/\/farmaciamila.cat\/ca\/#website","url":"https:\/\/farmaciamila.cat\/ca\/","name":"Farmacia Mila | Sempre al teu costat","description":"Tenim cura de tu i dels teus","publisher":{"@id":"https:\/\/farmaciamila.cat\/ca\/#organization"},"potentialAction":[{"@type":"SearchAction","target":{"@type":"EntryPoint","urlTemplate":"https:\/\/farmaciamila.cat\/ca\/?s={search_term_string}"},"query-input":{"@type":"PropertyValueSpecification","valueRequired":true,"valueName":"search_term_string"}}],"inLanguage":"ca"},{"@type":"Organization","@id":"https:\/\/farmaciamila.cat\/ca\/#organization","name":"Farmacia Mila","url":"https:\/\/farmaciamila.cat\/ca\/","logo":{"@type":"ImageObject","inLanguage":"ca","@id":"https:\/\/farmaciamila.cat\/ca\/#\/schema\/logo\/image\/","url":"https:\/\/farmaciamila.cat\/wp-content\/uploads\/2020\/06\/logo_quadrat.png","contentUrl":"https:\/\/farmaciamila.cat\/wp-content\/uploads\/2020\/06\/logo_quadrat.png","width":500,"height":500,"caption":"Farmacia Mila"},"image":{"@id":"https:\/\/farmaciamila.cat\/ca\/#\/schema\/logo\/image\/"},"sameAs":["https:\/\/www.facebook.com\/farmaciamilagranollers\/","https:\/\/www.instagram.com\/farmacia.mila\/"]}]}},"_links":{"self":[{"href":"https:\/\/farmaciamila.cat\/ca\/wp-json\/wp\/v2\/pages\/114","targetHints":{"allow":["GET"]}}],"collection":[{"href":"https:\/\/farmaciamila.cat\/ca\/wp-json\/wp\/v2\/pages"}],"about":[{"href":"https:\/\/farmaciamila.cat\/ca\/wp-json\/wp\/v2\/types\/page"}],"author":[{"embeddable":true,"href":"https:\/\/farmaciamila.cat\/ca\/wp-json\/wp\/v2\/users\/1"}],"replies":[{"embeddable":true,"href":"https:\/\/farmaciamila.cat\/ca\/wp-json\/wp\/v2\/comments?post=114"}],"version-history":[{"count":64,"href":"https:\/\/farmaciamila.cat\/ca\/wp-json\/wp\/v2\/pages\/114\/revisions"}],"predecessor-version":[{"id":1391,"href":"https:\/\/farmaciamila.cat\/ca\/wp-json\/wp\/v2\/pages\/114\/revisions\/1391"}],"wp:attachment":[{"href":"https:\/\/farmaciamila.cat\/ca\/wp-json\/wp\/v2\/media?parent=114"}],"curies":[{"name":"wp","href":"https:\/\/api.w.org\/{rel}","templated":true}]}}