{"id":1113,"date":"2024-04-19T19:57:55","date_gmt":"2024-04-19T17:57:55","guid":{"rendered":"https:\/\/farmaciamila.cat\/?page_id=1113"},"modified":"2025-04-17T17:49:45","modified_gmt":"2025-04-17T15:49:45","slug":"politica-de-privacitat","status":"publish","type":"page","link":"https:\/\/farmaciamila.cat\/ca\/politica-de-privacitat\/","title":{"rendered":"Pol\u00edtica de privacitat"},"content":{"rendered":"\n<header class=\"text-center\">\n<h4><span style=\"font-size: 25.92px;\">POL\u00cdTICA DE PRIVACITAT DEL LLOC WEB<\/span><\/h4>\n<\/header>\n<p><blockquote class=\"wp-embedded-content\" data-secret=\"IXiMJmgz8G\"><a href=\"https:\/\/farmaciamila.cat\/ca\/\">Inici<\/a><\/blockquote><iframe loading=\"lazy\" class=\"wp-embedded-content\" sandbox=\"allow-scripts\" security=\"restricted\" style=\"position: absolute; clip: rect(1px, 1px, 1px, 1px);\" title=\"&#8220;Inici&#8221; &#8212; Farmacia Mila | Sempre al teu costat\" src=\"https:\/\/farmaciamila.cat\/ca\/embed\/#?secret=HCqvrI1yEE#?secret=IXiMJmgz8G\" data-secret=\"IXiMJmgz8G\" width=\"600\" height=\"338\" frameborder=\"0\" marginwidth=\"0\" marginheight=\"0\" scrolling=\"no\"><\/iframe><\/p>\n<p><br \/>I. POL\u00cdTICA DE PRIVACITAT I PROTECCI\u00d3 DE DADES<br \/>Respectant el que estableix la legislaci\u00f3 vigent, Farm\u00e0cia Mila (d&#8217;ara endavant, tamb\u00e9 Lloc Web) es compromet a adoptar les mesures t\u00e8cniques i organitzatives necess\u00e0ries, segons el nivell de seguretat adequat al risc de les dades recollides.<\/p>\n<p>Lleis que incorpora aquesta pol\u00edtica de privacitat<br \/>Aquesta pol\u00edtica de privacitat est\u00e0 adaptada a la normativa espanyola i europea vigent en mat\u00e8ria de protecci\u00f3 de dades personals a internet. En concret, la mateixa respecta les seg\u00fcents normes:<\/p>\n<p>El Reglament (UE) 2016\/679 del Parlament Europeu i del Consell, de 27 d&#8217;abril de 2016, relatiu a la protecci\u00f3 de les persones f\u00edsiques pel que fa al tractament de dades personals i a la lliure circulaci\u00f3 d&#8217;aquestes dades (RGPD).<br \/>La Llei Org\u00e0nica 3\/2018, de 5 de desembre, de Protecci\u00f3 de Dades Personals i garantia dels drets digitals (LOPD-GDD).<br \/>El Reial Decret 1720\/2007, de 21 de desembre, pel qual s&#8217;aprova el Reglament de desenvolupament de la Llei Org\u00e0nica 15\/1999, de 13 de desembre, de Protecci\u00f3 de Dades de Car\u00e0cter Personal (RDLOPD).<br \/>La Llei 34\/2002, de 11 de juliol, de Serveis de la Societat de la Informaci\u00f3 i de Comer\u00e7 Electr\u00f2nic (LSSI-CE).<br \/>Identitat del responsable del tractament de les dades personals<br \/>El responsable del tractament de les dades personals recollides a Farm\u00e0cia Mila \u00e9s: Farm\u00e0cia ROSA M. MILA PLANS, provista de NIF: 33892369Y i inscrita a: amb les seg\u00fcents dades registre: , el representant del qual \u00e9s: Farm\u00e0cia Mila (d&#8217;ara endavant, Responsable del tractament). Les seves dades de contacte s\u00f3n les seg\u00fcents:<\/p>\n<p>Adre\u00e7a: Passeig de la Muntanya, 74, 08402 Granollers<\/p>\n<p>Tel\u00e8fon de contacte: +34 93 870 35 96<\/p>\n<p>Correu electr\u00f2nic de contacte: info@farmaciamila.cat<\/p>\n<p>Registre de Dades de Car\u00e0cter Personal<br \/>En compliment del que estableix el RGPD i la LOPD-GDD, l&#8217;informem que les dades personals recollides per Farm\u00e0cia Mila, mitjan\u00e7ant els formularis estesos a les seves p\u00e0gines, quedaran incorporades i seran tractades en el nostre fitxer amb la finalitat de poder facilitar, agilitzar i complir els compromisos establerts entre Farm\u00e0cia Mila i l&#8217;Usuari o el manteniment de la relaci\u00f3 que s&#8217;estableixi en els formularis que aquest ompli, o per atendre una sol\u00b7licitud o consulta del mateix. A m\u00e9s, de conformitat amb el que preveu el RGPD i la LOPD-GDD, llevat que sigui d&#8217;aplicaci\u00f3 l&#8217;excepci\u00f3 prevista en l&#8217;article 30.5 del RGPD, es mant\u00e9 un registre d&#8217;activitats de tractament que especifica, segons les seves finalitats, les activitats de tractament realitzades i les altres circumst\u00e0ncies establertes en el RGPD.<\/p>\n<p>Principis aplicables al tractament de les dades personals<br \/>El tractament de les dades personals de l&#8217;Usuari es sotmetr\u00e0 als seg\u00fcents principis recollits a l&#8217;article 5 del RGPD i a l&#8217;article 4 i seg\u00fcents de la Llei Org\u00e0nica 3\/2018, de 5 de desembre, de Protecci\u00f3 de Dades Personals i garantia dels drets digitals:<\/p>\n<p>Principi de llicitud, lleialtat i transpar\u00e8ncia: es requerir\u00e0 en tot moment el consentiment de l&#8217;Usuari pr\u00e8via informaci\u00f3 completament transparent dels fins pels quals es recullen les dades personals.<br \/>Principi de limitaci\u00f3 de la finalitat: les dades personals seran recollides amb fins determinats, expl\u00edcits i leg\u00edtims.<br \/>Principi de minimitzaci\u00f3 de dades: les dades personals recollides seran \u00fanicament les estrictament necess\u00e0ries en relaci\u00f3 amb els fins pels quals s\u00f3n tractades.<br \/>Principi d&#8217;exactitud: les dades personals han de ser exactes i estar sempre actualitzades.<br \/>Principi de limitaci\u00f3 del termini de conservaci\u00f3: les dades personals nom\u00e9s seran mantenides de manera que es permeti la identificaci\u00f3 de l&#8217;Usuari durant el temps necessari pels fins del seu tractament.<br \/>Principi d&#8217;integritat i confidencialitat: les dades personals seran tractades de manera que es garanteixi la seva seguretat i confidencialitat.<br \/>Principi de responsabilitat proactiva: el Responsable del tractament ser\u00e0 responsable d&#8217;assegurar que els principis anteriors es compleixen.<br \/>Categories de dades personals<br \/>Les categories de dades que es tracten a Farm\u00e0cia Mila s\u00f3n \u00fanicament dades identificatives. En cap cas, es tracten categories especials de dades personals en el sentit de l&#8217;article 9 del RGPD.<\/p>\n<p>Base legal pel tractament de les dades personals<br \/>La base legal pel tractament de les dades personals \u00e9s el consentiment. Farm\u00e0cia Mila es compromet a recaptar el consentiment expr\u00e9s i verificable de l&#8217;Usuari pel tractament de les seves dades personals per a un o diversos fins espec\u00edfics.<\/p>\n<p>L&#8217;Usuari tindr\u00e0 dret a retirar el seu consentiment en qualsevol moment. Ser\u00e0 tan f\u00e0cil retirar el consentiment com donar-lo. Com a regla general, la retirada del consentiment no condicionar\u00e0 l&#8217;\u00fas del Lloc Web.<\/p>\n<p>En les ocasions en qu\u00e8 l&#8217;Usuari hagi de facilitar les seves dades a trav\u00e9s de formularis per realitzar consultes, sol\u00b7licitar informaci\u00f3 o per motius relacionats amb el contingut del Lloc Web, se li informar\u00e0 en cas que la complimentaci\u00f3 d&#8217;algun d&#8217;ells sigui obligat\u00f2ria per<\/p>\n<p>qu\u00e8 els mateixos siguin imprescindibles per al correcte desenvolupament de l&#8217;operaci\u00f3 realitzada.<\/p>\n<p>Fins del tractament al qual es destinen les dades personals<br \/>Les dades personals s\u00f3n recollides i gestionades per Farm\u00e0cia Mila amb la finalitat de poder facilitar, agilitzar i complir els compromisos establerts entre el Lloc Web i l&#8217;Usuari o el manteniment de la relaci\u00f3 que s&#8217;estableixi en els formularis que aquest \u00faltim ompli o per atendre una sol\u00b7licitud o consulta.<\/p>\n<p>A m\u00e9s, les dades podran ser utilitzades amb una finalitat comercial de personalitzaci\u00f3, operativa i estad\u00edstica, i activitats pr\u00f2pies de l&#8217;objecte social de Farm\u00e0cia Mila, aix\u00ed com per a l&#8217;extracci\u00f3, emmagatzematge de dades i estudis de m\u00e0rqueting per adequar el Contingut ofertat a l&#8217;Usuari, aix\u00ed com millorar la qualitat, el funcionament i la navegaci\u00f3 pel Lloc Web.<\/p>\n<p>En el moment en qu\u00e8 s&#8217;obtinguin les dades personals, s&#8217;informar\u00e0 a l&#8217;Usuari sobre la finalitat o finalitats espec\u00edfiques del tractament al qual se destinaran les dades personals; \u00e9s a dir, de l&#8217;\u00fas o usos que se&#8217;n donar\u00e0 a la informaci\u00f3 recopilada.<\/p>\n<p>Per\u00edodes de retenci\u00f3 de les dades personals<br \/>Les dades personals nom\u00e9s seran retingudes durant el temps m\u00ednim necessari pels fins del seu tractament i, en tot cas, \u00fanicament durant el seg\u00fcent termini: , o fins que l&#8217;Usuari sol\u00b7liciti la seva supressi\u00f3.<\/p>\n<p>En el moment en qu\u00e8 s&#8217;obtinguin les dades personals, s&#8217;informar\u00e0 a l&#8217;Usuari sobre el termini durant el qual es conservaran les dades personals o, quan aix\u00f2 no sigui possible, els criteris utilitzats per determinar aquest termini.<\/p>\n<p>Destinataris de les dades personals<br \/>Les dades personals de l&#8217;Usuari seran compartides amb els seg\u00fcents destinataris o categories de destinataris:<\/p>\n<p>En cas que el Responsable del tractament tingui la intenci\u00f3 de transferir dades personals a un tercer pa\u00eds o organitzaci\u00f3 internacional, en el moment en qu\u00e8 s&#8217;obtinguin les dades personals, s&#8217;informar\u00e0 a l&#8217;Usuari sobre el tercer pa\u00eds o organitzaci\u00f3 internacional al qual es t\u00e9 la intenci\u00f3 de transferir les dades, aix\u00ed com de l&#8217;exist\u00e8ncia o abs\u00e8ncia d&#8217;una decisi\u00f3 d&#8217;adequaci\u00f3 de la Comissi\u00f3.<\/p>\n<p>Dades personals de menors d&#8217;edat<br \/>Respectant el que estableixen els articles 8 del RGPD i 7 de la Llei Org\u00e0nica 3\/2018, de 5 de desembre, de Protecci\u00f3 de Dades Personals i garantia dels drets digitals, nom\u00e9s els majors de 14 anys podran atorgar el seu consentiment per al tractament de les seves dades personals de manera l\u00edcita per Farm\u00e0cia Mila. Si es tracta d&#8217;un menor de 14 anys, ser\u00e0 necessari el consentiment dels pares o tutors per al tractament, i aquest nom\u00e9s es considerar\u00e0 l\u00edcit en la mesura en qu\u00e8 els mateixos l&#8217;hagin autoritzat.<\/p>\n<p>Secret i seguretat de les dades personals<br \/>Farm\u00e0cia Mila es compromet a adoptar les mesures t\u00e8cniques i organitzatives necess\u00e0ries, segons el nivell de seguretat adequat al risc de les dades recollides, de manera que es garanteixi la seguretat de les dades de car\u00e0cter personal i s&#8217;eviti la destrucci\u00f3, p\u00e8rdua o alteraci\u00f3 accidental o il\u00b7l\u00edcita de dades personals transmeses, conservades o tractades d&#8217;una altra manera, o la comunicaci\u00f3 o acc\u00e9s no autoritzats a aquestes dades.<\/p>\n<p>El Lloc Web compta amb un certificat SSL (Secure Socket Layer), que assegura que les dades personals es transmeten de manera segura i confidencial, en ser la transmissi\u00f3 de les dades entre el servidor i l&#8217;Usuari, i en retroalimentaci\u00f3, totalment xifrada o encriptada.<\/p>\n<p>No obstant aix\u00f2, degut a que Farm\u00e0cia Mila no pot garantir la inexpugnabilitat d&#8217;internet ni l&#8217;abs\u00e8ncia total de hackers o altres que accedeixin de manera fraudulenta a les dades personals, el Responsable del tractament es compromet a comunicar a l&#8217;Usuari sense dilaci\u00f3 indeguda quan es produeixi una violaci\u00f3 de la seguretat de les dades personals que sigui probable que entra\u00ef un alt risc per als drets i llibertats de les persones f\u00edsiques. Seguint el que estableix l&#8217;article 4 del RGPD, s&#8217;ent\u00e9n per violaci\u00f3 de la seguretat de les dades personals tota violaci\u00f3 de la seguretat que ocasioni la destrucci\u00f3, p\u00e8rdua o alteraci\u00f3 accidental o il\u00b7l\u00edcita de dades personals transmeses, conservades o tractades d&#8217;una altra manera, o la comunicaci\u00f3 o acc\u00e9s no autoritzats a aquestes dades.<\/p>\n<p>Les dades personals seran tractades com a confidencials pel Responsable del tractament, qui es compromet a informar de i a garantir mitjan\u00e7ant una obligaci\u00f3 legal o contractual que aquesta confidencialitat sigui respectada pels seus empleats, associats, i tota persona a la qual faci accessible la informaci\u00f3.<\/p>\n<p>Drets derivats del tractament de les dades personals<br \/>L&#8217;Usuari t\u00e9 sobre Farm\u00e0cia Mila i podr\u00e0, per tant, exercir davant del Responsable del tractament els seg\u00fcents drets reconeguts en el RGPD i la Llei Org\u00e0nica 3\/2018, de 5 de desembre, de Protecci\u00f3 de Dades Personals i garantia dels drets digitals:<\/p>\n<p>Dret d&#8217;acc\u00e9s: \u00c9s el dret de l&#8217;Usuari a obtenir confirmaci\u00f3 de si Farm\u00e0cia Mila est\u00e0 tractant o no les seves dades personals i, en cas afirmatiu, obtenir informaci\u00f3 sobre les seves dades concretes de car\u00e0cter personal i del tractament que Farm\u00e0cia Mila hagi realitzat o realitzi, aix\u00ed com, entre altra, de la informaci\u00f3 disponible sobre l&#8217;orig<\/p>\n<p>en d&#8217;aquestes dades i els destinataris de les comunicacions realitzades o previstes d&#8217;aquestes.<br \/>Dret de rectificaci\u00f3: \u00c9s el dret de l&#8217;Usuari a que es modifiquin les seves dades personals que resultin ser inexactes o, tenint en compte els fins del tractament, incomplertes.<br \/>Dret de supressi\u00f3 (&#8220;el dret a l&#8217;oblit&#8221;): \u00c9s el dret de l&#8217;Usuari, sempre que la legislaci\u00f3 vigent no estableixi el contrari, a obtenir la supressi\u00f3 de les seves dades personals quan aquestes ja no siguin necess\u00e0ries per als fins pels quals es van recollir o tractar; l&#8217;Usuari hagi retirat el seu consentiment al tractament i aquest no compti amb una altra base legal; l&#8217;Usuari s&#8217;oposi al tractament i no existeixi un altre motiu leg\u00edtim per continuar amb el mateix; les dades personals hagin estat tractades il\u00b7l\u00edcitament; les dades personals hagin de ser suprimides en compliment d&#8217;una obligaci\u00f3 legal; o les dades personals hagin estat obtingudes producte d&#8217;una oferta directa de serveis de la societat de la informaci\u00f3 a un menor de 14 anys. A m\u00e9s de suprimir les dades, el Responsable del tractament, tenint en compte la tecnologia disponible i el cost de la seva aplicaci\u00f3, haur\u00e0 d&#8217;adoptar mesures raonables per informar als responsables que estiguin tractant les dades personals de la sol\u00b7licitud de l&#8217;interessat de supressi\u00f3 de qualsevol enlla\u00e7 a aquestes dades personals.<br \/>Dret a la limitaci\u00f3 del tractament: \u00c9s el dret de l&#8217;Usuari a limitar el tractament de les seves dades personals. L&#8217;Usuari t\u00e9 dret a obtenir la limitaci\u00f3 del tractament quan impugni l&#8217;exactitud de les seves dades personals; el tractament sigui il\u00b7l\u00edcit; el Responsable del tractament ja no necessiti les dades personals, per\u00f2 l&#8217;Usuari ho necessiti per fer reclamacions; i quan l&#8217;Usuari s&#8217;hagi oposat al tractament.<br \/>Dret a la portabilitat de les dades: En cas que el tractament es faci per mitjans automatitzats, l&#8217;Usuari tindr\u00e0 dret a rebre del Responsable del tractament les seves dades personals en un format estructurat, d&#8217;\u00fas com\u00fa i lectura mec\u00e0nica, i a transmetre-los a un altre responsable del tractament. Sempre que sigui t\u00e8cnicament possible, el Responsable del tractament transmetr\u00e0 directament les dades a aquest altre responsable.<br \/>Dret d&#8217;oposici\u00f3: \u00c9s el dret de l&#8217;Usuari a que no es faci el tractament de les seves dades de car\u00e0cter personal o es cessi el tractament de les mateixes per part de Farm\u00e0cia Mila.<br \/>Dret a no ser a no ser objecte d&#8217;una decisi\u00f3 basada \u00fanicament en el tractament automatitzat, inclosa l&#8217;elaboraci\u00f3 de perfils: \u00c9s el dret de l&#8217;Usuari a no ser objecte d&#8217;una decisi\u00f3 individualitzada basada \u00fanicament en el tractament automatitzat de les seves dades personals, inclosa l&#8217;elaboraci\u00f3 de perfils, existent llevat que la legislaci\u00f3 vigent estableixi el contrari.<\/p>\n<p>Aix\u00ed doncs, l&#8217;Usuari podr\u00e0 exercir els seus drets mitjan\u00e7ant comunicaci\u00f3 escrita dirigida al Responsable del tractament amb la refer\u00e8ncia &#8220;RGPD-https:\/\/farmaciamila.cat\/ca\/&#8221;, especificant:<\/p>\n<p>Nom, cognoms de l&#8217;Usuari i c\u00f2pia del DNI. En els casos en qu\u00e8 s&#8217;admeti la representaci\u00f3, ser\u00e0 tamb\u00e9 necess\u00e0ria la identificaci\u00f3 pel mateix mitj\u00e0 de la persona que representa a l&#8217;Usuari, aix\u00ed com el document acreditatiu de la representaci\u00f3. La fotoc\u00f2pia del DNI podr\u00e0 ser substitu\u00efda, per qualsevol altre mitj\u00e0 v\u00e0lid en dret que acrediti la identitat.<br \/>Petici\u00f3 amb els motius espec\u00edfics de la sol\u00b7licitud o informaci\u00f3 a la qual es vol accedir.<br \/>Domicili a efecte de notificacions.<br \/>Data i signatura del sol\u00b7licitant.<br \/>Tot document que acrediti la petici\u00f3 que formula.<br \/>Aquesta sol\u00b7licitud i tot altre document adjunt podr\u00e0 enviar-se a la seg\u00fcent adre\u00e7a i\/o correu electr\u00f2nic:<\/p>\n<p>Adre\u00e7a postal: Passeig de la Muntanya, 74, 08402 Granollers<\/p>\n<p>Correu electr\u00f2nic: info@farmaciamila.cat<\/p>\n<p>Enlla\u00e7os a llocs web de tercers<br \/>El Lloc Web pot incloure hipervincles o enlla\u00e7os que permetin accedir a p\u00e0gines web de tercers diferents de Farm\u00e0cia Mila, i que per tant no s\u00f3n operats per Farm\u00e0cia Mila. Els titulars d&#8217;aquests llocs web disposaran de les seves pr\u00f2pies pol\u00edtiques de protecci\u00f3 de dades, sent ells mateixos, en cada cas, responsables dels seus propis fitxers i de les seves pr\u00f2pies pr\u00e0ctiques de privacitat.<\/p>\n<p>Reclamacions davant l&#8217;autoritat de control<br \/>En cas que l&#8217;Usuari consideri que existeix un problema o infracci\u00f3 de la normativa vigent en la forma en qu\u00e8 s&#8217;estan tractant les seves dades personals, tindr\u00e0 dret a la tutela judicial efectiva i a presentar una reclamaci\u00f3 davant una autoritat de control, en particular, en l&#8217;Estat en qu\u00e8 tingui la seva resid\u00e8ncia habitual, lloc de treball o lloc de la suposada infracci\u00f3. En el cas d&#8217;Espanya, l&#8217;autoritat de control \u00e9s l&#8217;Ag\u00e8ncia Espanyola de Protecci\u00f3 de Dades (http:\/\/www.agpd.es).<\/p>\n<p>II. ACCEPTACI\u00d3 I CANVIS EN AQUESTA POL\u00cdTICA DE PRIVACITAT<br \/>\u00c9s necessari que l&#8217;Usuari hagi llegit i estigui conforme amb les condicions sobre la protecci\u00f3 de dades de car\u00e0cter personal contingudes en aquesta Pol\u00edtica de Privacitat, aix\u00ed com que accepti el tractament de les seves dades personals perqu\u00e8 el Responsable del tractament pugui procedir al mateix en la forma, durant<\/p>\n<p>els terminis i amb les finalitats indicats. L&#8217;\u00fas del Lloc Web implicar\u00e0 l&#8217;acceptaci\u00f3 de la Pol\u00edtica de Privacitat del mateix.<\/p>\n<p>Farm\u00e0cia Mila es reserva el dret a modificar la present pol\u00edtica per adaptar-la a novetats legislatives o jurisprudencials, aix\u00ed com a pr\u00e0ctiques de la ind\u00fastria. En aquests sup\u00f2sits, el Prestador anunciar\u00e0 en aquesta p\u00e0gina els canvis introdu\u00efts amb pr\u00e8via antelaci\u00f3 a la seva posada en pr\u00e0ctica.<\/p>\n<p>\u00daltima actualitzaci\u00f3: 17 de juliol de 2018.<\/p>\n\n","protected":false},"excerpt":{"rendered":"","protected":false},"author":1,"featured_media":0,"parent":0,"menu_order":0,"comment_status":"closed","ping_status":"closed","template":"","meta":{"footnotes":""},"class_list":["post-1113","page","type-page","status-publish","hentry"],"yoast_head":"<!-- This site is optimized with the Yoast SEO plugin v27.3 - https:\/\/yoast.com\/product\/yoast-seo-wordpress\/ -->\n<title>Pol\u00edtica de privacitat &#8211; Farmacia Mila | Sempre al teu costat<\/title>\n<meta name=\"robots\" content=\"noindex, nofollow\" \/>\n<meta property=\"og:locale\" content=\"ca_ES\" \/>\n<meta property=\"og:type\" content=\"article\" \/>\n<meta property=\"og:title\" content=\"Pol\u00edtica de privacitat &#8211; Farmacia Mila | Sempre al teu costat\" \/>\n<meta property=\"og:url\" content=\"https:\/\/farmaciamila.cat\/ca\/politica-de-privacitat\/\" \/>\n<meta property=\"og:site_name\" content=\"Farmacia Mila | Sempre al teu costat\" \/>\n<meta property=\"article:publisher\" content=\"https:\/\/www.facebook.com\/farmaciamilagranollers\/\" \/>\n<meta property=\"article:modified_time\" content=\"2025-04-17T15:49:45+00:00\" \/>\n<meta name=\"twitter:card\" content=\"summary_large_image\" \/>\n<meta name=\"twitter:label1\" content=\"Temps estimat de lectura\" \/>\n\t<meta name=\"twitter:data1\" content=\"14 minuts\" \/>\n<script type=\"application\/ld+json\" class=\"yoast-schema-graph\">{\"@context\":\"https:\\\/\\\/schema.org\",\"@graph\":[{\"@type\":\"WebPage\",\"@id\":\"https:\\\/\\\/farmaciamila.cat\\\/ca\\\/politica-de-privacitat\\\/\",\"url\":\"https:\\\/\\\/farmaciamila.cat\\\/ca\\\/politica-de-privacitat\\\/\",\"name\":\"Pol\u00edtica de privacitat &#8211; Farmacia Mila | Sempre al teu costat\",\"isPartOf\":{\"@id\":\"https:\\\/\\\/farmaciamila.cat\\\/ca\\\/#website\"},\"datePublished\":\"2024-04-19T17:57:55+00:00\",\"dateModified\":\"2025-04-17T15:49:45+00:00\",\"breadcrumb\":{\"@id\":\"https:\\\/\\\/farmaciamila.cat\\\/ca\\\/politica-de-privacitat\\\/#breadcrumb\"},\"inLanguage\":\"ca\",\"potentialAction\":[{\"@type\":\"ReadAction\",\"target\":[\"https:\\\/\\\/farmaciamila.cat\\\/ca\\\/politica-de-privacitat\\\/\"]}]},{\"@type\":\"BreadcrumbList\",\"@id\":\"https:\\\/\\\/farmaciamila.cat\\\/ca\\\/politica-de-privacitat\\\/#breadcrumb\",\"itemListElement\":[{\"@type\":\"ListItem\",\"position\":1,\"name\":\"Home\",\"item\":\"https:\\\/\\\/farmaciamila.cat\\\/ca\\\/\"},{\"@type\":\"ListItem\",\"position\":2,\"name\":\"Pol\u00edtica de privacitat\"}]},{\"@type\":\"WebSite\",\"@id\":\"https:\\\/\\\/farmaciamila.cat\\\/ca\\\/#website\",\"url\":\"https:\\\/\\\/farmaciamila.cat\\\/ca\\\/\",\"name\":\"Farmacia Mila | Sempre al teu costat\",\"description\":\"Tenim cura de tu i dels teus\",\"publisher\":{\"@id\":\"https:\\\/\\\/farmaciamila.cat\\\/ca\\\/#organization\"},\"potentialAction\":[{\"@type\":\"SearchAction\",\"target\":{\"@type\":\"EntryPoint\",\"urlTemplate\":\"https:\\\/\\\/farmaciamila.cat\\\/ca\\\/?s={search_term_string}\"},\"query-input\":{\"@type\":\"PropertyValueSpecification\",\"valueRequired\":true,\"valueName\":\"search_term_string\"}}],\"inLanguage\":\"ca\"},{\"@type\":\"Organization\",\"@id\":\"https:\\\/\\\/farmaciamila.cat\\\/ca\\\/#organization\",\"name\":\"Farmacia Mila\",\"url\":\"https:\\\/\\\/farmaciamila.cat\\\/ca\\\/\",\"logo\":{\"@type\":\"ImageObject\",\"inLanguage\":\"ca\",\"@id\":\"https:\\\/\\\/farmaciamila.cat\\\/ca\\\/#\\\/schema\\\/logo\\\/image\\\/\",\"url\":\"https:\\\/\\\/farmaciamila.cat\\\/wp-content\\\/uploads\\\/2020\\\/06\\\/logo_quadrat.png\",\"contentUrl\":\"https:\\\/\\\/farmaciamila.cat\\\/wp-content\\\/uploads\\\/2020\\\/06\\\/logo_quadrat.png\",\"width\":500,\"height\":500,\"caption\":\"Farmacia Mila\"},\"image\":{\"@id\":\"https:\\\/\\\/farmaciamila.cat\\\/ca\\\/#\\\/schema\\\/logo\\\/image\\\/\"},\"sameAs\":[\"https:\\\/\\\/www.facebook.com\\\/farmaciamilagranollers\\\/\",\"https:\\\/\\\/www.instagram.com\\\/farmacia.mila\\\/\"]}]}<\/script>\n<!-- \/ Yoast SEO plugin. -->","yoast_head_json":{"title":"Pol\u00edtica de privacitat &#8211; Farmacia Mila | Sempre al teu costat","robots":{"index":"noindex","follow":"nofollow"},"og_locale":"ca_ES","og_type":"article","og_title":"Pol\u00edtica de privacitat &#8211; Farmacia Mila | Sempre al teu costat","og_url":"https:\/\/farmaciamila.cat\/ca\/politica-de-privacitat\/","og_site_name":"Farmacia Mila | Sempre al teu costat","article_publisher":"https:\/\/www.facebook.com\/farmaciamilagranollers\/","article_modified_time":"2025-04-17T15:49:45+00:00","twitter_card":"summary_large_image","twitter_misc":{"Temps estimat de lectura":"14 minuts"},"schema":{"@context":"https:\/\/schema.org","@graph":[{"@type":"WebPage","@id":"https:\/\/farmaciamila.cat\/ca\/politica-de-privacitat\/","url":"https:\/\/farmaciamila.cat\/ca\/politica-de-privacitat\/","name":"Pol\u00edtica de privacitat &#8211; Farmacia Mila | Sempre al teu costat","isPartOf":{"@id":"https:\/\/farmaciamila.cat\/ca\/#website"},"datePublished":"2024-04-19T17:57:55+00:00","dateModified":"2025-04-17T15:49:45+00:00","breadcrumb":{"@id":"https:\/\/farmaciamila.cat\/ca\/politica-de-privacitat\/#breadcrumb"},"inLanguage":"ca","potentialAction":[{"@type":"ReadAction","target":["https:\/\/farmaciamila.cat\/ca\/politica-de-privacitat\/"]}]},{"@type":"BreadcrumbList","@id":"https:\/\/farmaciamila.cat\/ca\/politica-de-privacitat\/#breadcrumb","itemListElement":[{"@type":"ListItem","position":1,"name":"Home","item":"https:\/\/farmaciamila.cat\/ca\/"},{"@type":"ListItem","position":2,"name":"Pol\u00edtica de privacitat"}]},{"@type":"WebSite","@id":"https:\/\/farmaciamila.cat\/ca\/#website","url":"https:\/\/farmaciamila.cat\/ca\/","name":"Farmacia Mila | Sempre al teu costat","description":"Tenim cura de tu i dels teus","publisher":{"@id":"https:\/\/farmaciamila.cat\/ca\/#organization"},"potentialAction":[{"@type":"SearchAction","target":{"@type":"EntryPoint","urlTemplate":"https:\/\/farmaciamila.cat\/ca\/?s={search_term_string}"},"query-input":{"@type":"PropertyValueSpecification","valueRequired":true,"valueName":"search_term_string"}}],"inLanguage":"ca"},{"@type":"Organization","@id":"https:\/\/farmaciamila.cat\/ca\/#organization","name":"Farmacia Mila","url":"https:\/\/farmaciamila.cat\/ca\/","logo":{"@type":"ImageObject","inLanguage":"ca","@id":"https:\/\/farmaciamila.cat\/ca\/#\/schema\/logo\/image\/","url":"https:\/\/farmaciamila.cat\/wp-content\/uploads\/2020\/06\/logo_quadrat.png","contentUrl":"https:\/\/farmaciamila.cat\/wp-content\/uploads\/2020\/06\/logo_quadrat.png","width":500,"height":500,"caption":"Farmacia Mila"},"image":{"@id":"https:\/\/farmaciamila.cat\/ca\/#\/schema\/logo\/image\/"},"sameAs":["https:\/\/www.facebook.com\/farmaciamilagranollers\/","https:\/\/www.instagram.com\/farmacia.mila\/"]}]}},"_links":{"self":[{"href":"https:\/\/farmaciamila.cat\/ca\/wp-json\/wp\/v2\/pages\/1113","targetHints":{"allow":["GET"]}}],"collection":[{"href":"https:\/\/farmaciamila.cat\/ca\/wp-json\/wp\/v2\/pages"}],"about":[{"href":"https:\/\/farmaciamila.cat\/ca\/wp-json\/wp\/v2\/types\/page"}],"author":[{"embeddable":true,"href":"https:\/\/farmaciamila.cat\/ca\/wp-json\/wp\/v2\/users\/1"}],"replies":[{"embeddable":true,"href":"https:\/\/farmaciamila.cat\/ca\/wp-json\/wp\/v2\/comments?post=1113"}],"version-history":[{"count":4,"href":"https:\/\/farmaciamila.cat\/ca\/wp-json\/wp\/v2\/pages\/1113\/revisions"}],"predecessor-version":[{"id":1138,"href":"https:\/\/farmaciamila.cat\/ca\/wp-json\/wp\/v2\/pages\/1113\/revisions\/1138"}],"wp:attachment":[{"href":"https:\/\/farmaciamila.cat\/ca\/wp-json\/wp\/v2\/media?parent=1113"}],"curies":[{"name":"wp","href":"https:\/\/api.w.org\/{rel}","templated":true}]}}